{"id":124,"date":"2024-01-25T19:37:19","date_gmt":"2024-01-25T18:37:19","guid":{"rendered":"https:\/\/otakustyle08.com\/?page_id=124"},"modified":"2024-03-10T11:34:07","modified_gmt":"2024-03-10T10:34:07","slug":"a-propos","status":"publish","type":"page","link":"https:\/\/otakustyle08.com\/?page_id=124","title":{"rendered":"A Propos"},"content":{"rendered":"\t\t<div data-elementor-type=\"wp-page\" data-elementor-id=\"124\" class=\"elementor elementor-124\" data-elementor-post-type=\"page\">\n\t\t\t\t<div class=\"elementor-element elementor-element-2e37a23 e-con-full e-flex wpr-particle-no wpr-jarallax-no wpr-parallax-no wpr-sticky-section-no e-con e-parent\" data-id=\"2e37a23\" data-element_type=\"container\" data-settings=\"{&quot;background_background&quot;:&quot;classic&quot;}\">\n\t\t\t\t<\/div>\n\t\t<div class=\"elementor-element elementor-element-57946250 e-con-full e-flex wpr-particle-no wpr-jarallax-no wpr-parallax-no wpr-sticky-section-no e-con e-parent\" data-id=\"57946250\" data-element_type=\"container\" data-settings=\"{&quot;background_background&quot;:&quot;gradient&quot;}\">\n\t\t<div class=\"elementor-element elementor-element-6a4e33a0 e-con-full e-flex wpr-particle-no wpr-jarallax-no wpr-parallax-no wpr-sticky-section-no e-con e-child\" data-id=\"6a4e33a0\" data-element_type=\"container\">\n\t\t\t\t<div class=\"elementor-element elementor-element-575fddcf elementor-widget__width-initial elementor-widget-tablet__width-inherit elementor-widget elementor-widget-heading\" data-id=\"575fddcf\" data-element_type=\"widget\" data-widget_type=\"heading.default\">\n\t\t\t\t<div class=\"elementor-widget-container\">\n\t\t\t\t\t<h2 class=\"elementor-heading-title elementor-size-default\">Notre Histoire<\/h2>\t\t\t\t<\/div>\n\t\t\t\t<\/div>\n\t\t\t\t<div class=\"elementor-element elementor-element-32f6c71d elementor-widget__width-initial elementor-widget-tablet__width-inherit elementor-widget elementor-widget-text-editor\" data-id=\"32f6c71d\" data-element_type=\"widget\" data-widget_type=\"text-editor.default\">\n\t\t\t\t<div class=\"elementor-widget-container\">\n\t\t\t\t\t\t\t\t\t<p>Otaku&#8217;Style a \u00e9t\u00e9 fond\u00e9e sur la passion pour la diversit\u00e9 culturelle et l&#8217;univers geek. Nous sommes n\u00e9s de l&#8217;id\u00e9e de cr\u00e9er un espace o\u00f9 les passionn\u00e9s de la culture asiatique, am\u00e9ricaine et europ\u00e9enne, ainsi que les amateurs de geekerie, peuvent se retrouver et s&#8217;exprimer pleinement.<\/p>\t\t\t\t\t\t\t\t<\/div>\n\t\t\t\t<\/div>\n\t\t\t\t<\/div>\n\t\t<div class=\"elementor-element elementor-element-760f731b e-flex e-con-boxed wpr-particle-no wpr-jarallax-no wpr-parallax-no wpr-sticky-section-no e-con e-child\" data-id=\"760f731b\" data-element_type=\"container\">\n\t\t\t\t\t<div class=\"e-con-inner\">\n\t\t\t\t<div class=\"elementor-element elementor-element-42cece85 elementor-invisible elementor-widget elementor-widget-icon-box\" data-id=\"42cece85\" data-element_type=\"widget\" data-settings=\"{&quot;_animation&quot;:&quot;fadeInUp&quot;}\" data-widget_type=\"icon-box.default\">\n\t\t\t\t<div class=\"elementor-widget-container\">\n\t\t\t\t\t\t\t<div class=\"elementor-icon-box-wrapper\">\n\n\t\t\t\n\t\t\t\t\t\t<div class=\"elementor-icon-box-content\">\n\n\t\t\t\t\t\t\t\t\t<h2 class=\"elementor-icon-box-title\">\n\t\t\t\t\t\t<span  >\n\t\t\t\t\t\t\tNos Valeurs\t\t\t\t\t\t<\/span>\n\t\t\t\t\t<\/h2>\n\t\t\t\t\n\t\t\t\t\t\t\t\t\t<p class=\"elementor-icon-box-description\">\n\t\t\t\t\t\tChez Otaku'Style, nous croyons en la diversit\u00e9, la cr\u00e9ativit\u00e9 et l'innovation. Nous nous effor\u00e7ons de promouvoir la culture geek et multiculturelle tout en respectant nos clients, nos partenaires et notre environnement.\t\t\t\t\t<\/p>\n\t\t\t\t\n\t\t\t<\/div>\n\t\t\t\n\t\t<\/div>\n\t\t\t\t\t\t<\/div>\n\t\t\t\t<\/div>\n\t\t\t\t<div class=\"elementor-element elementor-element-2c78461 elementor-invisible elementor-widget elementor-widget-icon-box\" data-id=\"2c78461\" data-element_type=\"widget\" data-settings=\"{&quot;_animation&quot;:&quot;fadeInUp&quot;}\" data-widget_type=\"icon-box.default\">\n\t\t\t\t<div class=\"elementor-widget-container\">\n\t\t\t\t\t\t\t<div class=\"elementor-icon-box-wrapper\">\n\n\t\t\t\n\t\t\t\t\t\t<div class=\"elementor-icon-box-content\">\n\n\t\t\t\t\t\t\t\t\t<h2 class=\"elementor-icon-box-title\">\n\t\t\t\t\t\t<span  >\n\t\t\t\t\t\t\tNotre Mission\t\t\t\t\t\t<\/span>\n\t\t\t\t\t<\/h2>\n\t\t\t\t\n\t\t\t\t\t\t\t\t\t<p class=\"elementor-icon-box-description\">\n\t\t\t\t\t\tNotre mission chez Otaku'Style est de ravir nos clients en leur offrant un assortiment vari\u00e9 de produits culturels et geek de haute qualit\u00e9. Nous nous engageons \u00e0 fournir un service exceptionnel et \u00e0 cr\u00e9er une exp\u00e9rience d'achat unique pour chaque visiteur de notre magasin.\t\t\t\t\t<\/p>\n\t\t\t\t\n\t\t\t<\/div>\n\t\t\t\n\t\t<\/div>\n\t\t\t\t\t\t<\/div>\n\t\t\t\t<\/div>\n\t\t\t\t<div class=\"elementor-element elementor-element-37b31119 elementor-invisible elementor-widget elementor-widget-icon-box\" data-id=\"37b31119\" data-element_type=\"widget\" data-settings=\"{&quot;_animation&quot;:&quot;fadeInUp&quot;}\" data-widget_type=\"icon-box.default\">\n\t\t\t\t<div class=\"elementor-widget-container\">\n\t\t\t\t\t\t\t<div class=\"elementor-icon-box-wrapper\">\n\n\t\t\t\n\t\t\t\t\t\t<div class=\"elementor-icon-box-content\">\n\n\t\t\t\t\t\t\t\t\t<h2 class=\"elementor-icon-box-title\">\n\t\t\t\t\t\t<span  >\n\t\t\t\t\t\t\tNotre Offre\t\t\t\t\t\t<\/span>\n\t\t\t\t\t<\/h2>\n\t\t\t\t\n\t\t\t\t\t\t\t\t\t<p class=\"elementor-icon-box-description\">\n\t\t\t\t\t\tOtaku'Style offre une exp\u00e9rience unique en rassemblant une \u00e9picerie multiculturelle, une vari\u00e9t\u00e9 de produits geek, des dessins personnalis\u00e9s inspir\u00e9s de la culture manga et anim\u00e9e, ainsi que des services d'impression 3D.\t\t\t\t\t<\/p>\n\t\t\t\t\n\t\t\t<\/div>\n\t\t\t\n\t\t<\/div>\n\t\t\t\t\t\t<\/div>\n\t\t\t\t<\/div>\n\t\t\t\t\t<\/div>\n\t\t\t\t<\/div>\n\t\t\t\t<\/div>\n\t\t\t\t<\/div>\n\t\t","protected":false},"excerpt":{"rendered":"<p>Notre Histoire Otaku&#8217;Style a \u00e9t\u00e9 fond\u00e9e sur la passion pour la diversit\u00e9 culturelle et l&#8217;univers geek. Nous sommes n\u00e9s de l&#8217;id\u00e9e de cr\u00e9er un espace o\u00f9 les passionn\u00e9s de la culture asiatique, am\u00e9ricaine et europ\u00e9enne, ainsi que les amateurs de geekerie, peuvent se retrouver et s&#8217;exprimer pleinement. Nos Valeurs Chez Otaku&#8217;Style, nous croyons en la diversit\u00e9, la cr\u00e9ativit\u00e9 et l&#8217;innovation. Nous nous effor\u00e7ons de promouvoir la culture geek et multiculturelle tout en respectant nos clients, nos partenaires et notre environnement. Notre Mission Notre mission chez Otaku&#8217;Style est de ravir nos clients en leur offrant un assortiment vari\u00e9 de produits culturels et geek de haute qualit\u00e9. Nous nous engageons \u00e0 fournir un service exceptionnel et \u00e0 cr\u00e9er une exp\u00e9rience d&#8217;achat unique pour chaque visiteur de notre magasin. Notre Offre Otaku&#8217;Style offre une exp\u00e9rience unique en rassemblant une \u00e9picerie multiculturelle, une vari\u00e9t\u00e9 de produits geek, des dessins personnalis\u00e9s inspir\u00e9s de la culture manga et anim\u00e9e, ainsi que des services d&#8217;impression 3D.<\/p>\n","protected":false},"author":1,"featured_media":298,"parent":0,"menu_order":0,"comment_status":"closed","ping_status":"closed","template":"elementor_header_footer","meta":{"_EventAllDay":false,"_EventTimezone":"","_EventStartDate":"","_EventEndDate":"","_EventStartDateUTC":"","_EventEndDateUTC":"","_EventShowMap":false,"_EventShowMapLink":false,"_EventURL":"","_EventCost":"","_EventCostDescription":"","_EventCurrencySymbol":"","_EventCurrencyCode":"","_EventCurrencyPosition":"","_EventDateTimeSeparator":"","_EventTimeRangeSeparator":"","_EventOrganizerID":[],"_EventVenueID":[],"_OrganizerEmail":"","_OrganizerPhone":"","_OrganizerWebsite":"","_VenueAddress":"","_VenueCity":"","_VenueCountry":"","_VenueProvince":"","_VenueState":"","_VenueZip":"","_VenuePhone":"","_VenueURL":"","_VenueStateProvince":"","_VenueLat":"","_VenueLng":"","_VenueShowMap":false,"_VenueShowMapLink":false,"footnotes":""},"class_list":["post-124","page","type-page","status-publish","has-post-thumbnail","hentry"],"yoast_head":"<!-- This site is optimized with the Yoast SEO Premium plugin v22.2 (Yoast SEO v25.9) - https:\/\/yoast.com\/wordpress\/plugins\/seo\/ -->\n<title>A Propos - Otaku&#039;Style - Ardennes<\/title>\n<meta name=\"robots\" content=\"index, follow, max-snippet:-1, max-image-preview:large, max-video-preview:-1\" \/>\n<link rel=\"canonical\" href=\"https:\/\/otakustyle08.com\/?page_id=124\" \/>\n<meta property=\"og:locale\" content=\"fr_FR\" \/>\n<meta property=\"og:type\" content=\"article\" \/>\n<meta property=\"og:title\" content=\"A Propos\" \/>\n<meta property=\"og:description\" content=\"Notre Histoire Otaku&#8217;Style a \u00e9t\u00e9 fond\u00e9e sur la passion pour la diversit\u00e9 culturelle et l&#8217;univers geek. Nous sommes n\u00e9s de l&#8217;id\u00e9e de cr\u00e9er un espace o\u00f9 les passionn\u00e9s de la culture asiatique, am\u00e9ricaine et europ\u00e9enne, ainsi que les amateurs de geekerie, peuvent se retrouver et s&#8217;exprimer pleinement. Nos Valeurs Chez Otaku&#8217;Style, nous croyons en la diversit\u00e9, la cr\u00e9ativit\u00e9 et l&#8217;innovation. Nous nous effor\u00e7ons de promouvoir la culture geek et multiculturelle tout en respectant nos clients, nos partenaires et notre environnement. Notre Mission Notre mission chez Otaku&#8217;Style est de ravir nos clients en leur offrant un assortiment vari\u00e9 de produits culturels et geek de haute qualit\u00e9. Nous nous engageons \u00e0 fournir un service exceptionnel et \u00e0 cr\u00e9er une exp\u00e9rience d&#8217;achat unique pour chaque visiteur de notre magasin. Notre Offre Otaku&#8217;Style offre une exp\u00e9rience unique en rassemblant une \u00e9picerie multiculturelle, une vari\u00e9t\u00e9 de produits geek, des dessins personnalis\u00e9s inspir\u00e9s de la culture manga et anim\u00e9e, ainsi que des services d&#8217;impression 3D.\" \/>\n<meta property=\"og:url\" content=\"https:\/\/otakustyle08.com\/?page_id=124\" \/>\n<meta property=\"og:site_name\" content=\"Otaku&#039;Style\" \/>\n<meta property=\"article:modified_time\" content=\"2024-03-10T10:34:07+00:00\" \/>\n<meta property=\"og:image\" content=\"https:\/\/otakustyle08.com\/wp-content\/uploads\/2024\/01\/cropped-Logo_Otaku_Style_V2-1-e1706278759277-1.png\" \/>\n\t<meta property=\"og:image:width\" content=\"512\" \/>\n\t<meta property=\"og:image:height\" content=\"512\" \/>\n\t<meta property=\"og:image:type\" content=\"image\/png\" \/>\n<meta name=\"twitter:card\" content=\"summary_large_image\" \/>\n<meta name=\"twitter:label1\" content=\"Dur\u00e9e de lecture estim\u00e9e\" \/>\n\t<meta name=\"twitter:data1\" content=\"1 minute\" \/>\n<script type=\"application\/ld+json\" class=\"yoast-schema-graph\">{\"@context\":\"https:\/\/schema.org\",\"@graph\":[{\"@type\":\"WebPage\",\"@id\":\"https:\/\/otakustyle08.com\/?page_id=124\",\"url\":\"https:\/\/otakustyle08.com\/?page_id=124\",\"name\":\"A Propos - Otaku&#039;Style - Ardennes\",\"isPartOf\":{\"@id\":\"https:\/\/otakustyle08.com\/#website\"},\"primaryImageOfPage\":{\"@id\":\"https:\/\/otakustyle08.com\/?page_id=124#primaryimage\"},\"image\":{\"@id\":\"https:\/\/otakustyle08.com\/?page_id=124#primaryimage\"},\"thumbnailUrl\":\"https:\/\/otakustyle08.com\/wp-content\/uploads\/2024\/01\/cropped-Logo_Otaku_Style_V2-1-e1706278759277-1.png\",\"datePublished\":\"2024-01-25T18:37:19+00:00\",\"dateModified\":\"2024-03-10T10:34:07+00:00\",\"breadcrumb\":{\"@id\":\"https:\/\/otakustyle08.com\/?page_id=124#breadcrumb\"},\"inLanguage\":\"fr-FR\",\"potentialAction\":[{\"@type\":\"ReadAction\",\"target\":[\"https:\/\/otakustyle08.com\/?page_id=124\"]}]},{\"@type\":\"ImageObject\",\"inLanguage\":\"fr-FR\",\"@id\":\"https:\/\/otakustyle08.com\/?page_id=124#primaryimage\",\"url\":\"https:\/\/otakustyle08.com\/wp-content\/uploads\/2024\/01\/cropped-Logo_Otaku_Style_V2-1-e1706278759277-1.png\",\"contentUrl\":\"https:\/\/otakustyle08.com\/wp-content\/uploads\/2024\/01\/cropped-Logo_Otaku_Style_V2-1-e1706278759277-1.png\",\"width\":512,\"height\":512},{\"@type\":\"BreadcrumbList\",\"@id\":\"https:\/\/otakustyle08.com\/?page_id=124#breadcrumb\",\"itemListElement\":[{\"@type\":\"ListItem\",\"position\":1,\"name\":\"Accueil\",\"item\":\"https:\/\/otakustyle08.com\/\"},{\"@type\":\"ListItem\",\"position\":2,\"name\":\"A Propos\"}]},{\"@type\":\"WebSite\",\"@id\":\"https:\/\/otakustyle08.com\/#website\",\"url\":\"https:\/\/otakustyle08.com\/\",\"name\":\"Otaku&#039;Style\",\"description\":\"\",\"potentialAction\":[{\"@type\":\"SearchAction\",\"target\":{\"@type\":\"EntryPoint\",\"urlTemplate\":\"https:\/\/otakustyle08.com\/?s={search_term_string}\"},\"query-input\":{\"@type\":\"PropertyValueSpecification\",\"valueRequired\":true,\"valueName\":\"search_term_string\"}}],\"inLanguage\":\"fr-FR\"}]}<\/script>\n<!-- \/ Yoast SEO Premium plugin. -->","yoast_head_json":{"title":"A Propos - Otaku&#039;Style - Ardennes","robots":{"index":"index","follow":"follow","max-snippet":"max-snippet:-1","max-image-preview":"max-image-preview:large","max-video-preview":"max-video-preview:-1"},"canonical":"https:\/\/otakustyle08.com\/?page_id=124","og_locale":"fr_FR","og_type":"article","og_title":"A Propos","og_description":"Notre Histoire Otaku&#8217;Style a \u00e9t\u00e9 fond\u00e9e sur la passion pour la diversit\u00e9 culturelle et l&#8217;univers geek. Nous sommes n\u00e9s de l&#8217;id\u00e9e de cr\u00e9er un espace o\u00f9 les passionn\u00e9s de la culture asiatique, am\u00e9ricaine et europ\u00e9enne, ainsi que les amateurs de geekerie, peuvent se retrouver et s&#8217;exprimer pleinement. Nos Valeurs Chez Otaku&#8217;Style, nous croyons en la diversit\u00e9, la cr\u00e9ativit\u00e9 et l&#8217;innovation. Nous nous effor\u00e7ons de promouvoir la culture geek et multiculturelle tout en respectant nos clients, nos partenaires et notre environnement. Notre Mission Notre mission chez Otaku&#8217;Style est de ravir nos clients en leur offrant un assortiment vari\u00e9 de produits culturels et geek de haute qualit\u00e9. Nous nous engageons \u00e0 fournir un service exceptionnel et \u00e0 cr\u00e9er une exp\u00e9rience d&#8217;achat unique pour chaque visiteur de notre magasin. Notre Offre Otaku&#8217;Style offre une exp\u00e9rience unique en rassemblant une \u00e9picerie multiculturelle, une vari\u00e9t\u00e9 de produits geek, des dessins personnalis\u00e9s inspir\u00e9s de la culture manga et anim\u00e9e, ainsi que des services d&#8217;impression 3D.","og_url":"https:\/\/otakustyle08.com\/?page_id=124","og_site_name":"Otaku&#039;Style","article_modified_time":"2024-03-10T10:34:07+00:00","og_image":[{"width":512,"height":512,"url":"https:\/\/otakustyle08.com\/wp-content\/uploads\/2024\/01\/cropped-Logo_Otaku_Style_V2-1-e1706278759277-1.png","type":"image\/png"}],"twitter_card":"summary_large_image","twitter_misc":{"Dur\u00e9e de lecture estim\u00e9e":"1 minute"},"schema":{"@context":"https:\/\/schema.org","@graph":[{"@type":"WebPage","@id":"https:\/\/otakustyle08.com\/?page_id=124","url":"https:\/\/otakustyle08.com\/?page_id=124","name":"A Propos - Otaku&#039;Style - Ardennes","isPartOf":{"@id":"https:\/\/otakustyle08.com\/#website"},"primaryImageOfPage":{"@id":"https:\/\/otakustyle08.com\/?page_id=124#primaryimage"},"image":{"@id":"https:\/\/otakustyle08.com\/?page_id=124#primaryimage"},"thumbnailUrl":"https:\/\/otakustyle08.com\/wp-content\/uploads\/2024\/01\/cropped-Logo_Otaku_Style_V2-1-e1706278759277-1.png","datePublished":"2024-01-25T18:37:19+00:00","dateModified":"2024-03-10T10:34:07+00:00","breadcrumb":{"@id":"https:\/\/otakustyle08.com\/?page_id=124#breadcrumb"},"inLanguage":"fr-FR","potentialAction":[{"@type":"ReadAction","target":["https:\/\/otakustyle08.com\/?page_id=124"]}]},{"@type":"ImageObject","inLanguage":"fr-FR","@id":"https:\/\/otakustyle08.com\/?page_id=124#primaryimage","url":"https:\/\/otakustyle08.com\/wp-content\/uploads\/2024\/01\/cropped-Logo_Otaku_Style_V2-1-e1706278759277-1.png","contentUrl":"https:\/\/otakustyle08.com\/wp-content\/uploads\/2024\/01\/cropped-Logo_Otaku_Style_V2-1-e1706278759277-1.png","width":512,"height":512},{"@type":"BreadcrumbList","@id":"https:\/\/otakustyle08.com\/?page_id=124#breadcrumb","itemListElement":[{"@type":"ListItem","position":1,"name":"Accueil","item":"https:\/\/otakustyle08.com\/"},{"@type":"ListItem","position":2,"name":"A Propos"}]},{"@type":"WebSite","@id":"https:\/\/otakustyle08.com\/#website","url":"https:\/\/otakustyle08.com\/","name":"Otaku&#039;Style","description":"","potentialAction":[{"@type":"SearchAction","target":{"@type":"EntryPoint","urlTemplate":"https:\/\/otakustyle08.com\/?s={search_term_string}"},"query-input":{"@type":"PropertyValueSpecification","valueRequired":true,"valueName":"search_term_string"}}],"inLanguage":"fr-FR"}]}},"_links":{"self":[{"href":"https:\/\/otakustyle08.com\/index.php?rest_route=\/wp\/v2\/pages\/124","targetHints":{"allow":["GET"]}}],"collection":[{"href":"https:\/\/otakustyle08.com\/index.php?rest_route=\/wp\/v2\/pages"}],"about":[{"href":"https:\/\/otakustyle08.com\/index.php?rest_route=\/wp\/v2\/types\/page"}],"author":[{"embeddable":true,"href":"https:\/\/otakustyle08.com\/index.php?rest_route=\/wp\/v2\/users\/1"}],"replies":[{"embeddable":true,"href":"https:\/\/otakustyle08.com\/index.php?rest_route=%2Fwp%2Fv2%2Fcomments&post=124"}],"version-history":[{"count":25,"href":"https:\/\/otakustyle08.com\/index.php?rest_route=\/wp\/v2\/pages\/124\/revisions"}],"predecessor-version":[{"id":3732,"href":"https:\/\/otakustyle08.com\/index.php?rest_route=\/wp\/v2\/pages\/124\/revisions\/3732"}],"wp:featuredmedia":[{"embeddable":true,"href":"https:\/\/otakustyle08.com\/index.php?rest_route=\/wp\/v2\/media\/298"}],"wp:attachment":[{"href":"https:\/\/otakustyle08.com\/index.php?rest_route=%2Fwp%2Fv2%2Fmedia&parent=124"}],"curies":[{"name":"wp","href":"https:\/\/api.w.org\/{rel}","templated":true}]}}