{"id":126,"date":"2024-01-25T19:39:00","date_gmt":"2024-01-25T18:39:00","guid":{"rendered":"https:\/\/otakustyle08.com\/?page_id=126"},"modified":"2025-08-25T12:37:17","modified_gmt":"2025-08-25T10:37:17","slug":"qui-sommes-nous","status":"publish","type":"page","link":"https:\/\/otakustyle08.com\/?page_id=126","title":{"rendered":"Qui sommes-nous ?"},"content":{"rendered":"\t\t<div data-elementor-type=\"wp-page\" data-elementor-id=\"126\" class=\"elementor elementor-126\" data-elementor-post-type=\"page\">\n\t\t\t\t<div class=\"elementor-element elementor-element-ce182e3 e-con-full e-flex wpr-particle-no wpr-jarallax-no wpr-parallax-no wpr-sticky-section-no e-con e-parent\" data-id=\"ce182e3\" data-element_type=\"container\" data-settings=\"{&quot;background_background&quot;:&quot;classic&quot;}\">\n\t\t\t\t<\/div>\n\t\t<div class=\"elementor-element elementor-element-45a888ac e-flex e-con-boxed wpr-particle-no wpr-jarallax-no wpr-parallax-no wpr-sticky-section-no e-con e-parent\" data-id=\"45a888ac\" data-element_type=\"container\" data-settings=\"{&quot;background_background&quot;:&quot;classic&quot;}\">\n\t\t\t\t\t<div class=\"e-con-inner\">\n\t\t\t\t<div class=\"elementor-element elementor-element-560b0761 elementor-widget elementor-widget-heading\" data-id=\"560b0761\" data-element_type=\"widget\" data-widget_type=\"heading.default\">\n\t\t\t\t<div class=\"elementor-widget-container\">\n\t\t\t\t\t<h2 class=\"elementor-heading-title elementor-size-default\">Notre \u00e9quipe<\/h2>\t\t\t\t<\/div>\n\t\t\t\t<\/div>\n\t\t\t\t<div class=\"elementor-element elementor-element-687d38e elementor-widget elementor-widget-heading\" data-id=\"687d38e\" data-element_type=\"widget\" data-widget_type=\"heading.default\">\n\t\t\t\t<div class=\"elementor-widget-container\">\n\t\t\t\t\t<h5 class=\"elementor-heading-title elementor-size-default\">Pr\u00e9sentation de l'\u00e9quipe<\/h5>\t\t\t\t<\/div>\n\t\t\t\t<\/div>\n\t\t<div class=\"elementor-element elementor-element-6495363 e-con-full e-flex wpr-particle-no wpr-jarallax-no wpr-parallax-no wpr-sticky-section-no e-con e-child\" data-id=\"6495363\" data-element_type=\"container\">\n\t\t\t\t<div class=\"elementor-element elementor-element-7d138696 elementor-widget-tablet__width-initial elementor-widget-mobile__width-inherit elementor-widget__width-initial elementor-position-top elementor-widget elementor-widget-image-box\" data-id=\"7d138696\" data-element_type=\"widget\" data-widget_type=\"image-box.default\">\n\t\t\t\t<div class=\"elementor-widget-container\">\n\t\t\t\t\t<div class=\"elementor-image-box-wrapper\"><figure class=\"elementor-image-box-img\"><img fetchpriority=\"high\" decoding=\"async\" width=\"600\" height=\"601\" src=\"https:\/\/otakustyle08.com\/wp-content\/uploads\/2024\/03\/397908122_6753757098035173_3534310477016772053_n-1-e1709976523631.jpg\" class=\"elementor-animation-grow attachment-full size-full wp-image-3497\" alt=\"\" \/><\/figure><div class=\"elementor-image-box-content\"><h4 class=\"elementor-image-box-title\">Mildred STABLEWSKI-MOINE<\/h4><p class=\"elementor-image-box-description\">G\u00e9rante et Fondatrice Otaku'Style<\/p><\/div><\/div>\t\t\t\t<\/div>\n\t\t\t\t<\/div>\n\t\t\t\t<\/div>\n\t\t\t\t\t<\/div>\n\t\t\t\t<\/div>\n\t\t<div class=\"elementor-element elementor-element-97dcdec e-flex e-con-boxed wpr-particle-no wpr-jarallax-no wpr-parallax-no wpr-sticky-section-no e-con e-parent\" data-id=\"97dcdec\" data-element_type=\"container\">\n\t\t\t\t\t<div class=\"e-con-inner\">\n\t\t\t\t<div class=\"elementor-element elementor-element-d0e2c49 elementor-widget elementor-widget-text-editor\" data-id=\"d0e2c49\" data-element_type=\"widget\" data-widget_type=\"text-editor.default\">\n\t\t\t\t<div class=\"elementor-widget-container\">\n\t\t\t\t\t\t\t\t\t<p>D&#8217;autres personnes arriveront \u00e0 l&#8217;avenir \ud83d\ude01<\/p>\t\t\t\t\t\t\t\t<\/div>\n\t\t\t\t<\/div>\n\t\t\t\t\t<\/div>\n\t\t\t\t<\/div>\n\t\t\t\t<\/div>\n\t\t","protected":false},"excerpt":{"rendered":"<p>Notre \u00e9quipe Pr\u00e9sentation de l&#8217;\u00e9quipe Mildred STABLEWSKI-MOINE G\u00e9rante et Fondatrice Otaku&#8217;Style D&#8217;autres personnes arriveront \u00e0 l&#8217;avenir \ud83d\ude01<\/p>\n","protected":false},"author":1,"featured_media":0,"parent":0,"menu_order":0,"comment_status":"closed","ping_status":"closed","template":"elementor_header_footer","meta":{"_EventAllDay":false,"_EventTimezone":"","_EventStartDate":"","_EventEndDate":"","_EventStartDateUTC":"","_EventEndDateUTC":"","_EventShowMap":false,"_EventShowMapLink":false,"_EventURL":"","_EventCost":"","_EventCostDescription":"","_EventCurrencySymbol":"","_EventCurrencyCode":"","_EventCurrencyPosition":"","_EventDateTimeSeparator":"","_EventTimeRangeSeparator":"","_EventOrganizerID":[],"_EventVenueID":[],"_OrganizerEmail":"","_OrganizerPhone":"","_OrganizerWebsite":"","_VenueAddress":"","_VenueCity":"","_VenueCountry":"","_VenueProvince":"","_VenueState":"","_VenueZip":"","_VenuePhone":"","_VenueURL":"","_VenueStateProvince":"","_VenueLat":"","_VenueLng":"","_VenueShowMap":false,"_VenueShowMapLink":false,"footnotes":""},"class_list":["post-126","page","type-page","status-publish","hentry"],"yoast_head":"<!-- This site is optimized with the Yoast SEO Premium plugin v22.2 (Yoast SEO v25.9) - https:\/\/yoast.com\/wordpress\/plugins\/seo\/ -->\n<title>Qui sommes-nous ? - Otaku&#039;Style - Ardennes<\/title>\n<meta name=\"description\" content=\"D\u00e9couvrez notre identit\u00e9, notre mission, nos valeurs et notre engagement envers nos clients. En apprendre plus sur notre \u00e9quipe et notre histoire\" \/>\n<meta name=\"robots\" content=\"index, follow, max-snippet:-1, max-image-preview:large, max-video-preview:-1\" \/>\n<link rel=\"canonical\" href=\"https:\/\/otakustyle08.com\/?page_id=126\" \/>\n<meta property=\"og:locale\" content=\"fr_FR\" \/>\n<meta property=\"og:type\" content=\"article\" \/>\n<meta property=\"og:title\" content=\"Qui sommes-nous ?\" \/>\n<meta property=\"og:description\" content=\"D\u00e9couvrez notre identit\u00e9, notre mission, nos valeurs et notre engagement envers nos clients. En apprendre plus sur notre \u00e9quipe et notre histoire\" \/>\n<meta property=\"og:url\" content=\"https:\/\/otakustyle08.com\/?page_id=126\" \/>\n<meta property=\"og:site_name\" content=\"Otaku&#039;Style\" \/>\n<meta property=\"article:modified_time\" content=\"2025-08-25T10:37:17+00:00\" \/>\n<meta property=\"og:image\" content=\"https:\/\/otakustyle08.com\/wp-content\/uploads\/2024\/03\/397908122_6753757098035173_3534310477016772053_n-1-e1709976523631.jpg\" \/>\n\t<meta property=\"og:image:width\" content=\"600\" \/>\n\t<meta property=\"og:image:height\" content=\"601\" \/>\n\t<meta property=\"og:image:type\" content=\"image\/jpeg\" \/>\n<meta name=\"twitter:card\" content=\"summary_large_image\" \/>\n<meta name=\"twitter:label1\" content=\"Dur\u00e9e de lecture estim\u00e9e\" \/>\n\t<meta name=\"twitter:data1\" content=\"1 minute\" \/>\n<script type=\"application\/ld+json\" class=\"yoast-schema-graph\">{\"@context\":\"https:\/\/schema.org\",\"@graph\":[{\"@type\":\"WebPage\",\"@id\":\"https:\/\/otakustyle08.com\/?page_id=126\",\"url\":\"https:\/\/otakustyle08.com\/?page_id=126\",\"name\":\"Qui sommes-nous ? - Otaku&#039;Style - Ardennes\",\"isPartOf\":{\"@id\":\"https:\/\/otakustyle08.com\/#website\"},\"primaryImageOfPage\":{\"@id\":\"https:\/\/otakustyle08.com\/?page_id=126#primaryimage\"},\"image\":{\"@id\":\"https:\/\/otakustyle08.com\/?page_id=126#primaryimage\"},\"thumbnailUrl\":\"https:\/\/otakustyle08.com\/wp-content\/uploads\/2024\/03\/397908122_6753757098035173_3534310477016772053_n-1-e1709976523631.jpg\",\"datePublished\":\"2024-01-25T18:39:00+00:00\",\"dateModified\":\"2025-08-25T10:37:17+00:00\",\"description\":\"D\u00e9couvrez notre identit\u00e9, notre mission, nos valeurs et notre engagement envers nos clients. En apprendre plus sur notre \u00e9quipe et notre histoire\",\"breadcrumb\":{\"@id\":\"https:\/\/otakustyle08.com\/?page_id=126#breadcrumb\"},\"inLanguage\":\"fr-FR\",\"potentialAction\":[{\"@type\":\"ReadAction\",\"target\":[\"https:\/\/otakustyle08.com\/?page_id=126\"]}]},{\"@type\":\"ImageObject\",\"inLanguage\":\"fr-FR\",\"@id\":\"https:\/\/otakustyle08.com\/?page_id=126#primaryimage\",\"url\":\"https:\/\/otakustyle08.com\/wp-content\/uploads\/2024\/03\/397908122_6753757098035173_3534310477016772053_n-1-e1709976523631.jpg\",\"contentUrl\":\"https:\/\/otakustyle08.com\/wp-content\/uploads\/2024\/03\/397908122_6753757098035173_3534310477016772053_n-1-e1709976523631.jpg\",\"width\":600,\"height\":601},{\"@type\":\"BreadcrumbList\",\"@id\":\"https:\/\/otakustyle08.com\/?page_id=126#breadcrumb\",\"itemListElement\":[{\"@type\":\"ListItem\",\"position\":1,\"name\":\"Accueil\",\"item\":\"https:\/\/otakustyle08.com\/\"},{\"@type\":\"ListItem\",\"position\":2,\"name\":\"Qui sommes-nous ?\"}]},{\"@type\":\"WebSite\",\"@id\":\"https:\/\/otakustyle08.com\/#website\",\"url\":\"https:\/\/otakustyle08.com\/\",\"name\":\"Otaku&#039;Style\",\"description\":\"\",\"potentialAction\":[{\"@type\":\"SearchAction\",\"target\":{\"@type\":\"EntryPoint\",\"urlTemplate\":\"https:\/\/otakustyle08.com\/?s={search_term_string}\"},\"query-input\":{\"@type\":\"PropertyValueSpecification\",\"valueRequired\":true,\"valueName\":\"search_term_string\"}}],\"inLanguage\":\"fr-FR\"}]}<\/script>\n<!-- \/ Yoast SEO Premium plugin. -->","yoast_head_json":{"title":"Qui sommes-nous ? - Otaku&#039;Style - Ardennes","description":"D\u00e9couvrez notre identit\u00e9, notre mission, nos valeurs et notre engagement envers nos clients. En apprendre plus sur notre \u00e9quipe et notre histoire","robots":{"index":"index","follow":"follow","max-snippet":"max-snippet:-1","max-image-preview":"max-image-preview:large","max-video-preview":"max-video-preview:-1"},"canonical":"https:\/\/otakustyle08.com\/?page_id=126","og_locale":"fr_FR","og_type":"article","og_title":"Qui sommes-nous ?","og_description":"D\u00e9couvrez notre identit\u00e9, notre mission, nos valeurs et notre engagement envers nos clients. En apprendre plus sur notre \u00e9quipe et notre histoire","og_url":"https:\/\/otakustyle08.com\/?page_id=126","og_site_name":"Otaku&#039;Style","article_modified_time":"2025-08-25T10:37:17+00:00","og_image":[{"width":600,"height":601,"url":"https:\/\/otakustyle08.com\/wp-content\/uploads\/2024\/03\/397908122_6753757098035173_3534310477016772053_n-1-e1709976523631.jpg","type":"image\/jpeg"}],"twitter_card":"summary_large_image","twitter_misc":{"Dur\u00e9e de lecture estim\u00e9e":"1 minute"},"schema":{"@context":"https:\/\/schema.org","@graph":[{"@type":"WebPage","@id":"https:\/\/otakustyle08.com\/?page_id=126","url":"https:\/\/otakustyle08.com\/?page_id=126","name":"Qui sommes-nous ? - Otaku&#039;Style - Ardennes","isPartOf":{"@id":"https:\/\/otakustyle08.com\/#website"},"primaryImageOfPage":{"@id":"https:\/\/otakustyle08.com\/?page_id=126#primaryimage"},"image":{"@id":"https:\/\/otakustyle08.com\/?page_id=126#primaryimage"},"thumbnailUrl":"https:\/\/otakustyle08.com\/wp-content\/uploads\/2024\/03\/397908122_6753757098035173_3534310477016772053_n-1-e1709976523631.jpg","datePublished":"2024-01-25T18:39:00+00:00","dateModified":"2025-08-25T10:37:17+00:00","description":"D\u00e9couvrez notre identit\u00e9, notre mission, nos valeurs et notre engagement envers nos clients. En apprendre plus sur notre \u00e9quipe et notre histoire","breadcrumb":{"@id":"https:\/\/otakustyle08.com\/?page_id=126#breadcrumb"},"inLanguage":"fr-FR","potentialAction":[{"@type":"ReadAction","target":["https:\/\/otakustyle08.com\/?page_id=126"]}]},{"@type":"ImageObject","inLanguage":"fr-FR","@id":"https:\/\/otakustyle08.com\/?page_id=126#primaryimage","url":"https:\/\/otakustyle08.com\/wp-content\/uploads\/2024\/03\/397908122_6753757098035173_3534310477016772053_n-1-e1709976523631.jpg","contentUrl":"https:\/\/otakustyle08.com\/wp-content\/uploads\/2024\/03\/397908122_6753757098035173_3534310477016772053_n-1-e1709976523631.jpg","width":600,"height":601},{"@type":"BreadcrumbList","@id":"https:\/\/otakustyle08.com\/?page_id=126#breadcrumb","itemListElement":[{"@type":"ListItem","position":1,"name":"Accueil","item":"https:\/\/otakustyle08.com\/"},{"@type":"ListItem","position":2,"name":"Qui sommes-nous ?"}]},{"@type":"WebSite","@id":"https:\/\/otakustyle08.com\/#website","url":"https:\/\/otakustyle08.com\/","name":"Otaku&#039;Style","description":"","potentialAction":[{"@type":"SearchAction","target":{"@type":"EntryPoint","urlTemplate":"https:\/\/otakustyle08.com\/?s={search_term_string}"},"query-input":{"@type":"PropertyValueSpecification","valueRequired":true,"valueName":"search_term_string"}}],"inLanguage":"fr-FR"}]}},"_links":{"self":[{"href":"https:\/\/otakustyle08.com\/index.php?rest_route=\/wp\/v2\/pages\/126","targetHints":{"allow":["GET"]}}],"collection":[{"href":"https:\/\/otakustyle08.com\/index.php?rest_route=\/wp\/v2\/pages"}],"about":[{"href":"https:\/\/otakustyle08.com\/index.php?rest_route=\/wp\/v2\/types\/page"}],"author":[{"embeddable":true,"href":"https:\/\/otakustyle08.com\/index.php?rest_route=\/wp\/v2\/users\/1"}],"replies":[{"embeddable":true,"href":"https:\/\/otakustyle08.com\/index.php?rest_route=%2Fwp%2Fv2%2Fcomments&post=126"}],"version-history":[{"count":16,"href":"https:\/\/otakustyle08.com\/index.php?rest_route=\/wp\/v2\/pages\/126\/revisions"}],"predecessor-version":[{"id":7063,"href":"https:\/\/otakustyle08.com\/index.php?rest_route=\/wp\/v2\/pages\/126\/revisions\/7063"}],"wp:attachment":[{"href":"https:\/\/otakustyle08.com\/index.php?rest_route=%2Fwp%2Fv2%2Fmedia&parent=126"}],"curies":[{"name":"wp","href":"https:\/\/api.w.org\/{rel}","templated":true}]}}