{"id":3333,"date":"2024-03-08T18:28:39","date_gmt":"2024-03-08T17:28:39","guid":{"rendered":"https:\/\/otakustyle08.com\/?page_id=3333"},"modified":"2025-09-14T15:37:27","modified_gmt":"2025-09-14T13:37:27","slug":"panier","status":"publish","type":"page","link":"https:\/\/otakustyle08.com\/?page_id=3333","title":{"rendered":"Panier"},"content":{"rendered":"\t\t<div data-elementor-type=\"wp-page\" data-elementor-id=\"3333\" class=\"elementor elementor-3333\" data-elementor-post-type=\"page\">\n\t\t\t\t<div class=\"elementor-element elementor-element-6d8bdb6 e-con-full e-flex wpr-particle-no wpr-jarallax-no wpr-parallax-no wpr-sticky-section-no e-con e-parent\" data-id=\"6d8bdb6\" data-element_type=\"container\" data-settings=\"{&quot;background_background&quot;:&quot;classic&quot;}\">\n\t\t\t\t<\/div>\n\t\t<div class=\"elementor-element elementor-element-682830b e-flex e-con-boxed wpr-particle-no wpr-jarallax-no wpr-parallax-no wpr-sticky-section-no e-con e-parent\" data-id=\"682830b\" data-element_type=\"container\">\n\t\t\t\t\t<div class=\"e-con-inner\">\n\t\t\t\t<div class=\"elementor-element elementor-element-e96fa9b elementor-widget elementor-widget-heading\" data-id=\"e96fa9b\" data-element_type=\"widget\" data-widget_type=\"heading.default\">\n\t\t\t\t<div class=\"elementor-widget-container\">\n\t\t\t\t\t<h2 class=\"elementor-heading-title elementor-size-default\">Un petit oubli dans vos achats ?<\/h2>\t\t\t\t<\/div>\n\t\t\t\t<\/div>\n\t\t\t\t<div class=\"elementor-element elementor-element-5b366bb elementor-button-info elementor-widget elementor-widget-button\" data-id=\"5b366bb\" data-element_type=\"widget\" data-widget_type=\"button.default\">\n\t\t\t\t<div class=\"elementor-widget-container\">\n\t\t\t\t\t\t\t\t\t<div class=\"elementor-button-wrapper\">\n\t\t\t\t\t<a class=\"elementor-button elementor-button-link elementor-size-sm\" href=\"https:\/\/otakustyle08.com\/?woolentor-template=boutique\">\n\t\t\t\t\t\t<span class=\"elementor-button-content-wrapper\">\n\t\t\t\t\t\t\t\t\t<span class=\"elementor-button-text\">Cliquez ici<\/span>\n\t\t\t\t\t<\/span>\n\t\t\t\t\t<\/a>\n\t\t\t\t<\/div>\n\t\t\t\t\t\t\t\t<\/div>\n\t\t\t\t<\/div>\n\t\t\t\t\t<\/div>\n\t\t\t\t<\/div>\n\t\t<div class=\"elementor-element elementor-element-5596cf8 e-flex e-con-boxed wpr-particle-no wpr-jarallax-no wpr-parallax-no wpr-sticky-section-no e-con e-parent\" data-id=\"5596cf8\" data-element_type=\"container\">\n\t\t\t\t\t<div class=\"e-con-inner\">\n\t\t\t\t<div class=\"elementor-element elementor-element-5798786 e-cart-empty-template-active e-cart-layout-two-column elementor-widget elementor-widget-woocommerce-cart\" data-id=\"5798786\" data-element_type=\"widget\" data-widget_type=\"woocommerce-cart.default\">\n\t\t\t\t<div class=\"elementor-widget-container\">\n\t\t\t\t\t<div class=\"woocommerce\"><div class=\"woocommerce-notices-wrapper\"><\/div><div class=\"wc-empty-cart-message\">\n\t<div class=\"wc-block-components-notice-banner is-info\" role=\"status\">\n\t\t<svg xmlns=\"http:\/\/www.w3.org\/2000\/svg\" viewBox=\"0 0 24 24\" width=\"24\" height=\"24\" aria-hidden=\"true\" focusable=\"false\">\n\t\t\t<path d=\"M12 3.2c-4.8 0-8.8 3.9-8.8 8.8 0 4.8 3.9 8.8 8.8 8.8 4.8 0 8.8-3.9 8.8-8.8 0-4.8-4-8.8-8.8-8.8zm0 16c-4 0-7.2-3.3-7.2-7.2C4.8 8 8 4.8 12 4.8s7.2 3.3 7.2 7.2c0 4-3.2 7.2-7.2 7.2zM11 17h2v-6h-2v6zm0-8h2V7h-2v2z\"><\/path>\n\t\t<\/svg>\n\t\t<div class=\"wc-block-components-notice-banner__content\">\n\t\t\tVotre panier est actuellement vide.\t\t<\/div>\n\t<\/div>\n<\/div><\/div>\t\t\t\t<\/div>\n\t\t\t\t<\/div>\n\t\t\t\t\t<\/div>\n\t\t\t\t<\/div>\n\t\t\t\t<\/div>\n\t\t","protected":false},"excerpt":{"rendered":"<p>Un petit oubli dans vos achats ? Cliquez ici &nbsp; Produit &nbsp; Prix Quantit\u00e9 Sous-total &times; Elephant &#8211; Original avec cadre 20,00&nbsp;&euro; quantit\u00e9 de Elephant &#8211; Original avec cadre 20,00&nbsp;&euro; mettre \u00e0 jour le panier Appliquer le coupon Total Sous-total 20,00&nbsp;&euro; Code promo\u00a0: bienvenue -4,00&nbsp;&euro; [Enlever] Exp\u00e9dition Lettre Suivie: 5,00&nbsp;&euro; Les options de livraison seront mises \u00e0 jour lors de la commande. Calculer les frais d\u2019exp\u00e9dition Pays\u00a0\/ r\u00e9gion S\u00e9lectionner un pays\/r\u00e9gion\u2026AfghanistanAfrique du Sud\u00c5land IslandsAlbanieAlg\u00e9rieAllemagneAmerican SamoaAndorreAngolaAnguillaAntarctiqueAntigua-et-BarbudaArabie SaouditeArgentineArm\u00e9nieArubaAustralieAutricheAzerbaijanBahamasBahrainBangladeshBarbadesBelauBelgiqueBelizeBeninBermudesBhutanBi\u00e9lorussieBolivieBosnie-Herz\u00e9govineBotswanaBr\u00e9silBruneiBulgarieBurkina FasoBurundiCambodgeCamerounCanadaCap VertChiliChineChristmas IslandChypreColombieComoresCongo (Brazzaville)Congo (Kinshasa)Cor\u00e9e du NordCor\u00e9e du SudCosta RicaC\u00f4te-d\u2019IvoireCroatieCubaCura\u00e7aoDanemarkDjiboutiDominique\u00c9gypte\u00c9mirats Arabes Unis\u00c9quateurErythr\u00e9eEspagneEstonieEswatiniEtats-Unis (USA)\u00c9thiopieFidjiFinlandeFranceGabonGambieG\u00e9orgieG\u00e9orgie du Sud \/ \u00eeles SandwichGhanaGibraltarGr\u00e8ceGrenadeGroenlandGuadeloupeGuamGuatemalaGuerneseyGuin\u00e9eGuin\u00e9e \u00e9quatorialeGuin\u00e9e-BissauGuyaneGuyane Fran\u00e7aiseHa\u00eftiHondurasHong KongHongrie\u00cele Bouvet\u00cele de Man\u00cele Norfolk\u00celes Ca\u00efmans\u00celes Cocos\u00celes Cook\u00celes Falkland\u00celes F\u00e9ro\u00e9\u00celes Heard-et-MacDonald\u00celes Marshall\u00celes Mineures \u00e9loign\u00e9es des \u00c9tats-Unis\u00celes Salomon\u00celes Turques et Ca\u00efquesIndeIndon\u00e9sieIranIraqIrlandeIslandeIsra\u00eblItalieJama\u00efqueJaponJerseyJordanieKazakhstanKenyaKiribatiKowe\u00eftKyrgyzstanLa R\u00e9unionLaosLesothoLettonieLibanLiberiaLibyeLiechtensteinLituanieLuxembourgMacaoMac\u00e9doine du NordMadagascarMalaisieMalawiMaldivesMaliMalteMarocMartiniqueMauriceMauritanieMayotteMexiqueMicron\u00e9sieMoldavieMonacoMongolieMontenegroMontserratMozambiqueMyanmarNamibieNauruN\u00e9palNicaraguaNigerNigeriaNiueNorthern Mariana IslandsNorv\u00e8geNouvelle-Cal\u00e9donieNouvelle-Z\u00e9landeOmanPakistanPanamaPapouasie-Nouvelle-Guin\u00e9eParaguayPays-BasP\u00e9rouPhilippinesPitcairnPolognePolyn\u00e9sie Fran\u00e7aisePortugalPuerto RicoQatarR\u00e9publique CentrafricaineR\u00e9publique DominicaineR\u00e9publique Tch\u00e8queRoumanieRoyaume-Uni (UK)RussieRwandaSaba, Saint-Eustache et BonaireSahara occidentalSaint Barth\u00e9lemySaint Pierre et MiquelonSaint-Kitts-et-NevisSaint-Martin (partie fran\u00e7aise)Saint-Martin (partie n\u00e9erlandaise)Saint-Vincent-et-les-GrenadinesSainte-H\u00e9l\u00e8neSainte-LucieSalvadorSamoaSan MarinoSao Tom\u00e9-et-PrincipeS\u00e9n\u00e9galSerbieSeychellesSierra LeoneSingapourSlovaquieSlov\u00e9nieSomalieSoudanSoudan du SudSri LankaSu\u00e8deSuisseSurinameSvalbard et Jan MayenSyrieTaiwanTajikistanTanzanieTchadTerres Australes Fran\u00e7aisesTerritoire britannique de l\u2019oc\u00e9an IndienTerritoire PalestinienThailandeTimor orientalTogoTokelauTongaTrinit\u00e9-et-TobagoTunisieTurkm\u00e9nistanTurquieTuvaluUgandaUkraineUruguayUzbekistanVanuatuVaticanVenezuelaVietnamVirgin Islands (British)Virgin Islands (US)Wallis et FutunaYemenZambieZimbabwe Ville\u00a0: Code postal Mettre \u00e0 jour Total 21,00&nbsp;&euro; EUR (dont 2,67&nbsp;&euro; TVA) Proc\u00e9der au paiement<\/p>\n","protected":false},"author":1,"featured_media":0,"parent":0,"menu_order":0,"comment_status":"closed","ping_status":"closed","template":"elementor_header_footer","meta":{"_EventAllDay":false,"_EventTimezone":"","_EventStartDate":"","_EventEndDate":"","_EventStartDateUTC":"","_EventEndDateUTC":"","_EventShowMap":false,"_EventShowMapLink":false,"_EventURL":"","_EventCost":"","_EventCostDescription":"","_EventCurrencySymbol":"","_EventCurrencyCode":"","_EventCurrencyPosition":"","_EventDateTimeSeparator":"","_EventTimeRangeSeparator":"","_EventOrganizerID":[],"_EventVenueID":[],"_OrganizerEmail":"","_OrganizerPhone":"","_OrganizerWebsite":"","_VenueAddress":"","_VenueCity":"","_VenueCountry":"","_VenueProvince":"","_VenueState":"","_VenueZip":"","_VenuePhone":"","_VenueURL":"","_VenueStateProvince":"","_VenueLat":"","_VenueLng":"","_VenueShowMap":false,"_VenueShowMapLink":false,"footnotes":""},"class_list":["post-3333","page","type-page","status-publish","hentry"],"yoast_head":"<!-- This site is optimized with the Yoast SEO Premium plugin v22.2 (Yoast SEO v25.9) - https:\/\/yoast.com\/wordpress\/plugins\/seo\/ -->\n<title>Panier - Otaku&#039;Style<\/title>\n<meta name=\"robots\" content=\"index, follow, max-snippet:-1, max-image-preview:large, max-video-preview:-1\" \/>\n<link rel=\"canonical\" href=\"https:\/\/otakustyle08.com\/?page_id=3333\" \/>\n<meta property=\"og:locale\" content=\"fr_FR\" \/>\n<meta property=\"og:type\" content=\"article\" \/>\n<meta property=\"og:title\" content=\"Panier\" \/>\n<meta property=\"og:description\" content=\"Un petit oubli dans vos achats ? Cliquez ici &nbsp; Produit &nbsp; Prix Quantit\u00e9 Sous-total &times; Elephant &#8211; Original avec cadre 20,00&nbsp;&euro; quantit\u00e9 de Elephant &#8211; Original avec cadre 20,00&nbsp;&euro; mettre \u00e0 jour le panier Appliquer le coupon Total Sous-total 20,00&nbsp;&euro; Code promo\u00a0: bienvenue -4,00&nbsp;&euro; [Enlever] Exp\u00e9dition Lettre Suivie: 5,00&nbsp;&euro; Les options de livraison seront mises \u00e0 jour lors de la commande. Calculer les frais d\u2019exp\u00e9dition Pays\u00a0\/ r\u00e9gion S\u00e9lectionner un pays\/r\u00e9gion\u2026AfghanistanAfrique du Sud\u00c5land IslandsAlbanieAlg\u00e9rieAllemagneAmerican SamoaAndorreAngolaAnguillaAntarctiqueAntigua-et-BarbudaArabie SaouditeArgentineArm\u00e9nieArubaAustralieAutricheAzerbaijanBahamasBahrainBangladeshBarbadesBelauBelgiqueBelizeBeninBermudesBhutanBi\u00e9lorussieBolivieBosnie-Herz\u00e9govineBotswanaBr\u00e9silBruneiBulgarieBurkina FasoBurundiCambodgeCamerounCanadaCap VertChiliChineChristmas IslandChypreColombieComoresCongo (Brazzaville)Congo (Kinshasa)Cor\u00e9e du NordCor\u00e9e du SudCosta RicaC\u00f4te-d\u2019IvoireCroatieCubaCura\u00e7aoDanemarkDjiboutiDominique\u00c9gypte\u00c9mirats Arabes Unis\u00c9quateurErythr\u00e9eEspagneEstonieEswatiniEtats-Unis (USA)\u00c9thiopieFidjiFinlandeFranceGabonGambieG\u00e9orgieG\u00e9orgie du Sud \/ \u00eeles SandwichGhanaGibraltarGr\u00e8ceGrenadeGroenlandGuadeloupeGuamGuatemalaGuerneseyGuin\u00e9eGuin\u00e9e \u00e9quatorialeGuin\u00e9e-BissauGuyaneGuyane Fran\u00e7aiseHa\u00eftiHondurasHong KongHongrie\u00cele Bouvet\u00cele de Man\u00cele Norfolk\u00celes Ca\u00efmans\u00celes Cocos\u00celes Cook\u00celes Falkland\u00celes F\u00e9ro\u00e9\u00celes Heard-et-MacDonald\u00celes Marshall\u00celes Mineures \u00e9loign\u00e9es des \u00c9tats-Unis\u00celes Salomon\u00celes Turques et Ca\u00efquesIndeIndon\u00e9sieIranIraqIrlandeIslandeIsra\u00eblItalieJama\u00efqueJaponJerseyJordanieKazakhstanKenyaKiribatiKowe\u00eftKyrgyzstanLa R\u00e9unionLaosLesothoLettonieLibanLiberiaLibyeLiechtensteinLituanieLuxembourgMacaoMac\u00e9doine du NordMadagascarMalaisieMalawiMaldivesMaliMalteMarocMartiniqueMauriceMauritanieMayotteMexiqueMicron\u00e9sieMoldavieMonacoMongolieMontenegroMontserratMozambiqueMyanmarNamibieNauruN\u00e9palNicaraguaNigerNigeriaNiueNorthern Mariana IslandsNorv\u00e8geNouvelle-Cal\u00e9donieNouvelle-Z\u00e9landeOmanPakistanPanamaPapouasie-Nouvelle-Guin\u00e9eParaguayPays-BasP\u00e9rouPhilippinesPitcairnPolognePolyn\u00e9sie Fran\u00e7aisePortugalPuerto RicoQatarR\u00e9publique CentrafricaineR\u00e9publique DominicaineR\u00e9publique Tch\u00e8queRoumanieRoyaume-Uni (UK)RussieRwandaSaba, Saint-Eustache et BonaireSahara occidentalSaint Barth\u00e9lemySaint Pierre et MiquelonSaint-Kitts-et-NevisSaint-Martin (partie fran\u00e7aise)Saint-Martin (partie n\u00e9erlandaise)Saint-Vincent-et-les-GrenadinesSainte-H\u00e9l\u00e8neSainte-LucieSalvadorSamoaSan MarinoSao Tom\u00e9-et-PrincipeS\u00e9n\u00e9galSerbieSeychellesSierra LeoneSingapourSlovaquieSlov\u00e9nieSomalieSoudanSoudan du SudSri LankaSu\u00e8deSuisseSurinameSvalbard et Jan MayenSyrieTaiwanTajikistanTanzanieTchadTerres Australes Fran\u00e7aisesTerritoire britannique de l\u2019oc\u00e9an IndienTerritoire PalestinienThailandeTimor orientalTogoTokelauTongaTrinit\u00e9-et-TobagoTunisieTurkm\u00e9nistanTurquieTuvaluUgandaUkraineUruguayUzbekistanVanuatuVaticanVenezuelaVietnamVirgin Islands (British)Virgin Islands (US)Wallis et FutunaYemenZambieZimbabwe Ville\u00a0: Code postal Mettre \u00e0 jour Total 21,00&nbsp;&euro; EUR (dont 2,67&nbsp;&euro; TVA) Proc\u00e9der au paiement\" \/>\n<meta property=\"og:url\" content=\"https:\/\/otakustyle08.com\/?page_id=3333\" \/>\n<meta property=\"og:site_name\" content=\"Otaku&#039;Style\" \/>\n<meta property=\"article:modified_time\" content=\"2025-09-14T13:37:27+00:00\" \/>\n<meta property=\"og:image\" content=\"https:\/\/otakustyle08.com\/wp-content\/uploads\/2024\/09\/Elephant-300x300.jpg\" \/>\n<meta name=\"twitter:card\" content=\"summary_large_image\" \/>\n<meta name=\"twitter:label1\" content=\"Dur\u00e9e de lecture estim\u00e9e\" \/>\n\t<meta name=\"twitter:data1\" content=\"3 minutes\" \/>\n<script type=\"application\/ld+json\" class=\"yoast-schema-graph\">{\"@context\":\"https:\/\/schema.org\",\"@graph\":[{\"@type\":\"WebPage\",\"@id\":\"https:\/\/otakustyle08.com\/?page_id=3333\",\"url\":\"https:\/\/otakustyle08.com\/?page_id=3333\",\"name\":\"Panier - Otaku&#039;Style\",\"isPartOf\":{\"@id\":\"https:\/\/otakustyle08.com\/#website\"},\"primaryImageOfPage\":{\"@id\":\"https:\/\/otakustyle08.com\/?page_id=3333#primaryimage\"},\"image\":{\"@id\":\"https:\/\/otakustyle08.com\/?page_id=3333#primaryimage\"},\"thumbnailUrl\":\"https:\/\/otakustyle08.com\/wp-content\/uploads\/2024\/09\/Elephant-300x300.jpg\",\"datePublished\":\"2024-03-08T17:28:39+00:00\",\"dateModified\":\"2025-09-14T13:37:27+00:00\",\"breadcrumb\":{\"@id\":\"https:\/\/otakustyle08.com\/?page_id=3333#breadcrumb\"},\"inLanguage\":\"fr-FR\",\"potentialAction\":[{\"@type\":\"ReadAction\",\"target\":[\"https:\/\/otakustyle08.com\/?page_id=3333\"]}]},{\"@type\":\"ImageObject\",\"inLanguage\":\"fr-FR\",\"@id\":\"https:\/\/otakustyle08.com\/?page_id=3333#primaryimage\",\"url\":\"https:\/\/otakustyle08.com\/wp-content\/uploads\/2024\/09\/Elephant-scaled.jpg\",\"contentUrl\":\"https:\/\/otakustyle08.com\/wp-content\/uploads\/2024\/09\/Elephant-scaled.jpg\",\"width\":1812,\"height\":2560},{\"@type\":\"BreadcrumbList\",\"@id\":\"https:\/\/otakustyle08.com\/?page_id=3333#breadcrumb\",\"itemListElement\":[{\"@type\":\"ListItem\",\"position\":1,\"name\":\"Accueil\",\"item\":\"https:\/\/otakustyle08.com\/\"},{\"@type\":\"ListItem\",\"position\":2,\"name\":\"Panier\"}]},{\"@type\":\"WebSite\",\"@id\":\"https:\/\/otakustyle08.com\/#website\",\"url\":\"https:\/\/otakustyle08.com\/\",\"name\":\"Otaku&#039;Style\",\"description\":\"\",\"potentialAction\":[{\"@type\":\"SearchAction\",\"target\":{\"@type\":\"EntryPoint\",\"urlTemplate\":\"https:\/\/otakustyle08.com\/?s={search_term_string}\"},\"query-input\":{\"@type\":\"PropertyValueSpecification\",\"valueRequired\":true,\"valueName\":\"search_term_string\"}}],\"inLanguage\":\"fr-FR\"}]}<\/script>\n<!-- \/ Yoast SEO Premium plugin. -->","yoast_head_json":{"title":"Panier - Otaku&#039;Style","robots":{"index":"index","follow":"follow","max-snippet":"max-snippet:-1","max-image-preview":"max-image-preview:large","max-video-preview":"max-video-preview:-1"},"canonical":"https:\/\/otakustyle08.com\/?page_id=3333","og_locale":"fr_FR","og_type":"article","og_title":"Panier","og_description":"Un petit oubli dans vos achats ? Cliquez ici &nbsp; Produit &nbsp; Prix Quantit\u00e9 Sous-total &times; Elephant &#8211; Original avec cadre 20,00&nbsp;&euro; quantit\u00e9 de Elephant &#8211; Original avec cadre 20,00&nbsp;&euro; mettre \u00e0 jour le panier Appliquer le coupon Total Sous-total 20,00&nbsp;&euro; Code promo\u00a0: bienvenue -4,00&nbsp;&euro; [Enlever] Exp\u00e9dition Lettre Suivie: 5,00&nbsp;&euro; Les options de livraison seront mises \u00e0 jour lors de la commande. Calculer les frais d\u2019exp\u00e9dition Pays\u00a0\/ r\u00e9gion S\u00e9lectionner un pays\/r\u00e9gion\u2026AfghanistanAfrique du Sud\u00c5land IslandsAlbanieAlg\u00e9rieAllemagneAmerican SamoaAndorreAngolaAnguillaAntarctiqueAntigua-et-BarbudaArabie SaouditeArgentineArm\u00e9nieArubaAustralieAutricheAzerbaijanBahamasBahrainBangladeshBarbadesBelauBelgiqueBelizeBeninBermudesBhutanBi\u00e9lorussieBolivieBosnie-Herz\u00e9govineBotswanaBr\u00e9silBruneiBulgarieBurkina FasoBurundiCambodgeCamerounCanadaCap VertChiliChineChristmas IslandChypreColombieComoresCongo (Brazzaville)Congo (Kinshasa)Cor\u00e9e du NordCor\u00e9e du SudCosta RicaC\u00f4te-d\u2019IvoireCroatieCubaCura\u00e7aoDanemarkDjiboutiDominique\u00c9gypte\u00c9mirats Arabes Unis\u00c9quateurErythr\u00e9eEspagneEstonieEswatiniEtats-Unis (USA)\u00c9thiopieFidjiFinlandeFranceGabonGambieG\u00e9orgieG\u00e9orgie du Sud \/ \u00eeles SandwichGhanaGibraltarGr\u00e8ceGrenadeGroenlandGuadeloupeGuamGuatemalaGuerneseyGuin\u00e9eGuin\u00e9e \u00e9quatorialeGuin\u00e9e-BissauGuyaneGuyane Fran\u00e7aiseHa\u00eftiHondurasHong KongHongrie\u00cele Bouvet\u00cele de Man\u00cele Norfolk\u00celes Ca\u00efmans\u00celes Cocos\u00celes Cook\u00celes Falkland\u00celes F\u00e9ro\u00e9\u00celes Heard-et-MacDonald\u00celes Marshall\u00celes Mineures \u00e9loign\u00e9es des \u00c9tats-Unis\u00celes Salomon\u00celes Turques et Ca\u00efquesIndeIndon\u00e9sieIranIraqIrlandeIslandeIsra\u00eblItalieJama\u00efqueJaponJerseyJordanieKazakhstanKenyaKiribatiKowe\u00eftKyrgyzstanLa R\u00e9unionLaosLesothoLettonieLibanLiberiaLibyeLiechtensteinLituanieLuxembourgMacaoMac\u00e9doine du NordMadagascarMalaisieMalawiMaldivesMaliMalteMarocMartiniqueMauriceMauritanieMayotteMexiqueMicron\u00e9sieMoldavieMonacoMongolieMontenegroMontserratMozambiqueMyanmarNamibieNauruN\u00e9palNicaraguaNigerNigeriaNiueNorthern Mariana IslandsNorv\u00e8geNouvelle-Cal\u00e9donieNouvelle-Z\u00e9landeOmanPakistanPanamaPapouasie-Nouvelle-Guin\u00e9eParaguayPays-BasP\u00e9rouPhilippinesPitcairnPolognePolyn\u00e9sie Fran\u00e7aisePortugalPuerto RicoQatarR\u00e9publique CentrafricaineR\u00e9publique DominicaineR\u00e9publique Tch\u00e8queRoumanieRoyaume-Uni (UK)RussieRwandaSaba, Saint-Eustache et BonaireSahara occidentalSaint Barth\u00e9lemySaint Pierre et MiquelonSaint-Kitts-et-NevisSaint-Martin (partie fran\u00e7aise)Saint-Martin (partie n\u00e9erlandaise)Saint-Vincent-et-les-GrenadinesSainte-H\u00e9l\u00e8neSainte-LucieSalvadorSamoaSan MarinoSao Tom\u00e9-et-PrincipeS\u00e9n\u00e9galSerbieSeychellesSierra LeoneSingapourSlovaquieSlov\u00e9nieSomalieSoudanSoudan du SudSri LankaSu\u00e8deSuisseSurinameSvalbard et Jan MayenSyrieTaiwanTajikistanTanzanieTchadTerres Australes Fran\u00e7aisesTerritoire britannique de l\u2019oc\u00e9an IndienTerritoire PalestinienThailandeTimor orientalTogoTokelauTongaTrinit\u00e9-et-TobagoTunisieTurkm\u00e9nistanTurquieTuvaluUgandaUkraineUruguayUzbekistanVanuatuVaticanVenezuelaVietnamVirgin Islands (British)Virgin Islands (US)Wallis et FutunaYemenZambieZimbabwe Ville\u00a0: Code postal Mettre \u00e0 jour Total 21,00&nbsp;&euro; EUR (dont 2,67&nbsp;&euro; TVA) Proc\u00e9der au paiement","og_url":"https:\/\/otakustyle08.com\/?page_id=3333","og_site_name":"Otaku&#039;Style","article_modified_time":"2025-09-14T13:37:27+00:00","og_image":[{"url":"https:\/\/otakustyle08.com\/wp-content\/uploads\/2024\/09\/Elephant-300x300.jpg","type":"","width":"","height":""}],"twitter_card":"summary_large_image","twitter_misc":{"Dur\u00e9e de lecture estim\u00e9e":"3 minutes"},"schema":{"@context":"https:\/\/schema.org","@graph":[{"@type":"WebPage","@id":"https:\/\/otakustyle08.com\/?page_id=3333","url":"https:\/\/otakustyle08.com\/?page_id=3333","name":"Panier - Otaku&#039;Style","isPartOf":{"@id":"https:\/\/otakustyle08.com\/#website"},"primaryImageOfPage":{"@id":"https:\/\/otakustyle08.com\/?page_id=3333#primaryimage"},"image":{"@id":"https:\/\/otakustyle08.com\/?page_id=3333#primaryimage"},"thumbnailUrl":"https:\/\/otakustyle08.com\/wp-content\/uploads\/2024\/09\/Elephant-300x300.jpg","datePublished":"2024-03-08T17:28:39+00:00","dateModified":"2025-09-14T13:37:27+00:00","breadcrumb":{"@id":"https:\/\/otakustyle08.com\/?page_id=3333#breadcrumb"},"inLanguage":"fr-FR","potentialAction":[{"@type":"ReadAction","target":["https:\/\/otakustyle08.com\/?page_id=3333"]}]},{"@type":"ImageObject","inLanguage":"fr-FR","@id":"https:\/\/otakustyle08.com\/?page_id=3333#primaryimage","url":"https:\/\/otakustyle08.com\/wp-content\/uploads\/2024\/09\/Elephant-scaled.jpg","contentUrl":"https:\/\/otakustyle08.com\/wp-content\/uploads\/2024\/09\/Elephant-scaled.jpg","width":1812,"height":2560},{"@type":"BreadcrumbList","@id":"https:\/\/otakustyle08.com\/?page_id=3333#breadcrumb","itemListElement":[{"@type":"ListItem","position":1,"name":"Accueil","item":"https:\/\/otakustyle08.com\/"},{"@type":"ListItem","position":2,"name":"Panier"}]},{"@type":"WebSite","@id":"https:\/\/otakustyle08.com\/#website","url":"https:\/\/otakustyle08.com\/","name":"Otaku&#039;Style","description":"","potentialAction":[{"@type":"SearchAction","target":{"@type":"EntryPoint","urlTemplate":"https:\/\/otakustyle08.com\/?s={search_term_string}"},"query-input":{"@type":"PropertyValueSpecification","valueRequired":true,"valueName":"search_term_string"}}],"inLanguage":"fr-FR"}]}},"_links":{"self":[{"href":"https:\/\/otakustyle08.com\/index.php?rest_route=\/wp\/v2\/pages\/3333","targetHints":{"allow":["GET"]}}],"collection":[{"href":"https:\/\/otakustyle08.com\/index.php?rest_route=\/wp\/v2\/pages"}],"about":[{"href":"https:\/\/otakustyle08.com\/index.php?rest_route=\/wp\/v2\/types\/page"}],"author":[{"embeddable":true,"href":"https:\/\/otakustyle08.com\/index.php?rest_route=\/wp\/v2\/users\/1"}],"replies":[{"embeddable":true,"href":"https:\/\/otakustyle08.com\/index.php?rest_route=%2Fwp%2Fv2%2Fcomments&post=3333"}],"version-history":[{"count":44,"href":"https:\/\/otakustyle08.com\/index.php?rest_route=\/wp\/v2\/pages\/3333\/revisions"}],"predecessor-version":[{"id":7057,"href":"https:\/\/otakustyle08.com\/index.php?rest_route=\/wp\/v2\/pages\/3333\/revisions\/7057"}],"wp:attachment":[{"href":"https:\/\/otakustyle08.com\/index.php?rest_route=%2Fwp%2Fv2%2Fmedia&parent=3333"}],"curies":[{"name":"wp","href":"https:\/\/api.w.org\/{rel}","templated":true}]}}