{"id":1849,"date":"2024-02-16T09:40:12","date_gmt":"2024-02-16T08:40:12","guid":{"rendered":"https:\/\/otakustyle08.com\/?post_type=product&#038;p=1849"},"modified":"2024-08-11T21:41:37","modified_gmt":"2024-08-11T19:41:37","slug":"marty-mcfly-et-la-delorean","status":"publish","type":"product","link":"https:\/\/otakustyle08.com\/?product=marty-mcfly-et-la-delorean","title":{"rendered":"Marty McFly et la DeLorean"},"content":{"rendered":"<p>Voyagez dans le temps avec notre illustration captivante mettant en avant Marty McFly aux c\u00f4t\u00e9s de la DeLorean, la c\u00e9l\u00e8bre machine \u00e0 voyager dans le temps du film &#8220;Retour vers le futur&#8221;. R\u00e9alis\u00e9e avec une attention m\u00e9ticuleuse aux d\u00e9tails, cette repr\u00e9sentation saisissante capture l&#8217;essence m\u00eame de l&#8217;aventure et de l&#8217;esprit r\u00e9tro-futuriste du film. Choisissez entre la version originale pour appr\u00e9cier l&#8217;\u0153uvre dans toute sa splendeur artistique ou optez pour une impression A4\/A3 en noir et blanc pour une d\u00e9coration murale intemporelle et \u00e9l\u00e9gante. Que vous soyez un nostalgique de la trilogie &#8220;Retour vers le futur&#8221; ou un amateur d&#8217;art en qu\u00eate de pi\u00e8ces uniques, cette illustration de Marty et la DeLorean ajoutera une touche d&#8217;\u00e9merveillement et de voyage temporel \u00e0 votre collection ou \u00e0 votre d\u00e9coration murale ! \ud83d\ude97\u23f0\ud83c\udfa8<\/p>\n","protected":false},"excerpt":{"rendered":"<p>Illustration embl\u00e9matique de Marty McFly aux c\u00f4t\u00e9s de la DeLorean, la machine \u00e0 voyager dans le temps, dans le film &#8220;Retour vers le futur&#8221; ! Disponible en version originale ou en impression A4\/A3 en noir et blanc.<\/p>\n","protected":false},"featured_media":1693,"comment_status":"open","ping_status":"closed","template":"","meta":{"_EventAllDay":false,"_EventTimezone":"","_EventStartDate":"","_EventEndDate":"","_EventStartDateUTC":"","_EventEndDateUTC":"","_EventShowMap":false,"_EventShowMapLink":false,"_EventURL":"","_EventCost":"","_EventCostDescription":"","_EventCurrencySymbol":"","_EventCurrencyCode":"","_EventCurrencyPosition":"","_EventDateTimeSeparator":"","_EventTimeRangeSeparator":"","_EventOrganizerID":[],"_EventVenueID":[],"_OrganizerEmail":"","_OrganizerPhone":"","_OrganizerWebsite":"","_VenueAddress":"","_VenueCity":"","_VenueCountry":"","_VenueProvince":"","_VenueState":"","_VenueZip":"","_VenuePhone":"","_VenueURL":"","_VenueStateProvince":"","_VenueLat":"","_VenueLng":"","_VenueShowMap":false,"_VenueShowMapLink":false},"product_brand":[],"product_cat":[84],"product_tag":[],"class_list":{"0":"post-1849","1":"product","2":"type-product","3":"status-publish","4":"has-post-thumbnail","6":"product_cat-retour-vers-le-futur","8":"first","9":"instock","10":"taxable","11":"shipping-taxable","12":"purchasable","13":"product-type-variable","14":"has-default-attributes"},"yoast_head":"<!-- This site is optimized with the Yoast SEO Premium plugin v22.2 (Yoast SEO v25.9) - https:\/\/yoast.com\/wordpress\/plugins\/seo\/ -->\n<title>Marty McFly et la DeLorean - Otaku&#039;Style<\/title>\n<meta name=\"robots\" content=\"index, follow, max-snippet:-1, max-image-preview:large, max-video-preview:-1\" \/>\n<link rel=\"canonical\" href=\"https:\/\/otakustyle08.com\/produit\/marty-mcfly-et-la-delorean\/\" \/>\n<meta property=\"og:locale\" content=\"fr_FR\" \/>\n<meta property=\"og:type\" content=\"article\" \/>\n<meta property=\"og:title\" content=\"Marty McFly et la DeLorean\" \/>\n<meta property=\"og:description\" content=\"Illustration embl\u00e9matique de Marty McFly aux c\u00f4t\u00e9s de la DeLorean, la machine \u00e0 voyager dans le temps, dans le film &quot;Retour vers le futur&quot; ! Disponible en version originale ou en impression A4\/A3 en noir et blanc.\" \/>\n<meta property=\"og:url\" content=\"https:\/\/otakustyle08.com\/produit\/marty-mcfly-et-la-delorean\/\" \/>\n<meta property=\"og:site_name\" content=\"Otaku&#039;Style\" \/>\n<meta property=\"article:modified_time\" content=\"2024-08-11T19:41:37+00:00\" \/>\n<meta name=\"twitter:card\" content=\"summary_large_image\" \/>\n<meta name=\"twitter:label1\" content=\"Dur\u00e9e de lecture estim\u00e9e\" \/>\n\t<meta name=\"twitter:data1\" content=\"1 minute\" \/>\n<script type=\"application\/ld+json\" class=\"yoast-schema-graph\">{\"@context\":\"https:\/\/schema.org\",\"@graph\":[{\"@type\":\"WebPage\",\"@id\":\"https:\/\/otakustyle08.com\/produit\/marty-mcfly-et-la-delorean\/\",\"url\":\"https:\/\/otakustyle08.com\/produit\/marty-mcfly-et-la-delorean\/\",\"name\":\"Marty McFly et la DeLorean - Otaku&#039;Style\",\"isPartOf\":{\"@id\":\"https:\/\/otakustyle08.com\/#website\"},\"primaryImageOfPage\":{\"@id\":\"https:\/\/otakustyle08.com\/produit\/marty-mcfly-et-la-delorean\/#primaryimage\"},\"image\":{\"@id\":\"https:\/\/otakustyle08.com\/produit\/marty-mcfly-et-la-delorean\/#primaryimage\"},\"thumbnailUrl\":\"https:\/\/otakustyle08.com\/wp-content\/uploads\/2024\/02\/back-to-future-scaled.jpg\",\"datePublished\":\"2024-02-16T08:40:12+00:00\",\"dateModified\":\"2024-08-11T19:41:37+00:00\",\"breadcrumb\":{\"@id\":\"https:\/\/otakustyle08.com\/produit\/marty-mcfly-et-la-delorean\/#breadcrumb\"},\"inLanguage\":\"fr-FR\",\"potentialAction\":[{\"@type\":\"ReadAction\",\"target\":[\"https:\/\/otakustyle08.com\/produit\/marty-mcfly-et-la-delorean\/\"]}]},{\"@type\":\"ImageObject\",\"inLanguage\":\"fr-FR\",\"@id\":\"https:\/\/otakustyle08.com\/produit\/marty-mcfly-et-la-delorean\/#primaryimage\",\"url\":\"https:\/\/otakustyle08.com\/wp-content\/uploads\/2024\/02\/back-to-future-scaled.jpg\",\"contentUrl\":\"https:\/\/otakustyle08.com\/wp-content\/uploads\/2024\/02\/back-to-future-scaled.jpg\",\"width\":2560,\"height\":1812},{\"@type\":\"BreadcrumbList\",\"@id\":\"https:\/\/otakustyle08.com\/produit\/marty-mcfly-et-la-delorean\/#breadcrumb\",\"itemListElement\":[{\"@type\":\"ListItem\",\"position\":1,\"name\":\"Accueil\",\"item\":\"https:\/\/otakustyle08.com\/\"},{\"@type\":\"ListItem\",\"position\":2,\"name\":\"Produits\",\"item\":\"https:\/\/otakustyle08.com\/shop\/\"},{\"@type\":\"ListItem\",\"position\":3,\"name\":\"Marty McFly et la DeLorean\"}]},{\"@type\":\"WebSite\",\"@id\":\"https:\/\/otakustyle08.com\/#website\",\"url\":\"https:\/\/otakustyle08.com\/\",\"name\":\"Otaku&#039;Style\",\"description\":\"\",\"potentialAction\":[{\"@type\":\"SearchAction\",\"target\":{\"@type\":\"EntryPoint\",\"urlTemplate\":\"https:\/\/otakustyle08.com\/?s={search_term_string}\"},\"query-input\":{\"@type\":\"PropertyValueSpecification\",\"valueRequired\":true,\"valueName\":\"search_term_string\"}}],\"inLanguage\":\"fr-FR\"}]}<\/script>\n<!-- \/ Yoast SEO Premium plugin. -->","yoast_head_json":{"title":"Marty McFly et la DeLorean - Otaku&#039;Style","robots":{"index":"index","follow":"follow","max-snippet":"max-snippet:-1","max-image-preview":"max-image-preview:large","max-video-preview":"max-video-preview:-1"},"canonical":"https:\/\/otakustyle08.com\/produit\/marty-mcfly-et-la-delorean\/","og_locale":"fr_FR","og_type":"article","og_title":"Marty McFly et la DeLorean","og_description":"Illustration embl\u00e9matique de Marty McFly aux c\u00f4t\u00e9s de la DeLorean, la machine \u00e0 voyager dans le temps, dans le film \"Retour vers le futur\" ! Disponible en version originale ou en impression A4\/A3 en noir et blanc.","og_url":"https:\/\/otakustyle08.com\/produit\/marty-mcfly-et-la-delorean\/","og_site_name":"Otaku&#039;Style","article_modified_time":"2024-08-11T19:41:37+00:00","twitter_card":"summary_large_image","twitter_misc":{"Dur\u00e9e de lecture estim\u00e9e":"1 minute"},"schema":{"@context":"https:\/\/schema.org","@graph":[{"@type":"WebPage","@id":"https:\/\/otakustyle08.com\/produit\/marty-mcfly-et-la-delorean\/","url":"https:\/\/otakustyle08.com\/produit\/marty-mcfly-et-la-delorean\/","name":"Marty McFly et la DeLorean - Otaku&#039;Style","isPartOf":{"@id":"https:\/\/otakustyle08.com\/#website"},"primaryImageOfPage":{"@id":"https:\/\/otakustyle08.com\/produit\/marty-mcfly-et-la-delorean\/#primaryimage"},"image":{"@id":"https:\/\/otakustyle08.com\/produit\/marty-mcfly-et-la-delorean\/#primaryimage"},"thumbnailUrl":"https:\/\/otakustyle08.com\/wp-content\/uploads\/2024\/02\/back-to-future-scaled.jpg","datePublished":"2024-02-16T08:40:12+00:00","dateModified":"2024-08-11T19:41:37+00:00","breadcrumb":{"@id":"https:\/\/otakustyle08.com\/produit\/marty-mcfly-et-la-delorean\/#breadcrumb"},"inLanguage":"fr-FR","potentialAction":[{"@type":"ReadAction","target":["https:\/\/otakustyle08.com\/produit\/marty-mcfly-et-la-delorean\/"]}]},{"@type":"ImageObject","inLanguage":"fr-FR","@id":"https:\/\/otakustyle08.com\/produit\/marty-mcfly-et-la-delorean\/#primaryimage","url":"https:\/\/otakustyle08.com\/wp-content\/uploads\/2024\/02\/back-to-future-scaled.jpg","contentUrl":"https:\/\/otakustyle08.com\/wp-content\/uploads\/2024\/02\/back-to-future-scaled.jpg","width":2560,"height":1812},{"@type":"BreadcrumbList","@id":"https:\/\/otakustyle08.com\/produit\/marty-mcfly-et-la-delorean\/#breadcrumb","itemListElement":[{"@type":"ListItem","position":1,"name":"Accueil","item":"https:\/\/otakustyle08.com\/"},{"@type":"ListItem","position":2,"name":"Produits","item":"https:\/\/otakustyle08.com\/shop\/"},{"@type":"ListItem","position":3,"name":"Marty McFly et la DeLorean"}]},{"@type":"WebSite","@id":"https:\/\/otakustyle08.com\/#website","url":"https:\/\/otakustyle08.com\/","name":"Otaku&#039;Style","description":"","potentialAction":[{"@type":"SearchAction","target":{"@type":"EntryPoint","urlTemplate":"https:\/\/otakustyle08.com\/?s={search_term_string}"},"query-input":{"@type":"PropertyValueSpecification","valueRequired":true,"valueName":"search_term_string"}}],"inLanguage":"fr-FR"}]}},"_links":{"self":[{"href":"https:\/\/otakustyle08.com\/index.php?rest_route=\/wp\/v2\/product\/1849","targetHints":{"allow":["GET"]}}],"collection":[{"href":"https:\/\/otakustyle08.com\/index.php?rest_route=\/wp\/v2\/product"}],"about":[{"href":"https:\/\/otakustyle08.com\/index.php?rest_route=\/wp\/v2\/types\/product"}],"replies":[{"embeddable":true,"href":"https:\/\/otakustyle08.com\/index.php?rest_route=%2Fwp%2Fv2%2Fcomments&post=1849"}],"version-history":[{"count":2,"href":"https:\/\/otakustyle08.com\/index.php?rest_route=\/wp\/v2\/product\/1849\/revisions"}],"predecessor-version":[{"id":1854,"href":"https:\/\/otakustyle08.com\/index.php?rest_route=\/wp\/v2\/product\/1849\/revisions\/1854"}],"wp:featuredmedia":[{"embeddable":true,"href":"https:\/\/otakustyle08.com\/index.php?rest_route=\/wp\/v2\/media\/1693"}],"wp:attachment":[{"href":"https:\/\/otakustyle08.com\/index.php?rest_route=%2Fwp%2Fv2%2Fmedia&parent=1849"}],"wp:term":[{"taxonomy":"product_brand","embeddable":true,"href":"https:\/\/otakustyle08.com\/index.php?rest_route=%2Fwp%2Fv2%2Fproduct_brand&post=1849"},{"taxonomy":"product_cat","embeddable":true,"href":"https:\/\/otakustyle08.com\/index.php?rest_route=%2Fwp%2Fv2%2Fproduct_cat&post=1849"},{"taxonomy":"product_tag","embeddable":true,"href":"https:\/\/otakustyle08.com\/index.php?rest_route=%2Fwp%2Fv2%2Fproduct_tag&post=1849"}],"curies":[{"name":"wp","href":"https:\/\/api.w.org\/{rel}","templated":true}]}}