{"id":2023,"date":"2024-02-20T10:13:37","date_gmt":"2024-02-20T09:13:37","guid":{"rendered":"https:\/\/otakustyle08.com\/?post_type=product&#038;p=2023"},"modified":"2024-08-12T14:00:06","modified_gmt":"2024-08-12T12:00:06","slug":"daenerys-targaryen","status":"publish","type":"product","link":"https:\/\/otakustyle08.com\/?product=daenerys-targaryen","title":{"rendered":"Daenerys Targaryen"},"content":{"rendered":"<p>Plongez dans l&#8217;univers fantastique de Game of Thrones avec notre illustration captivante mettant en avant Daenerys Targaryen, la M\u00e8re des Dragons, dans toute sa majest\u00e9, r\u00e9alis\u00e9e dans une palette de noir et blanc classique. R\u00e9alis\u00e9e avec une attention m\u00e9ticuleuse aux d\u00e9tails, cette repr\u00e9sentation saisissante capture l&#8217;essence m\u00eame de la force et de la d\u00e9termination de Daenerys, ainsi que la puissance \u00e9vocatrice de ses dragons. Choisissez entre la version originale en noir et blanc pour appr\u00e9cier l&#8217;\u0153uvre dans toute sa splendeur artistique ou optez pour une impression A4\/A3 en noir et blanc pour une d\u00e9coration murale intemporelle et \u00e9l\u00e9gante. Que vous soyez un fan de la s\u00e9rie Game of Thrones ou un amateur d&#8217;art en qu\u00eate de pi\u00e8ces uniques, cette illustration de Daenerys ajoutera une touche d&#8217;\u00e9pop\u00e9e et de myst\u00e8re \u00e0 votre collection ou \u00e0 votre d\u00e9coration murale ! \ud83d\udc09\ud83d\udc51\ud83c\udfa8<\/p>\n","protected":false},"excerpt":{"rendered":"<p>Illustration \u00e9pique de Daenerys Targaryen, la M\u00e8re des Dragons, dans une palette de noir et blanc classique ! Disponible en version originale ou en impression A4\/A3 en noir et blanc.<\/p>\n","protected":false},"featured_media":1703,"comment_status":"open","ping_status":"closed","template":"","meta":{"_EventAllDay":false,"_EventTimezone":"","_EventStartDate":"","_EventEndDate":"","_EventStartDateUTC":"","_EventEndDateUTC":"","_EventShowMap":false,"_EventShowMapLink":false,"_EventURL":"","_EventCost":"","_EventCostDescription":"","_EventCurrencySymbol":"","_EventCurrencyCode":"","_EventCurrencyPosition":"","_EventDateTimeSeparator":"","_EventTimeRangeSeparator":"","_EventOrganizerID":[],"_EventVenueID":[],"_OrganizerEmail":"","_OrganizerPhone":"","_OrganizerWebsite":"","_VenueAddress":"","_VenueCity":"","_VenueCountry":"","_VenueProvince":"","_VenueState":"","_VenueZip":"","_VenuePhone":"","_VenueURL":"","_VenueStateProvince":"","_VenueLat":"","_VenueLng":"","_VenueShowMap":false,"_VenueShowMapLink":false},"product_brand":[],"product_cat":[86],"product_tag":[],"class_list":{"0":"post-2023","1":"product","2":"type-product","3":"status-publish","4":"has-post-thumbnail","6":"product_cat-game-of-thrones","8":"first","9":"instock","10":"taxable","11":"shipping-taxable","12":"purchasable","13":"product-type-variable","14":"has-default-attributes"},"yoast_head":"<!-- This site is optimized with the Yoast SEO Premium plugin v22.2 (Yoast SEO v25.9) - https:\/\/yoast.com\/wordpress\/plugins\/seo\/ -->\n<title>Daenerys Targaryen - Otaku&#039;Style<\/title>\n<meta name=\"robots\" content=\"index, follow, max-snippet:-1, max-image-preview:large, max-video-preview:-1\" \/>\n<link rel=\"canonical\" href=\"https:\/\/otakustyle08.com\/produit\/daenerys-targaryen\/\" \/>\n<meta property=\"og:locale\" content=\"fr_FR\" \/>\n<meta property=\"og:type\" content=\"article\" \/>\n<meta property=\"og:title\" content=\"Daenerys Targaryen\" \/>\n<meta property=\"og:description\" content=\"Illustration \u00e9pique de Daenerys Targaryen, la M\u00e8re des Dragons, dans une palette de noir et blanc classique ! Disponible en version originale ou en impression A4\/A3 en noir et blanc.\" \/>\n<meta property=\"og:url\" content=\"https:\/\/otakustyle08.com\/produit\/daenerys-targaryen\/\" \/>\n<meta property=\"og:site_name\" content=\"Otaku&#039;Style\" \/>\n<meta property=\"article:modified_time\" content=\"2024-08-12T12:00:06+00:00\" \/>\n<meta name=\"twitter:card\" content=\"summary_large_image\" \/>\n<meta name=\"twitter:label1\" content=\"Dur\u00e9e de lecture estim\u00e9e\" \/>\n\t<meta name=\"twitter:data1\" content=\"1 minute\" \/>\n<script type=\"application\/ld+json\" class=\"yoast-schema-graph\">{\"@context\":\"https:\/\/schema.org\",\"@graph\":[{\"@type\":\"WebPage\",\"@id\":\"https:\/\/otakustyle08.com\/produit\/daenerys-targaryen\/\",\"url\":\"https:\/\/otakustyle08.com\/produit\/daenerys-targaryen\/\",\"name\":\"Daenerys Targaryen - Otaku&#039;Style\",\"isPartOf\":{\"@id\":\"https:\/\/otakustyle08.com\/#website\"},\"primaryImageOfPage\":{\"@id\":\"https:\/\/otakustyle08.com\/produit\/daenerys-targaryen\/#primaryimage\"},\"image\":{\"@id\":\"https:\/\/otakustyle08.com\/produit\/daenerys-targaryen\/#primaryimage\"},\"thumbnailUrl\":\"https:\/\/otakustyle08.com\/wp-content\/uploads\/2024\/02\/Deanerys-scaled.jpg\",\"datePublished\":\"2024-02-20T09:13:37+00:00\",\"dateModified\":\"2024-08-12T12:00:06+00:00\",\"breadcrumb\":{\"@id\":\"https:\/\/otakustyle08.com\/produit\/daenerys-targaryen\/#breadcrumb\"},\"inLanguage\":\"fr-FR\",\"potentialAction\":[{\"@type\":\"ReadAction\",\"target\":[\"https:\/\/otakustyle08.com\/produit\/daenerys-targaryen\/\"]}]},{\"@type\":\"ImageObject\",\"inLanguage\":\"fr-FR\",\"@id\":\"https:\/\/otakustyle08.com\/produit\/daenerys-targaryen\/#primaryimage\",\"url\":\"https:\/\/otakustyle08.com\/wp-content\/uploads\/2024\/02\/Deanerys-scaled.jpg\",\"contentUrl\":\"https:\/\/otakustyle08.com\/wp-content\/uploads\/2024\/02\/Deanerys-scaled.jpg\",\"width\":1812,\"height\":2560},{\"@type\":\"BreadcrumbList\",\"@id\":\"https:\/\/otakustyle08.com\/produit\/daenerys-targaryen\/#breadcrumb\",\"itemListElement\":[{\"@type\":\"ListItem\",\"position\":1,\"name\":\"Accueil\",\"item\":\"https:\/\/otakustyle08.com\/\"},{\"@type\":\"ListItem\",\"position\":2,\"name\":\"Produits\",\"item\":\"https:\/\/otakustyle08.com\/shop\/\"},{\"@type\":\"ListItem\",\"position\":3,\"name\":\"Daenerys Targaryen\"}]},{\"@type\":\"WebSite\",\"@id\":\"https:\/\/otakustyle08.com\/#website\",\"url\":\"https:\/\/otakustyle08.com\/\",\"name\":\"Otaku&#039;Style\",\"description\":\"\",\"potentialAction\":[{\"@type\":\"SearchAction\",\"target\":{\"@type\":\"EntryPoint\",\"urlTemplate\":\"https:\/\/otakustyle08.com\/?s={search_term_string}\"},\"query-input\":{\"@type\":\"PropertyValueSpecification\",\"valueRequired\":true,\"valueName\":\"search_term_string\"}}],\"inLanguage\":\"fr-FR\"}]}<\/script>\n<!-- \/ Yoast SEO Premium plugin. -->","yoast_head_json":{"title":"Daenerys Targaryen - Otaku&#039;Style","robots":{"index":"index","follow":"follow","max-snippet":"max-snippet:-1","max-image-preview":"max-image-preview:large","max-video-preview":"max-video-preview:-1"},"canonical":"https:\/\/otakustyle08.com\/produit\/daenerys-targaryen\/","og_locale":"fr_FR","og_type":"article","og_title":"Daenerys Targaryen","og_description":"Illustration \u00e9pique de Daenerys Targaryen, la M\u00e8re des Dragons, dans une palette de noir et blanc classique ! Disponible en version originale ou en impression A4\/A3 en noir et blanc.","og_url":"https:\/\/otakustyle08.com\/produit\/daenerys-targaryen\/","og_site_name":"Otaku&#039;Style","article_modified_time":"2024-08-12T12:00:06+00:00","twitter_card":"summary_large_image","twitter_misc":{"Dur\u00e9e de lecture estim\u00e9e":"1 minute"},"schema":{"@context":"https:\/\/schema.org","@graph":[{"@type":"WebPage","@id":"https:\/\/otakustyle08.com\/produit\/daenerys-targaryen\/","url":"https:\/\/otakustyle08.com\/produit\/daenerys-targaryen\/","name":"Daenerys Targaryen - Otaku&#039;Style","isPartOf":{"@id":"https:\/\/otakustyle08.com\/#website"},"primaryImageOfPage":{"@id":"https:\/\/otakustyle08.com\/produit\/daenerys-targaryen\/#primaryimage"},"image":{"@id":"https:\/\/otakustyle08.com\/produit\/daenerys-targaryen\/#primaryimage"},"thumbnailUrl":"https:\/\/otakustyle08.com\/wp-content\/uploads\/2024\/02\/Deanerys-scaled.jpg","datePublished":"2024-02-20T09:13:37+00:00","dateModified":"2024-08-12T12:00:06+00:00","breadcrumb":{"@id":"https:\/\/otakustyle08.com\/produit\/daenerys-targaryen\/#breadcrumb"},"inLanguage":"fr-FR","potentialAction":[{"@type":"ReadAction","target":["https:\/\/otakustyle08.com\/produit\/daenerys-targaryen\/"]}]},{"@type":"ImageObject","inLanguage":"fr-FR","@id":"https:\/\/otakustyle08.com\/produit\/daenerys-targaryen\/#primaryimage","url":"https:\/\/otakustyle08.com\/wp-content\/uploads\/2024\/02\/Deanerys-scaled.jpg","contentUrl":"https:\/\/otakustyle08.com\/wp-content\/uploads\/2024\/02\/Deanerys-scaled.jpg","width":1812,"height":2560},{"@type":"BreadcrumbList","@id":"https:\/\/otakustyle08.com\/produit\/daenerys-targaryen\/#breadcrumb","itemListElement":[{"@type":"ListItem","position":1,"name":"Accueil","item":"https:\/\/otakustyle08.com\/"},{"@type":"ListItem","position":2,"name":"Produits","item":"https:\/\/otakustyle08.com\/shop\/"},{"@type":"ListItem","position":3,"name":"Daenerys Targaryen"}]},{"@type":"WebSite","@id":"https:\/\/otakustyle08.com\/#website","url":"https:\/\/otakustyle08.com\/","name":"Otaku&#039;Style","description":"","potentialAction":[{"@type":"SearchAction","target":{"@type":"EntryPoint","urlTemplate":"https:\/\/otakustyle08.com\/?s={search_term_string}"},"query-input":{"@type":"PropertyValueSpecification","valueRequired":true,"valueName":"search_term_string"}}],"inLanguage":"fr-FR"}]}},"_links":{"self":[{"href":"https:\/\/otakustyle08.com\/index.php?rest_route=\/wp\/v2\/product\/2023","targetHints":{"allow":["GET"]}}],"collection":[{"href":"https:\/\/otakustyle08.com\/index.php?rest_route=\/wp\/v2\/product"}],"about":[{"href":"https:\/\/otakustyle08.com\/index.php?rest_route=\/wp\/v2\/types\/product"}],"replies":[{"embeddable":true,"href":"https:\/\/otakustyle08.com\/index.php?rest_route=%2Fwp%2Fv2%2Fcomments&post=2023"}],"version-history":[{"count":2,"href":"https:\/\/otakustyle08.com\/index.php?rest_route=\/wp\/v2\/product\/2023\/revisions"}],"predecessor-version":[{"id":2028,"href":"https:\/\/otakustyle08.com\/index.php?rest_route=\/wp\/v2\/product\/2023\/revisions\/2028"}],"wp:featuredmedia":[{"embeddable":true,"href":"https:\/\/otakustyle08.com\/index.php?rest_route=\/wp\/v2\/media\/1703"}],"wp:attachment":[{"href":"https:\/\/otakustyle08.com\/index.php?rest_route=%2Fwp%2Fv2%2Fmedia&parent=2023"}],"wp:term":[{"taxonomy":"product_brand","embeddable":true,"href":"https:\/\/otakustyle08.com\/index.php?rest_route=%2Fwp%2Fv2%2Fproduct_brand&post=2023"},{"taxonomy":"product_cat","embeddable":true,"href":"https:\/\/otakustyle08.com\/index.php?rest_route=%2Fwp%2Fv2%2Fproduct_cat&post=2023"},{"taxonomy":"product_tag","embeddable":true,"href":"https:\/\/otakustyle08.com\/index.php?rest_route=%2Fwp%2Fv2%2Fproduct_tag&post=2023"}],"curies":[{"name":"wp","href":"https:\/\/api.w.org\/{rel}","templated":true}]}}