{"id":4695,"date":"2024-05-18T11:54:01","date_gmt":"2024-05-18T09:54:01","guid":{"rendered":"https:\/\/otakustyle08.com\/?post_type=product&#038;p=4695"},"modified":"2024-06-26T15:33:35","modified_gmt":"2024-06-26T13:33:35","slug":"je-taime-maman","status":"publish","type":"product","link":"https:\/\/otakustyle08.com\/?product=je-taime-maman","title":{"rendered":"Je t&#8217;aime maman"},"content":{"rendered":"<p>C\u00e9l\u00e9brez une occasion sp\u00e9ciale avec notre illustration artistique en noir et blanc, mettant en sc\u00e8ne un cadre carr\u00e9 d\u00e9licatement orn\u00e9 d&#8217;une couronne de roses formant un c\u0153ur. Cette \u0153uvre charmante et \u00e9motive est embellie par des lettres en bois de Scrabble, ajoutant une touche personnelle et chaleureuse avec les mots &#8220;Bonne f\u00eate maman&#8221; et &#8220;Je t&#8217;aime&#8221;. Les roses color\u00e9es apportent une vivacit\u00e9 et une \u00e9l\u00e9gance particuli\u00e8res \u00e0 cette composition. Parfaite pour les amateurs d&#8217;art et ceux souhaitant offrir un cadeau unique et significatif, cette illustration ajoutera une touche de beaut\u00e9 et d&#8217;amour \u00e0 votre collection ou \u00e0 votre d\u00e9coration murale. \ud83c\udf39\u2764\ufe0f\ud83c\udfa8<\/p>\n","protected":false},"excerpt":{"rendered":"<p>Exprimez votre amour avec notre illustration en noir et blanc d&#8217;un cadre carr\u00e9 orn\u00e9 d&#8217;une couronne de roses formant un c\u0153ur, compl\u00e9t\u00e9e par des lettres en bois de Scrabble \u00e9crivant &#8220;Bonne f\u00eate maman&#8221; et &#8220;Je t&#8217;aime&#8221;. Disponible en version originale ou en impression A4\/A3.<\/p>\n","protected":false},"featured_media":4696,"comment_status":"open","ping_status":"closed","template":"","meta":{"_EventAllDay":false,"_EventTimezone":"","_EventStartDate":"","_EventEndDate":"","_EventStartDateUTC":"","_EventEndDateUTC":"","_EventShowMap":false,"_EventShowMapLink":false,"_EventURL":"","_EventCost":"","_EventCostDescription":"","_EventCurrencySymbol":"","_EventCurrencyCode":"","_EventCurrencyPosition":"","_EventDateTimeSeparator":"","_EventTimeRangeSeparator":"","_EventOrganizerID":[],"_EventVenueID":[],"_OrganizerEmail":"","_OrganizerPhone":"","_OrganizerWebsite":"","_VenueAddress":"","_VenueCity":"","_VenueCountry":"","_VenueProvince":"","_VenueState":"","_VenueZip":"","_VenuePhone":"","_VenueURL":"","_VenueStateProvince":"","_VenueLat":"","_VenueLng":"","_VenueShowMap":false,"_VenueShowMapLink":false},"product_brand":[],"product_cat":[177],"product_tag":[],"class_list":{"0":"post-4695","1":"product","2":"type-product","3":"status-publish","4":"has-post-thumbnail","6":"product_cat-fetes-des-meres","8":"first","9":"instock","10":"taxable","11":"shipping-taxable","12":"purchasable","13":"product-type-variable","14":"has-default-attributes"},"yoast_head":"<!-- This site is optimized with the Yoast SEO Premium plugin v22.2 (Yoast SEO v25.9) - https:\/\/yoast.com\/wordpress\/plugins\/seo\/ -->\n<title>Je t&#039;aime maman - Otaku&#039;Style<\/title>\n<meta name=\"robots\" content=\"index, follow, max-snippet:-1, max-image-preview:large, max-video-preview:-1\" \/>\n<link rel=\"canonical\" href=\"https:\/\/otakustyle08.com\/produit\/je-taime-maman\/\" \/>\n<meta property=\"og:locale\" content=\"fr_FR\" \/>\n<meta property=\"og:type\" content=\"article\" \/>\n<meta property=\"og:title\" content=\"Je t&#039;aime maman\" \/>\n<meta property=\"og:description\" content=\"Exprimez votre amour avec notre illustration en noir et blanc d&#039;un cadre carr\u00e9 orn\u00e9 d&#039;une couronne de roses formant un c\u0153ur, compl\u00e9t\u00e9e par des lettres en bois de Scrabble \u00e9crivant &quot;Bonne f\u00eate maman&quot; et &quot;Je t&#039;aime&quot;. Disponible en version originale ou en impression A4\/A3.\" \/>\n<meta property=\"og:url\" content=\"https:\/\/otakustyle08.com\/produit\/je-taime-maman\/\" \/>\n<meta property=\"og:site_name\" content=\"Otaku&#039;Style\" \/>\n<meta property=\"article:modified_time\" content=\"2024-06-26T13:33:35+00:00\" \/>\n<meta name=\"twitter:card\" content=\"summary_large_image\" \/>\n<meta name=\"twitter:label1\" content=\"Dur\u00e9e de lecture estim\u00e9e\" \/>\n\t<meta name=\"twitter:data1\" content=\"1 minute\" \/>\n<script type=\"application\/ld+json\" class=\"yoast-schema-graph\">{\"@context\":\"https:\/\/schema.org\",\"@graph\":[{\"@type\":\"WebPage\",\"@id\":\"https:\/\/otakustyle08.com\/produit\/je-taime-maman\/\",\"url\":\"https:\/\/otakustyle08.com\/produit\/je-taime-maman\/\",\"name\":\"Je t'aime maman - Otaku&#039;Style\",\"isPartOf\":{\"@id\":\"https:\/\/otakustyle08.com\/#website\"},\"primaryImageOfPage\":{\"@id\":\"https:\/\/otakustyle08.com\/produit\/je-taime-maman\/#primaryimage\"},\"image\":{\"@id\":\"https:\/\/otakustyle08.com\/produit\/je-taime-maman\/#primaryimage\"},\"thumbnailUrl\":\"https:\/\/otakustyle08.com\/wp-content\/uploads\/2024\/05\/442449263_302982239531307_7553216820313843278_n.webp\",\"datePublished\":\"2024-05-18T09:54:01+00:00\",\"dateModified\":\"2024-06-26T13:33:35+00:00\",\"breadcrumb\":{\"@id\":\"https:\/\/otakustyle08.com\/produit\/je-taime-maman\/#breadcrumb\"},\"inLanguage\":\"fr-FR\",\"potentialAction\":[{\"@type\":\"ReadAction\",\"target\":[\"https:\/\/otakustyle08.com\/produit\/je-taime-maman\/\"]}]},{\"@type\":\"ImageObject\",\"inLanguage\":\"fr-FR\",\"@id\":\"https:\/\/otakustyle08.com\/produit\/je-taime-maman\/#primaryimage\",\"url\":\"https:\/\/otakustyle08.com\/wp-content\/uploads\/2024\/05\/442449263_302982239531307_7553216820313843278_n.webp\",\"contentUrl\":\"https:\/\/otakustyle08.com\/wp-content\/uploads\/2024\/05\/442449263_302982239531307_7553216820313843278_n.webp\",\"width\":1802,\"height\":1844},{\"@type\":\"BreadcrumbList\",\"@id\":\"https:\/\/otakustyle08.com\/produit\/je-taime-maman\/#breadcrumb\",\"itemListElement\":[{\"@type\":\"ListItem\",\"position\":1,\"name\":\"Accueil\",\"item\":\"https:\/\/otakustyle08.com\/\"},{\"@type\":\"ListItem\",\"position\":2,\"name\":\"Produits\",\"item\":\"https:\/\/otakustyle08.com\/shop\/\"},{\"@type\":\"ListItem\",\"position\":3,\"name\":\"Je t&#8217;aime maman\"}]},{\"@type\":\"WebSite\",\"@id\":\"https:\/\/otakustyle08.com\/#website\",\"url\":\"https:\/\/otakustyle08.com\/\",\"name\":\"Otaku&#039;Style\",\"description\":\"\",\"potentialAction\":[{\"@type\":\"SearchAction\",\"target\":{\"@type\":\"EntryPoint\",\"urlTemplate\":\"https:\/\/otakustyle08.com\/?s={search_term_string}\"},\"query-input\":{\"@type\":\"PropertyValueSpecification\",\"valueRequired\":true,\"valueName\":\"search_term_string\"}}],\"inLanguage\":\"fr-FR\"}]}<\/script>\n<!-- \/ Yoast SEO Premium plugin. -->","yoast_head_json":{"title":"Je t'aime maman - Otaku&#039;Style","robots":{"index":"index","follow":"follow","max-snippet":"max-snippet:-1","max-image-preview":"max-image-preview:large","max-video-preview":"max-video-preview:-1"},"canonical":"https:\/\/otakustyle08.com\/produit\/je-taime-maman\/","og_locale":"fr_FR","og_type":"article","og_title":"Je t'aime maman","og_description":"Exprimez votre amour avec notre illustration en noir et blanc d'un cadre carr\u00e9 orn\u00e9 d'une couronne de roses formant un c\u0153ur, compl\u00e9t\u00e9e par des lettres en bois de Scrabble \u00e9crivant \"Bonne f\u00eate maman\" et \"Je t'aime\". Disponible en version originale ou en impression A4\/A3.","og_url":"https:\/\/otakustyle08.com\/produit\/je-taime-maman\/","og_site_name":"Otaku&#039;Style","article_modified_time":"2024-06-26T13:33:35+00:00","twitter_card":"summary_large_image","twitter_misc":{"Dur\u00e9e de lecture estim\u00e9e":"1 minute"},"schema":{"@context":"https:\/\/schema.org","@graph":[{"@type":"WebPage","@id":"https:\/\/otakustyle08.com\/produit\/je-taime-maman\/","url":"https:\/\/otakustyle08.com\/produit\/je-taime-maman\/","name":"Je t'aime maman - Otaku&#039;Style","isPartOf":{"@id":"https:\/\/otakustyle08.com\/#website"},"primaryImageOfPage":{"@id":"https:\/\/otakustyle08.com\/produit\/je-taime-maman\/#primaryimage"},"image":{"@id":"https:\/\/otakustyle08.com\/produit\/je-taime-maman\/#primaryimage"},"thumbnailUrl":"https:\/\/otakustyle08.com\/wp-content\/uploads\/2024\/05\/442449263_302982239531307_7553216820313843278_n.webp","datePublished":"2024-05-18T09:54:01+00:00","dateModified":"2024-06-26T13:33:35+00:00","breadcrumb":{"@id":"https:\/\/otakustyle08.com\/produit\/je-taime-maman\/#breadcrumb"},"inLanguage":"fr-FR","potentialAction":[{"@type":"ReadAction","target":["https:\/\/otakustyle08.com\/produit\/je-taime-maman\/"]}]},{"@type":"ImageObject","inLanguage":"fr-FR","@id":"https:\/\/otakustyle08.com\/produit\/je-taime-maman\/#primaryimage","url":"https:\/\/otakustyle08.com\/wp-content\/uploads\/2024\/05\/442449263_302982239531307_7553216820313843278_n.webp","contentUrl":"https:\/\/otakustyle08.com\/wp-content\/uploads\/2024\/05\/442449263_302982239531307_7553216820313843278_n.webp","width":1802,"height":1844},{"@type":"BreadcrumbList","@id":"https:\/\/otakustyle08.com\/produit\/je-taime-maman\/#breadcrumb","itemListElement":[{"@type":"ListItem","position":1,"name":"Accueil","item":"https:\/\/otakustyle08.com\/"},{"@type":"ListItem","position":2,"name":"Produits","item":"https:\/\/otakustyle08.com\/shop\/"},{"@type":"ListItem","position":3,"name":"Je t&#8217;aime maman"}]},{"@type":"WebSite","@id":"https:\/\/otakustyle08.com\/#website","url":"https:\/\/otakustyle08.com\/","name":"Otaku&#039;Style","description":"","potentialAction":[{"@type":"SearchAction","target":{"@type":"EntryPoint","urlTemplate":"https:\/\/otakustyle08.com\/?s={search_term_string}"},"query-input":{"@type":"PropertyValueSpecification","valueRequired":true,"valueName":"search_term_string"}}],"inLanguage":"fr-FR"}]}},"_links":{"self":[{"href":"https:\/\/otakustyle08.com\/index.php?rest_route=\/wp\/v2\/product\/4695","targetHints":{"allow":["GET"]}}],"collection":[{"href":"https:\/\/otakustyle08.com\/index.php?rest_route=\/wp\/v2\/product"}],"about":[{"href":"https:\/\/otakustyle08.com\/index.php?rest_route=\/wp\/v2\/types\/product"}],"replies":[{"embeddable":true,"href":"https:\/\/otakustyle08.com\/index.php?rest_route=%2Fwp%2Fv2%2Fcomments&post=4695"}],"version-history":[{"count":2,"href":"https:\/\/otakustyle08.com\/index.php?rest_route=\/wp\/v2\/product\/4695\/revisions"}],"predecessor-version":[{"id":4699,"href":"https:\/\/otakustyle08.com\/index.php?rest_route=\/wp\/v2\/product\/4695\/revisions\/4699"}],"wp:featuredmedia":[{"embeddable":true,"href":"https:\/\/otakustyle08.com\/index.php?rest_route=\/wp\/v2\/media\/4696"}],"wp:attachment":[{"href":"https:\/\/otakustyle08.com\/index.php?rest_route=%2Fwp%2Fv2%2Fmedia&parent=4695"}],"wp:term":[{"taxonomy":"product_brand","embeddable":true,"href":"https:\/\/otakustyle08.com\/index.php?rest_route=%2Fwp%2Fv2%2Fproduct_brand&post=4695"},{"taxonomy":"product_cat","embeddable":true,"href":"https:\/\/otakustyle08.com\/index.php?rest_route=%2Fwp%2Fv2%2Fproduct_cat&post=4695"},{"taxonomy":"product_tag","embeddable":true,"href":"https:\/\/otakustyle08.com\/index.php?rest_route=%2Fwp%2Fv2%2Fproduct_tag&post=4695"}],"curies":[{"name":"wp","href":"https:\/\/api.w.org\/{rel}","templated":true}]}}