{"id":5333,"date":"2024-07-11T15:37:16","date_gmt":"2024-07-11T13:37:16","guid":{"rendered":"https:\/\/otakustyle08.com\/?post_type=product&#038;p=5333"},"modified":"2024-07-11T15:45:15","modified_gmt":"2024-07-11T13:45:15","slug":"lisa-et-bart","status":"publish","type":"product","link":"https:\/\/otakustyle08.com\/?product=lisa-et-bart","title":{"rendered":"Lisa et Bart"},"content":{"rendered":"<p>Plongez dans l&#8217;univers humoristique et vibrant des Simpson avec notre illustration en couleur mettant en sc\u00e8ne les fr\u00e8res et s\u0153urs embl\u00e9matiques, Lisa et Bart Simpson. Capturant leur personnalit\u00e9 espi\u00e8gle et dynamique, cette \u0153uvre en couleurs vives est parfaite pour les fans de la s\u00e9rie et les amateurs d&#8217;art pop. En format A3, cette illustration est id\u00e9ale pour \u00e9gayer n&#8217;importe quel espace de vie, salle de jeux ou bureau, apportant une dose de nostalgie et de bonne humeur. Que ce soit pour votre propre collection ou comme cadeau pour un fan des Simpson, cette repr\u00e9sentation color\u00e9e de Lisa et Bart ajoutera une note joyeuse et amusante \u00e0 votre d\u00e9coration murale. \ud83c\udfa8\ud83c\udfe1\ud83c\udf1f<\/p>\n","protected":false},"excerpt":{"rendered":"<p>Apportez une touche de Springfield chez vous avec notre illustration en couleur de Lisa et Bart Simpson, disponible en format A3.<\/p>\n","protected":false},"featured_media":5294,"comment_status":"open","ping_status":"closed","template":"","meta":{"_EventAllDay":false,"_EventTimezone":"","_EventStartDate":"","_EventEndDate":"","_EventStartDateUTC":"","_EventEndDateUTC":"","_EventShowMap":false,"_EventShowMapLink":false,"_EventURL":"","_EventCost":"","_EventCostDescription":"","_EventCurrencySymbol":"","_EventCurrencyCode":"","_EventCurrencyPosition":"","_EventDateTimeSeparator":"","_EventTimeRangeSeparator":"","_EventOrganizerID":[],"_EventVenueID":[],"_OrganizerEmail":"","_OrganizerPhone":"","_OrganizerWebsite":"","_VenueAddress":"","_VenueCity":"","_VenueCountry":"","_VenueProvince":"","_VenueState":"","_VenueZip":"","_VenuePhone":"","_VenueURL":"","_VenueStateProvince":"","_VenueLat":"","_VenueLng":"","_VenueShowMap":false,"_VenueShowMapLink":false},"product_brand":[],"product_cat":[16],"product_tag":[],"class_list":{"0":"post-5333","1":"product","2":"type-product","3":"status-publish","4":"has-post-thumbnail","6":"product_cat-simpsons","8":"first","9":"instock","10":"taxable","11":"shipping-taxable","12":"purchasable","13":"product-type-variable","14":"has-default-attributes"},"yoast_head":"<!-- This site is optimized with the Yoast SEO Premium plugin v22.2 (Yoast SEO v25.9) - https:\/\/yoast.com\/wordpress\/plugins\/seo\/ -->\n<title>Lisa et Bart - Otaku&#039;Style<\/title>\n<meta name=\"robots\" content=\"index, follow, max-snippet:-1, max-image-preview:large, max-video-preview:-1\" \/>\n<link rel=\"canonical\" href=\"https:\/\/otakustyle08.com\/produit\/lisa-et-bart\/\" \/>\n<meta property=\"og:locale\" content=\"fr_FR\" \/>\n<meta property=\"og:type\" content=\"article\" \/>\n<meta property=\"og:title\" content=\"Lisa et Bart\" \/>\n<meta property=\"og:description\" content=\"Apportez une touche de Springfield chez vous avec notre illustration en couleur de Lisa et Bart Simpson, disponible en format A3.\" \/>\n<meta property=\"og:url\" content=\"https:\/\/otakustyle08.com\/produit\/lisa-et-bart\/\" \/>\n<meta property=\"og:site_name\" content=\"Otaku&#039;Style\" \/>\n<meta property=\"article:modified_time\" content=\"2024-07-11T13:45:15+00:00\" \/>\n<meta name=\"twitter:card\" content=\"summary_large_image\" \/>\n<meta name=\"twitter:label1\" content=\"Dur\u00e9e de lecture estim\u00e9e\" \/>\n\t<meta name=\"twitter:data1\" content=\"1 minute\" \/>\n<script type=\"application\/ld+json\" class=\"yoast-schema-graph\">{\"@context\":\"https:\/\/schema.org\",\"@graph\":[{\"@type\":\"WebPage\",\"@id\":\"https:\/\/otakustyle08.com\/produit\/lisa-et-bart\/\",\"url\":\"https:\/\/otakustyle08.com\/produit\/lisa-et-bart\/\",\"name\":\"Lisa et Bart - Otaku&#039;Style\",\"isPartOf\":{\"@id\":\"https:\/\/otakustyle08.com\/#website\"},\"primaryImageOfPage\":{\"@id\":\"https:\/\/otakustyle08.com\/produit\/lisa-et-bart\/#primaryimage\"},\"image\":{\"@id\":\"https:\/\/otakustyle08.com\/produit\/lisa-et-bart\/#primaryimage\"},\"thumbnailUrl\":\"https:\/\/otakustyle08.com\/wp-content\/uploads\/2024\/07\/449295988_1211016936931131_683698182149846925_n.jpg\",\"datePublished\":\"2024-07-11T13:37:16+00:00\",\"dateModified\":\"2024-07-11T13:45:15+00:00\",\"breadcrumb\":{\"@id\":\"https:\/\/otakustyle08.com\/produit\/lisa-et-bart\/#breadcrumb\"},\"inLanguage\":\"fr-FR\",\"potentialAction\":[{\"@type\":\"ReadAction\",\"target\":[\"https:\/\/otakustyle08.com\/produit\/lisa-et-bart\/\"]}]},{\"@type\":\"ImageObject\",\"inLanguage\":\"fr-FR\",\"@id\":\"https:\/\/otakustyle08.com\/produit\/lisa-et-bart\/#primaryimage\",\"url\":\"https:\/\/otakustyle08.com\/wp-content\/uploads\/2024\/07\/449295988_1211016936931131_683698182149846925_n.jpg\",\"contentUrl\":\"https:\/\/otakustyle08.com\/wp-content\/uploads\/2024\/07\/449295988_1211016936931131_683698182149846925_n.jpg\",\"width\":1953,\"height\":1443},{\"@type\":\"BreadcrumbList\",\"@id\":\"https:\/\/otakustyle08.com\/produit\/lisa-et-bart\/#breadcrumb\",\"itemListElement\":[{\"@type\":\"ListItem\",\"position\":1,\"name\":\"Accueil\",\"item\":\"https:\/\/otakustyle08.com\/\"},{\"@type\":\"ListItem\",\"position\":2,\"name\":\"Produits\",\"item\":\"https:\/\/otakustyle08.com\/shop\/\"},{\"@type\":\"ListItem\",\"position\":3,\"name\":\"Lisa et Bart\"}]},{\"@type\":\"WebSite\",\"@id\":\"https:\/\/otakustyle08.com\/#website\",\"url\":\"https:\/\/otakustyle08.com\/\",\"name\":\"Otaku&#039;Style\",\"description\":\"\",\"potentialAction\":[{\"@type\":\"SearchAction\",\"target\":{\"@type\":\"EntryPoint\",\"urlTemplate\":\"https:\/\/otakustyle08.com\/?s={search_term_string}\"},\"query-input\":{\"@type\":\"PropertyValueSpecification\",\"valueRequired\":true,\"valueName\":\"search_term_string\"}}],\"inLanguage\":\"fr-FR\"}]}<\/script>\n<!-- \/ Yoast SEO Premium plugin. -->","yoast_head_json":{"title":"Lisa et Bart - Otaku&#039;Style","robots":{"index":"index","follow":"follow","max-snippet":"max-snippet:-1","max-image-preview":"max-image-preview:large","max-video-preview":"max-video-preview:-1"},"canonical":"https:\/\/otakustyle08.com\/produit\/lisa-et-bart\/","og_locale":"fr_FR","og_type":"article","og_title":"Lisa et Bart","og_description":"Apportez une touche de Springfield chez vous avec notre illustration en couleur de Lisa et Bart Simpson, disponible en format A3.","og_url":"https:\/\/otakustyle08.com\/produit\/lisa-et-bart\/","og_site_name":"Otaku&#039;Style","article_modified_time":"2024-07-11T13:45:15+00:00","twitter_card":"summary_large_image","twitter_misc":{"Dur\u00e9e de lecture estim\u00e9e":"1 minute"},"schema":{"@context":"https:\/\/schema.org","@graph":[{"@type":"WebPage","@id":"https:\/\/otakustyle08.com\/produit\/lisa-et-bart\/","url":"https:\/\/otakustyle08.com\/produit\/lisa-et-bart\/","name":"Lisa et Bart - Otaku&#039;Style","isPartOf":{"@id":"https:\/\/otakustyle08.com\/#website"},"primaryImageOfPage":{"@id":"https:\/\/otakustyle08.com\/produit\/lisa-et-bart\/#primaryimage"},"image":{"@id":"https:\/\/otakustyle08.com\/produit\/lisa-et-bart\/#primaryimage"},"thumbnailUrl":"https:\/\/otakustyle08.com\/wp-content\/uploads\/2024\/07\/449295988_1211016936931131_683698182149846925_n.jpg","datePublished":"2024-07-11T13:37:16+00:00","dateModified":"2024-07-11T13:45:15+00:00","breadcrumb":{"@id":"https:\/\/otakustyle08.com\/produit\/lisa-et-bart\/#breadcrumb"},"inLanguage":"fr-FR","potentialAction":[{"@type":"ReadAction","target":["https:\/\/otakustyle08.com\/produit\/lisa-et-bart\/"]}]},{"@type":"ImageObject","inLanguage":"fr-FR","@id":"https:\/\/otakustyle08.com\/produit\/lisa-et-bart\/#primaryimage","url":"https:\/\/otakustyle08.com\/wp-content\/uploads\/2024\/07\/449295988_1211016936931131_683698182149846925_n.jpg","contentUrl":"https:\/\/otakustyle08.com\/wp-content\/uploads\/2024\/07\/449295988_1211016936931131_683698182149846925_n.jpg","width":1953,"height":1443},{"@type":"BreadcrumbList","@id":"https:\/\/otakustyle08.com\/produit\/lisa-et-bart\/#breadcrumb","itemListElement":[{"@type":"ListItem","position":1,"name":"Accueil","item":"https:\/\/otakustyle08.com\/"},{"@type":"ListItem","position":2,"name":"Produits","item":"https:\/\/otakustyle08.com\/shop\/"},{"@type":"ListItem","position":3,"name":"Lisa et Bart"}]},{"@type":"WebSite","@id":"https:\/\/otakustyle08.com\/#website","url":"https:\/\/otakustyle08.com\/","name":"Otaku&#039;Style","description":"","potentialAction":[{"@type":"SearchAction","target":{"@type":"EntryPoint","urlTemplate":"https:\/\/otakustyle08.com\/?s={search_term_string}"},"query-input":{"@type":"PropertyValueSpecification","valueRequired":true,"valueName":"search_term_string"}}],"inLanguage":"fr-FR"}]}},"_links":{"self":[{"href":"https:\/\/otakustyle08.com\/index.php?rest_route=\/wp\/v2\/product\/5333","targetHints":{"allow":["GET"]}}],"collection":[{"href":"https:\/\/otakustyle08.com\/index.php?rest_route=\/wp\/v2\/product"}],"about":[{"href":"https:\/\/otakustyle08.com\/index.php?rest_route=\/wp\/v2\/types\/product"}],"replies":[{"embeddable":true,"href":"https:\/\/otakustyle08.com\/index.php?rest_route=%2Fwp%2Fv2%2Fcomments&post=5333"}],"version-history":[{"count":1,"href":"https:\/\/otakustyle08.com\/index.php?rest_route=\/wp\/v2\/product\/5333\/revisions"}],"predecessor-version":[{"id":5334,"href":"https:\/\/otakustyle08.com\/index.php?rest_route=\/wp\/v2\/product\/5333\/revisions\/5334"}],"wp:featuredmedia":[{"embeddable":true,"href":"https:\/\/otakustyle08.com\/index.php?rest_route=\/wp\/v2\/media\/5294"}],"wp:attachment":[{"href":"https:\/\/otakustyle08.com\/index.php?rest_route=%2Fwp%2Fv2%2Fmedia&parent=5333"}],"wp:term":[{"taxonomy":"product_brand","embeddable":true,"href":"https:\/\/otakustyle08.com\/index.php?rest_route=%2Fwp%2Fv2%2Fproduct_brand&post=5333"},{"taxonomy":"product_cat","embeddable":true,"href":"https:\/\/otakustyle08.com\/index.php?rest_route=%2Fwp%2Fv2%2Fproduct_cat&post=5333"},{"taxonomy":"product_tag","embeddable":true,"href":"https:\/\/otakustyle08.com\/index.php?rest_route=%2Fwp%2Fv2%2Fproduct_tag&post=5333"}],"curies":[{"name":"wp","href":"https:\/\/api.w.org\/{rel}","templated":true}]}}