{"id":5365,"date":"2024-07-11T16:17:22","date_gmt":"2024-07-11T14:17:22","guid":{"rendered":"https:\/\/otakustyle08.com\/?post_type=product&#038;p=5365"},"modified":"2024-07-11T16:20:21","modified_gmt":"2024-07-11T14:20:21","slug":"goldorak-et-actarus","status":"publish","type":"product","link":"https:\/\/otakustyle08.com\/?product=goldorak-et-actarus","title":{"rendered":"Goldorak et Actarus"},"content":{"rendered":"<p>Revivez l&#8217;\u00e9pop\u00e9e intergalactique avec notre illustration de Goldorak et Actarus en bleu et blanc. Capturant l&#8217;essence de ce c\u00e9l\u00e8bre anime des ann\u00e9es 80, cette \u0153uvre rend hommage \u00e0 la bravoure et \u00e0 la d\u00e9termination de Actarus, pilotant le puissant robot Goldorak. R\u00e9alis\u00e9e avec pr\u00e9cision et passion, cette illustration en format A3 est parfaite pour les fans de mecha et les amateurs d&#8217;art r\u00e9tro. Ajoutez une touche vintage \u00e0 votre d\u00e9coration murale dans votre salon, chambre ou espace de collection avec cette repr\u00e9sentation embl\u00e9matique de Goldorak et Actarus. \ud83d\ude80\ud83d\udcab<\/p>\n","protected":false},"excerpt":{"rendered":"<p>Plongez dans la nostalgie avec notre illustration de Goldorak et Actarus en bleu et blanc, disponible en format A3.<\/p>\n","protected":false},"featured_media":5305,"comment_status":"open","ping_status":"closed","template":"","meta":{"_EventAllDay":false,"_EventTimezone":"","_EventStartDate":"","_EventEndDate":"","_EventStartDateUTC":"","_EventEndDateUTC":"","_EventShowMap":false,"_EventShowMapLink":false,"_EventURL":"","_EventCost":"","_EventCostDescription":"","_EventCurrencySymbol":"","_EventCurrencyCode":"","_EventCurrencyPosition":"","_EventDateTimeSeparator":"","_EventTimeRangeSeparator":"","_EventOrganizerID":[],"_EventVenueID":[],"_OrganizerEmail":"","_OrganizerPhone":"","_OrganizerWebsite":"","_VenueAddress":"","_VenueCity":"","_VenueCountry":"","_VenueProvince":"","_VenueState":"","_VenueZip":"","_VenuePhone":"","_VenueURL":"","_VenueStateProvince":"","_VenueLat":"","_VenueLng":"","_VenueShowMap":false,"_VenueShowMapLink":false},"product_brand":[],"product_cat":[117],"product_tag":[],"class_list":{"0":"post-5365","1":"product","2":"type-product","3":"status-publish","4":"has-post-thumbnail","6":"product_cat-goldorak","8":"first","9":"instock","10":"taxable","11":"shipping-taxable","12":"purchasable","13":"product-type-variable","14":"has-default-attributes"},"yoast_head":"<!-- This site is optimized with the Yoast SEO Premium plugin v22.2 (Yoast SEO v25.9) - https:\/\/yoast.com\/wordpress\/plugins\/seo\/ -->\n<title>Goldorak et Actarus - Otaku&#039;Style<\/title>\n<meta name=\"robots\" content=\"index, follow, max-snippet:-1, max-image-preview:large, max-video-preview:-1\" \/>\n<link rel=\"canonical\" href=\"https:\/\/otakustyle08.com\/produit\/goldorak-et-actarus\/\" \/>\n<meta property=\"og:locale\" content=\"fr_FR\" \/>\n<meta property=\"og:type\" content=\"article\" \/>\n<meta property=\"og:title\" content=\"Goldorak et Actarus\" \/>\n<meta property=\"og:description\" content=\"Plongez dans la nostalgie avec notre illustration de Goldorak et Actarus en bleu et blanc, disponible en format A3.\" \/>\n<meta property=\"og:url\" content=\"https:\/\/otakustyle08.com\/produit\/goldorak-et-actarus\/\" \/>\n<meta property=\"og:site_name\" content=\"Otaku&#039;Style\" \/>\n<meta property=\"article:modified_time\" content=\"2024-07-11T14:20:21+00:00\" \/>\n<meta name=\"twitter:card\" content=\"summary_large_image\" \/>\n<script type=\"application\/ld+json\" class=\"yoast-schema-graph\">{\"@context\":\"https:\/\/schema.org\",\"@graph\":[{\"@type\":\"WebPage\",\"@id\":\"https:\/\/otakustyle08.com\/produit\/goldorak-et-actarus\/\",\"url\":\"https:\/\/otakustyle08.com\/produit\/goldorak-et-actarus\/\",\"name\":\"Goldorak et Actarus - Otaku&#039;Style\",\"isPartOf\":{\"@id\":\"https:\/\/otakustyle08.com\/#website\"},\"primaryImageOfPage\":{\"@id\":\"https:\/\/otakustyle08.com\/produit\/goldorak-et-actarus\/#primaryimage\"},\"image\":{\"@id\":\"https:\/\/otakustyle08.com\/produit\/goldorak-et-actarus\/#primaryimage\"},\"thumbnailUrl\":\"https:\/\/otakustyle08.com\/wp-content\/uploads\/2024\/07\/449213212_857128956279562_3786262089386117831_n.jpg\",\"datePublished\":\"2024-07-11T14:17:22+00:00\",\"dateModified\":\"2024-07-11T14:20:21+00:00\",\"breadcrumb\":{\"@id\":\"https:\/\/otakustyle08.com\/produit\/goldorak-et-actarus\/#breadcrumb\"},\"inLanguage\":\"fr-FR\",\"potentialAction\":[{\"@type\":\"ReadAction\",\"target\":[\"https:\/\/otakustyle08.com\/produit\/goldorak-et-actarus\/\"]}]},{\"@type\":\"ImageObject\",\"inLanguage\":\"fr-FR\",\"@id\":\"https:\/\/otakustyle08.com\/produit\/goldorak-et-actarus\/#primaryimage\",\"url\":\"https:\/\/otakustyle08.com\/wp-content\/uploads\/2024\/07\/449213212_857128956279562_3786262089386117831_n.jpg\",\"contentUrl\":\"https:\/\/otakustyle08.com\/wp-content\/uploads\/2024\/07\/449213212_857128956279562_3786262089386117831_n.jpg\",\"width\":1284,\"height\":1785},{\"@type\":\"BreadcrumbList\",\"@id\":\"https:\/\/otakustyle08.com\/produit\/goldorak-et-actarus\/#breadcrumb\",\"itemListElement\":[{\"@type\":\"ListItem\",\"position\":1,\"name\":\"Accueil\",\"item\":\"https:\/\/otakustyle08.com\/\"},{\"@type\":\"ListItem\",\"position\":2,\"name\":\"Produits\",\"item\":\"https:\/\/otakustyle08.com\/shop\/\"},{\"@type\":\"ListItem\",\"position\":3,\"name\":\"Goldorak et Actarus\"}]},{\"@type\":\"WebSite\",\"@id\":\"https:\/\/otakustyle08.com\/#website\",\"url\":\"https:\/\/otakustyle08.com\/\",\"name\":\"Otaku&#039;Style\",\"description\":\"\",\"potentialAction\":[{\"@type\":\"SearchAction\",\"target\":{\"@type\":\"EntryPoint\",\"urlTemplate\":\"https:\/\/otakustyle08.com\/?s={search_term_string}\"},\"query-input\":{\"@type\":\"PropertyValueSpecification\",\"valueRequired\":true,\"valueName\":\"search_term_string\"}}],\"inLanguage\":\"fr-FR\"}]}<\/script>\n<!-- \/ Yoast SEO Premium plugin. -->","yoast_head_json":{"title":"Goldorak et Actarus - Otaku&#039;Style","robots":{"index":"index","follow":"follow","max-snippet":"max-snippet:-1","max-image-preview":"max-image-preview:large","max-video-preview":"max-video-preview:-1"},"canonical":"https:\/\/otakustyle08.com\/produit\/goldorak-et-actarus\/","og_locale":"fr_FR","og_type":"article","og_title":"Goldorak et Actarus","og_description":"Plongez dans la nostalgie avec notre illustration de Goldorak et Actarus en bleu et blanc, disponible en format A3.","og_url":"https:\/\/otakustyle08.com\/produit\/goldorak-et-actarus\/","og_site_name":"Otaku&#039;Style","article_modified_time":"2024-07-11T14:20:21+00:00","twitter_card":"summary_large_image","schema":{"@context":"https:\/\/schema.org","@graph":[{"@type":"WebPage","@id":"https:\/\/otakustyle08.com\/produit\/goldorak-et-actarus\/","url":"https:\/\/otakustyle08.com\/produit\/goldorak-et-actarus\/","name":"Goldorak et Actarus - Otaku&#039;Style","isPartOf":{"@id":"https:\/\/otakustyle08.com\/#website"},"primaryImageOfPage":{"@id":"https:\/\/otakustyle08.com\/produit\/goldorak-et-actarus\/#primaryimage"},"image":{"@id":"https:\/\/otakustyle08.com\/produit\/goldorak-et-actarus\/#primaryimage"},"thumbnailUrl":"https:\/\/otakustyle08.com\/wp-content\/uploads\/2024\/07\/449213212_857128956279562_3786262089386117831_n.jpg","datePublished":"2024-07-11T14:17:22+00:00","dateModified":"2024-07-11T14:20:21+00:00","breadcrumb":{"@id":"https:\/\/otakustyle08.com\/produit\/goldorak-et-actarus\/#breadcrumb"},"inLanguage":"fr-FR","potentialAction":[{"@type":"ReadAction","target":["https:\/\/otakustyle08.com\/produit\/goldorak-et-actarus\/"]}]},{"@type":"ImageObject","inLanguage":"fr-FR","@id":"https:\/\/otakustyle08.com\/produit\/goldorak-et-actarus\/#primaryimage","url":"https:\/\/otakustyle08.com\/wp-content\/uploads\/2024\/07\/449213212_857128956279562_3786262089386117831_n.jpg","contentUrl":"https:\/\/otakustyle08.com\/wp-content\/uploads\/2024\/07\/449213212_857128956279562_3786262089386117831_n.jpg","width":1284,"height":1785},{"@type":"BreadcrumbList","@id":"https:\/\/otakustyle08.com\/produit\/goldorak-et-actarus\/#breadcrumb","itemListElement":[{"@type":"ListItem","position":1,"name":"Accueil","item":"https:\/\/otakustyle08.com\/"},{"@type":"ListItem","position":2,"name":"Produits","item":"https:\/\/otakustyle08.com\/shop\/"},{"@type":"ListItem","position":3,"name":"Goldorak et Actarus"}]},{"@type":"WebSite","@id":"https:\/\/otakustyle08.com\/#website","url":"https:\/\/otakustyle08.com\/","name":"Otaku&#039;Style","description":"","potentialAction":[{"@type":"SearchAction","target":{"@type":"EntryPoint","urlTemplate":"https:\/\/otakustyle08.com\/?s={search_term_string}"},"query-input":{"@type":"PropertyValueSpecification","valueRequired":true,"valueName":"search_term_string"}}],"inLanguage":"fr-FR"}]}},"_links":{"self":[{"href":"https:\/\/otakustyle08.com\/index.php?rest_route=\/wp\/v2\/product\/5365","targetHints":{"allow":["GET"]}}],"collection":[{"href":"https:\/\/otakustyle08.com\/index.php?rest_route=\/wp\/v2\/product"}],"about":[{"href":"https:\/\/otakustyle08.com\/index.php?rest_route=\/wp\/v2\/types\/product"}],"replies":[{"embeddable":true,"href":"https:\/\/otakustyle08.com\/index.php?rest_route=%2Fwp%2Fv2%2Fcomments&post=5365"}],"version-history":[{"count":1,"href":"https:\/\/otakustyle08.com\/index.php?rest_route=\/wp\/v2\/product\/5365\/revisions"}],"predecessor-version":[{"id":5366,"href":"https:\/\/otakustyle08.com\/index.php?rest_route=\/wp\/v2\/product\/5365\/revisions\/5366"}],"wp:featuredmedia":[{"embeddable":true,"href":"https:\/\/otakustyle08.com\/index.php?rest_route=\/wp\/v2\/media\/5305"}],"wp:attachment":[{"href":"https:\/\/otakustyle08.com\/index.php?rest_route=%2Fwp%2Fv2%2Fmedia&parent=5365"}],"wp:term":[{"taxonomy":"product_brand","embeddable":true,"href":"https:\/\/otakustyle08.com\/index.php?rest_route=%2Fwp%2Fv2%2Fproduct_brand&post=5365"},{"taxonomy":"product_cat","embeddable":true,"href":"https:\/\/otakustyle08.com\/index.php?rest_route=%2Fwp%2Fv2%2Fproduct_cat&post=5365"},{"taxonomy":"product_tag","embeddable":true,"href":"https:\/\/otakustyle08.com\/index.php?rest_route=%2Fwp%2Fv2%2Fproduct_tag&post=5365"}],"curies":[{"name":"wp","href":"https:\/\/api.w.org\/{rel}","templated":true}]}}