{"id":5577,"date":"2024-07-12T14:18:42","date_gmt":"2024-07-12T12:18:42","guid":{"rendered":"https:\/\/otakustyle08.com\/?post_type=product&#038;p=5577"},"modified":"2024-07-12T14:48:28","modified_gmt":"2024-07-12T12:48:28","slug":"attrape-reve-dark-vador","status":"publish","type":"product","link":"https:\/\/otakustyle08.com\/?product=attrape-reve-dark-vador","title":{"rendered":"Attrape r\u00eave Dark Vador"},"content":{"rendered":"<p>Plongez dans une ambiance galactique avec cet attrape-r\u00eaves unique inspir\u00e9 de Dark Vador. D&#8217;un diam\u00e8tre de 22 cm, cet attrape-r\u00eaves est minutieusement fabriqu\u00e9 avec de la laine douce, agr\u00e9ment\u00e9 de perles \u00e0 repasser pour des d\u00e9tails captivants et d\u00e9cor\u00e9 de pompons pour une touche de fantaisie. Parfait pour les fans de Star Wars, cet attrape-r\u00eaves saura apporter une touche mystique et \u00e9l\u00e9gante \u00e0 votre int\u00e9rieur tout en chassant les mauvais r\u00eaves. Offrez-vous ou offrez \u00e0 un proche ce magnifique objet de d\u00e9coration qui allie originalit\u00e9 et charme intemporel.<\/p>\n","protected":false},"excerpt":{"rendered":"<p>Attrape-r\u00eaves Dark Vador, 22 cm de diam\u00e8tre, con\u00e7u avec de la laine, des perles \u00e0 repasser et des pompons.<\/p>\n","protected":false},"featured_media":5578,"comment_status":"open","ping_status":"closed","template":"","meta":{"_EventAllDay":false,"_EventTimezone":"","_EventStartDate":"","_EventEndDate":"","_EventStartDateUTC":"","_EventEndDateUTC":"","_EventShowMap":false,"_EventShowMapLink":false,"_EventURL":"","_EventCost":"","_EventCostDescription":"","_EventCurrencySymbol":"","_EventCurrencyCode":"","_EventCurrencyPosition":"","_EventDateTimeSeparator":"","_EventTimeRangeSeparator":"","_EventOrganizerID":[],"_EventVenueID":[],"_OrganizerEmail":"","_OrganizerPhone":"","_OrganizerWebsite":"","_VenueAddress":"","_VenueCity":"","_VenueCountry":"","_VenueProvince":"","_VenueState":"","_VenueZip":"","_VenuePhone":"","_VenueURL":"","_VenueStateProvince":"","_VenueLat":"","_VenueLng":"","_VenueShowMap":false,"_VenueShowMapLink":false},"product_brand":[],"product_cat":[224],"product_tag":[],"class_list":{"0":"post-5577","1":"product","2":"type-product","3":"status-publish","4":"has-post-thumbnail","6":"product_cat-attrapes-reves","7":"product_shipping_class-0-250-kilo","9":"first","10":"instock","11":"taxable","12":"shipping-taxable","13":"purchasable","14":"product-type-simple"},"yoast_head":"<!-- This site is optimized with the Yoast SEO Premium plugin v22.2 (Yoast SEO v25.9) - https:\/\/yoast.com\/wordpress\/plugins\/seo\/ -->\n<title>Attrape r\u00eave Dark Vador - Otaku&#039;Style<\/title>\n<meta name=\"robots\" content=\"index, follow, max-snippet:-1, max-image-preview:large, max-video-preview:-1\" \/>\n<link rel=\"canonical\" href=\"https:\/\/otakustyle08.com\/produit\/attrape-reve-dark-vador\/\" \/>\n<meta property=\"og:locale\" content=\"fr_FR\" \/>\n<meta property=\"og:type\" content=\"article\" \/>\n<meta property=\"og:title\" content=\"Attrape r\u00eave Dark Vador\" \/>\n<meta property=\"og:description\" content=\"Attrape-r\u00eaves Dark Vador, 22 cm de diam\u00e8tre, con\u00e7u avec de la laine, des perles \u00e0 repasser et des pompons.\" \/>\n<meta property=\"og:url\" content=\"https:\/\/otakustyle08.com\/produit\/attrape-reve-dark-vador\/\" \/>\n<meta property=\"og:site_name\" content=\"Otaku&#039;Style\" \/>\n<meta property=\"article:modified_time\" content=\"2024-07-12T12:48:28+00:00\" \/>\n<meta property=\"og:image\" content=\"https:\/\/otakustyle08.com\/wp-content\/uploads\/2024\/07\/449373136_1209370070080402_6064785589057479861_n.jpg\" \/>\n\t<meta property=\"og:image:width\" content=\"820\" \/>\n\t<meta property=\"og:image:height\" content=\"1730\" \/>\n\t<meta property=\"og:image:type\" content=\"image\/jpeg\" \/>\n<meta name=\"twitter:card\" content=\"summary_large_image\" \/>\n<script type=\"application\/ld+json\" class=\"yoast-schema-graph\">{\"@context\":\"https:\/\/schema.org\",\"@graph\":[{\"@type\":\"WebPage\",\"@id\":\"https:\/\/otakustyle08.com\/produit\/attrape-reve-dark-vador\/\",\"url\":\"https:\/\/otakustyle08.com\/produit\/attrape-reve-dark-vador\/\",\"name\":\"Attrape r\u00eave Dark Vador - Otaku&#039;Style\",\"isPartOf\":{\"@id\":\"https:\/\/otakustyle08.com\/#website\"},\"primaryImageOfPage\":{\"@id\":\"https:\/\/otakustyle08.com\/produit\/attrape-reve-dark-vador\/#primaryimage\"},\"image\":{\"@id\":\"https:\/\/otakustyle08.com\/produit\/attrape-reve-dark-vador\/#primaryimage\"},\"thumbnailUrl\":\"https:\/\/otakustyle08.com\/wp-content\/uploads\/2024\/07\/449373136_1209370070080402_6064785589057479861_n.jpg\",\"datePublished\":\"2024-07-12T12:18:42+00:00\",\"dateModified\":\"2024-07-12T12:48:28+00:00\",\"breadcrumb\":{\"@id\":\"https:\/\/otakustyle08.com\/produit\/attrape-reve-dark-vador\/#breadcrumb\"},\"inLanguage\":\"fr-FR\",\"potentialAction\":[{\"@type\":\"ReadAction\",\"target\":[\"https:\/\/otakustyle08.com\/produit\/attrape-reve-dark-vador\/\"]}]},{\"@type\":\"ImageObject\",\"inLanguage\":\"fr-FR\",\"@id\":\"https:\/\/otakustyle08.com\/produit\/attrape-reve-dark-vador\/#primaryimage\",\"url\":\"https:\/\/otakustyle08.com\/wp-content\/uploads\/2024\/07\/449373136_1209370070080402_6064785589057479861_n.jpg\",\"contentUrl\":\"https:\/\/otakustyle08.com\/wp-content\/uploads\/2024\/07\/449373136_1209370070080402_6064785589057479861_n.jpg\",\"width\":820,\"height\":1730},{\"@type\":\"BreadcrumbList\",\"@id\":\"https:\/\/otakustyle08.com\/produit\/attrape-reve-dark-vador\/#breadcrumb\",\"itemListElement\":[{\"@type\":\"ListItem\",\"position\":1,\"name\":\"Accueil\",\"item\":\"https:\/\/otakustyle08.com\/\"},{\"@type\":\"ListItem\",\"position\":2,\"name\":\"Produits\",\"item\":\"https:\/\/otakustyle08.com\/shop\/\"},{\"@type\":\"ListItem\",\"position\":3,\"name\":\"Attrape r\u00eave Dark Vador\"}]},{\"@type\":\"WebSite\",\"@id\":\"https:\/\/otakustyle08.com\/#website\",\"url\":\"https:\/\/otakustyle08.com\/\",\"name\":\"Otaku&#039;Style\",\"description\":\"\",\"potentialAction\":[{\"@type\":\"SearchAction\",\"target\":{\"@type\":\"EntryPoint\",\"urlTemplate\":\"https:\/\/otakustyle08.com\/?s={search_term_string}\"},\"query-input\":{\"@type\":\"PropertyValueSpecification\",\"valueRequired\":true,\"valueName\":\"search_term_string\"}}],\"inLanguage\":\"fr-FR\"}]}<\/script>\n<!-- \/ Yoast SEO Premium plugin. -->","yoast_head_json":{"title":"Attrape r\u00eave Dark Vador - Otaku&#039;Style","robots":{"index":"index","follow":"follow","max-snippet":"max-snippet:-1","max-image-preview":"max-image-preview:large","max-video-preview":"max-video-preview:-1"},"canonical":"https:\/\/otakustyle08.com\/produit\/attrape-reve-dark-vador\/","og_locale":"fr_FR","og_type":"article","og_title":"Attrape r\u00eave Dark Vador","og_description":"Attrape-r\u00eaves Dark Vador, 22 cm de diam\u00e8tre, con\u00e7u avec de la laine, des perles \u00e0 repasser et des pompons.","og_url":"https:\/\/otakustyle08.com\/produit\/attrape-reve-dark-vador\/","og_site_name":"Otaku&#039;Style","article_modified_time":"2024-07-12T12:48:28+00:00","og_image":[{"width":820,"height":1730,"url":"https:\/\/otakustyle08.com\/wp-content\/uploads\/2024\/07\/449373136_1209370070080402_6064785589057479861_n.jpg","type":"image\/jpeg"}],"twitter_card":"summary_large_image","schema":{"@context":"https:\/\/schema.org","@graph":[{"@type":"WebPage","@id":"https:\/\/otakustyle08.com\/produit\/attrape-reve-dark-vador\/","url":"https:\/\/otakustyle08.com\/produit\/attrape-reve-dark-vador\/","name":"Attrape r\u00eave Dark Vador - Otaku&#039;Style","isPartOf":{"@id":"https:\/\/otakustyle08.com\/#website"},"primaryImageOfPage":{"@id":"https:\/\/otakustyle08.com\/produit\/attrape-reve-dark-vador\/#primaryimage"},"image":{"@id":"https:\/\/otakustyle08.com\/produit\/attrape-reve-dark-vador\/#primaryimage"},"thumbnailUrl":"https:\/\/otakustyle08.com\/wp-content\/uploads\/2024\/07\/449373136_1209370070080402_6064785589057479861_n.jpg","datePublished":"2024-07-12T12:18:42+00:00","dateModified":"2024-07-12T12:48:28+00:00","breadcrumb":{"@id":"https:\/\/otakustyle08.com\/produit\/attrape-reve-dark-vador\/#breadcrumb"},"inLanguage":"fr-FR","potentialAction":[{"@type":"ReadAction","target":["https:\/\/otakustyle08.com\/produit\/attrape-reve-dark-vador\/"]}]},{"@type":"ImageObject","inLanguage":"fr-FR","@id":"https:\/\/otakustyle08.com\/produit\/attrape-reve-dark-vador\/#primaryimage","url":"https:\/\/otakustyle08.com\/wp-content\/uploads\/2024\/07\/449373136_1209370070080402_6064785589057479861_n.jpg","contentUrl":"https:\/\/otakustyle08.com\/wp-content\/uploads\/2024\/07\/449373136_1209370070080402_6064785589057479861_n.jpg","width":820,"height":1730},{"@type":"BreadcrumbList","@id":"https:\/\/otakustyle08.com\/produit\/attrape-reve-dark-vador\/#breadcrumb","itemListElement":[{"@type":"ListItem","position":1,"name":"Accueil","item":"https:\/\/otakustyle08.com\/"},{"@type":"ListItem","position":2,"name":"Produits","item":"https:\/\/otakustyle08.com\/shop\/"},{"@type":"ListItem","position":3,"name":"Attrape r\u00eave Dark Vador"}]},{"@type":"WebSite","@id":"https:\/\/otakustyle08.com\/#website","url":"https:\/\/otakustyle08.com\/","name":"Otaku&#039;Style","description":"","potentialAction":[{"@type":"SearchAction","target":{"@type":"EntryPoint","urlTemplate":"https:\/\/otakustyle08.com\/?s={search_term_string}"},"query-input":{"@type":"PropertyValueSpecification","valueRequired":true,"valueName":"search_term_string"}}],"inLanguage":"fr-FR"}]}},"_links":{"self":[{"href":"https:\/\/otakustyle08.com\/index.php?rest_route=\/wp\/v2\/product\/5577","targetHints":{"allow":["GET"]}}],"collection":[{"href":"https:\/\/otakustyle08.com\/index.php?rest_route=\/wp\/v2\/product"}],"about":[{"href":"https:\/\/otakustyle08.com\/index.php?rest_route=\/wp\/v2\/types\/product"}],"replies":[{"embeddable":true,"href":"https:\/\/otakustyle08.com\/index.php?rest_route=%2Fwp%2Fv2%2Fcomments&post=5577"}],"version-history":[{"count":2,"href":"https:\/\/otakustyle08.com\/index.php?rest_route=\/wp\/v2\/product\/5577\/revisions"}],"predecessor-version":[{"id":5609,"href":"https:\/\/otakustyle08.com\/index.php?rest_route=\/wp\/v2\/product\/5577\/revisions\/5609"}],"wp:featuredmedia":[{"embeddable":true,"href":"https:\/\/otakustyle08.com\/index.php?rest_route=\/wp\/v2\/media\/5578"}],"wp:attachment":[{"href":"https:\/\/otakustyle08.com\/index.php?rest_route=%2Fwp%2Fv2%2Fmedia&parent=5577"}],"wp:term":[{"taxonomy":"product_brand","embeddable":true,"href":"https:\/\/otakustyle08.com\/index.php?rest_route=%2Fwp%2Fv2%2Fproduct_brand&post=5577"},{"taxonomy":"product_cat","embeddable":true,"href":"https:\/\/otakustyle08.com\/index.php?rest_route=%2Fwp%2Fv2%2Fproduct_cat&post=5577"},{"taxonomy":"product_tag","embeddable":true,"href":"https:\/\/otakustyle08.com\/index.php?rest_route=%2Fwp%2Fv2%2Fproduct_tag&post=5577"}],"curies":[{"name":"wp","href":"https:\/\/api.w.org\/{rel}","templated":true}]}}