{"id":5605,"date":"2024-07-12T14:41:28","date_gmt":"2024-07-12T12:41:28","guid":{"rendered":"https:\/\/otakustyle08.com\/?post_type=product&#038;p=5605"},"modified":"2024-07-12T14:43:30","modified_gmt":"2024-07-12T12:43:30","slug":"attrape-reve-superman","status":"publish","type":"product","link":"https:\/\/otakustyle08.com\/?product=attrape-reve-superman","title":{"rendered":"Attrape r\u00eave Superman"},"content":{"rendered":"<p>Ajoutez une touche de super-h\u00e9ros \u00e0 votre d\u00e9coration avec cet attrape-r\u00eaves Superman. D&#8217;un diam\u00e8tre de 20 cm, cet attrape-r\u00eaves est habilement con\u00e7u en laine douce, orn\u00e9 de perles \u00e0 repasser pour des motifs d\u00e9taill\u00e9s et d\u00e9cor\u00e9 de pompons pour une touche de charme. Id\u00e9al pour les fans du l\u00e9gendaire Homme d&#8217;Acier, cet attrape-r\u00eaves offre une protection contre les mauvais r\u00eaves tout en ajoutant une esth\u00e9tique unique \u00e0 votre int\u00e9rieur. Parfait pour une chambre ou un espace de vie, cet attrape-r\u00eaves Superman allie style et fonctionnalit\u00e9. Faites plaisir \u00e0 vous-m\u00eame ou \u00e0 un proche avec cet objet d\u00e9coratif inspir\u00e9 de l&#8217;univers DC Comics.<\/p>\n","protected":false},"excerpt":{"rendered":"<p>Attrape-r\u00eaves Superman, 20 cm de diam\u00e8tre, fabriqu\u00e9 en laine, perles \u00e0 repasser et pompons.<\/p>\n","protected":false},"featured_media":5587,"comment_status":"open","ping_status":"closed","template":"","meta":{"_EventAllDay":false,"_EventTimezone":"","_EventStartDate":"","_EventEndDate":"","_EventStartDateUTC":"","_EventEndDateUTC":"","_EventShowMap":false,"_EventShowMapLink":false,"_EventURL":"","_EventCost":"","_EventCostDescription":"","_EventCurrencySymbol":"","_EventCurrencyCode":"","_EventCurrencyPosition":"","_EventDateTimeSeparator":"","_EventTimeRangeSeparator":"","_EventOrganizerID":[],"_EventVenueID":[],"_OrganizerEmail":"","_OrganizerPhone":"","_OrganizerWebsite":"","_VenueAddress":"","_VenueCity":"","_VenueCountry":"","_VenueProvince":"","_VenueState":"","_VenueZip":"","_VenuePhone":"","_VenueURL":"","_VenueStateProvince":"","_VenueLat":"","_VenueLng":"","_VenueShowMap":false,"_VenueShowMapLink":false},"product_brand":[],"product_cat":[224],"product_tag":[],"class_list":{"0":"post-5605","1":"product","2":"type-product","3":"status-publish","4":"has-post-thumbnail","6":"product_cat-attrapes-reves","7":"product_shipping_class-0-250-kilo","9":"first","10":"instock","11":"taxable","12":"shipping-taxable","13":"purchasable","14":"product-type-simple"},"yoast_head":"<!-- This site is optimized with the Yoast SEO Premium plugin v22.2 (Yoast SEO v25.9) - https:\/\/yoast.com\/wordpress\/plugins\/seo\/ -->\n<title>Attrape r\u00eave Superman - Otaku&#039;Style<\/title>\n<meta name=\"robots\" content=\"index, follow, max-snippet:-1, max-image-preview:large, max-video-preview:-1\" \/>\n<link rel=\"canonical\" href=\"https:\/\/otakustyle08.com\/produit\/attrape-reve-superman\/\" \/>\n<meta property=\"og:locale\" content=\"fr_FR\" \/>\n<meta property=\"og:type\" content=\"article\" \/>\n<meta property=\"og:title\" content=\"Attrape r\u00eave Superman\" \/>\n<meta property=\"og:description\" content=\"Attrape-r\u00eaves Superman, 20 cm de diam\u00e8tre, fabriqu\u00e9 en laine, perles \u00e0 repasser et pompons.\" \/>\n<meta property=\"og:url\" content=\"https:\/\/otakustyle08.com\/produit\/attrape-reve-superman\/\" \/>\n<meta property=\"og:site_name\" content=\"Otaku&#039;Style\" \/>\n<meta property=\"article:modified_time\" content=\"2024-07-12T12:43:30+00:00\" \/>\n<meta name=\"twitter:card\" content=\"summary_large_image\" \/>\n<meta name=\"twitter:label1\" content=\"Dur\u00e9e de lecture estim\u00e9e\" \/>\n\t<meta name=\"twitter:data1\" content=\"1 minute\" \/>\n<script type=\"application\/ld+json\" class=\"yoast-schema-graph\">{\"@context\":\"https:\/\/schema.org\",\"@graph\":[{\"@type\":\"WebPage\",\"@id\":\"https:\/\/otakustyle08.com\/produit\/attrape-reve-superman\/\",\"url\":\"https:\/\/otakustyle08.com\/produit\/attrape-reve-superman\/\",\"name\":\"Attrape r\u00eave Superman - Otaku&#039;Style\",\"isPartOf\":{\"@id\":\"https:\/\/otakustyle08.com\/#website\"},\"primaryImageOfPage\":{\"@id\":\"https:\/\/otakustyle08.com\/produit\/attrape-reve-superman\/#primaryimage\"},\"image\":{\"@id\":\"https:\/\/otakustyle08.com\/produit\/attrape-reve-superman\/#primaryimage\"},\"thumbnailUrl\":\"https:\/\/otakustyle08.com\/wp-content\/uploads\/2024\/07\/449604645_1085705982918968_1845117125635389137_n.jpg\",\"datePublished\":\"2024-07-12T12:41:28+00:00\",\"dateModified\":\"2024-07-12T12:43:30+00:00\",\"breadcrumb\":{\"@id\":\"https:\/\/otakustyle08.com\/produit\/attrape-reve-superman\/#breadcrumb\"},\"inLanguage\":\"fr-FR\",\"potentialAction\":[{\"@type\":\"ReadAction\",\"target\":[\"https:\/\/otakustyle08.com\/produit\/attrape-reve-superman\/\"]}]},{\"@type\":\"ImageObject\",\"inLanguage\":\"fr-FR\",\"@id\":\"https:\/\/otakustyle08.com\/produit\/attrape-reve-superman\/#primaryimage\",\"url\":\"https:\/\/otakustyle08.com\/wp-content\/uploads\/2024\/07\/449604645_1085705982918968_1845117125635389137_n.jpg\",\"contentUrl\":\"https:\/\/otakustyle08.com\/wp-content\/uploads\/2024\/07\/449604645_1085705982918968_1845117125635389137_n.jpg\",\"width\":846,\"height\":1786},{\"@type\":\"BreadcrumbList\",\"@id\":\"https:\/\/otakustyle08.com\/produit\/attrape-reve-superman\/#breadcrumb\",\"itemListElement\":[{\"@type\":\"ListItem\",\"position\":1,\"name\":\"Accueil\",\"item\":\"https:\/\/otakustyle08.com\/\"},{\"@type\":\"ListItem\",\"position\":2,\"name\":\"Produits\",\"item\":\"https:\/\/otakustyle08.com\/shop\/\"},{\"@type\":\"ListItem\",\"position\":3,\"name\":\"Attrape r\u00eave Superman\"}]},{\"@type\":\"WebSite\",\"@id\":\"https:\/\/otakustyle08.com\/#website\",\"url\":\"https:\/\/otakustyle08.com\/\",\"name\":\"Otaku&#039;Style\",\"description\":\"\",\"potentialAction\":[{\"@type\":\"SearchAction\",\"target\":{\"@type\":\"EntryPoint\",\"urlTemplate\":\"https:\/\/otakustyle08.com\/?s={search_term_string}\"},\"query-input\":{\"@type\":\"PropertyValueSpecification\",\"valueRequired\":true,\"valueName\":\"search_term_string\"}}],\"inLanguage\":\"fr-FR\"}]}<\/script>\n<!-- \/ Yoast SEO Premium plugin. -->","yoast_head_json":{"title":"Attrape r\u00eave Superman - Otaku&#039;Style","robots":{"index":"index","follow":"follow","max-snippet":"max-snippet:-1","max-image-preview":"max-image-preview:large","max-video-preview":"max-video-preview:-1"},"canonical":"https:\/\/otakustyle08.com\/produit\/attrape-reve-superman\/","og_locale":"fr_FR","og_type":"article","og_title":"Attrape r\u00eave Superman","og_description":"Attrape-r\u00eaves Superman, 20 cm de diam\u00e8tre, fabriqu\u00e9 en laine, perles \u00e0 repasser et pompons.","og_url":"https:\/\/otakustyle08.com\/produit\/attrape-reve-superman\/","og_site_name":"Otaku&#039;Style","article_modified_time":"2024-07-12T12:43:30+00:00","twitter_card":"summary_large_image","twitter_misc":{"Dur\u00e9e de lecture estim\u00e9e":"1 minute"},"schema":{"@context":"https:\/\/schema.org","@graph":[{"@type":"WebPage","@id":"https:\/\/otakustyle08.com\/produit\/attrape-reve-superman\/","url":"https:\/\/otakustyle08.com\/produit\/attrape-reve-superman\/","name":"Attrape r\u00eave Superman - Otaku&#039;Style","isPartOf":{"@id":"https:\/\/otakustyle08.com\/#website"},"primaryImageOfPage":{"@id":"https:\/\/otakustyle08.com\/produit\/attrape-reve-superman\/#primaryimage"},"image":{"@id":"https:\/\/otakustyle08.com\/produit\/attrape-reve-superman\/#primaryimage"},"thumbnailUrl":"https:\/\/otakustyle08.com\/wp-content\/uploads\/2024\/07\/449604645_1085705982918968_1845117125635389137_n.jpg","datePublished":"2024-07-12T12:41:28+00:00","dateModified":"2024-07-12T12:43:30+00:00","breadcrumb":{"@id":"https:\/\/otakustyle08.com\/produit\/attrape-reve-superman\/#breadcrumb"},"inLanguage":"fr-FR","potentialAction":[{"@type":"ReadAction","target":["https:\/\/otakustyle08.com\/produit\/attrape-reve-superman\/"]}]},{"@type":"ImageObject","inLanguage":"fr-FR","@id":"https:\/\/otakustyle08.com\/produit\/attrape-reve-superman\/#primaryimage","url":"https:\/\/otakustyle08.com\/wp-content\/uploads\/2024\/07\/449604645_1085705982918968_1845117125635389137_n.jpg","contentUrl":"https:\/\/otakustyle08.com\/wp-content\/uploads\/2024\/07\/449604645_1085705982918968_1845117125635389137_n.jpg","width":846,"height":1786},{"@type":"BreadcrumbList","@id":"https:\/\/otakustyle08.com\/produit\/attrape-reve-superman\/#breadcrumb","itemListElement":[{"@type":"ListItem","position":1,"name":"Accueil","item":"https:\/\/otakustyle08.com\/"},{"@type":"ListItem","position":2,"name":"Produits","item":"https:\/\/otakustyle08.com\/shop\/"},{"@type":"ListItem","position":3,"name":"Attrape r\u00eave Superman"}]},{"@type":"WebSite","@id":"https:\/\/otakustyle08.com\/#website","url":"https:\/\/otakustyle08.com\/","name":"Otaku&#039;Style","description":"","potentialAction":[{"@type":"SearchAction","target":{"@type":"EntryPoint","urlTemplate":"https:\/\/otakustyle08.com\/?s={search_term_string}"},"query-input":{"@type":"PropertyValueSpecification","valueRequired":true,"valueName":"search_term_string"}}],"inLanguage":"fr-FR"}]}},"_links":{"self":[{"href":"https:\/\/otakustyle08.com\/index.php?rest_route=\/wp\/v2\/product\/5605","targetHints":{"allow":["GET"]}}],"collection":[{"href":"https:\/\/otakustyle08.com\/index.php?rest_route=\/wp\/v2\/product"}],"about":[{"href":"https:\/\/otakustyle08.com\/index.php?rest_route=\/wp\/v2\/types\/product"}],"replies":[{"embeddable":true,"href":"https:\/\/otakustyle08.com\/index.php?rest_route=%2Fwp%2Fv2%2Fcomments&post=5605"}],"version-history":[{"count":1,"href":"https:\/\/otakustyle08.com\/index.php?rest_route=\/wp\/v2\/product\/5605\/revisions"}],"predecessor-version":[{"id":5606,"href":"https:\/\/otakustyle08.com\/index.php?rest_route=\/wp\/v2\/product\/5605\/revisions\/5606"}],"wp:featuredmedia":[{"embeddable":true,"href":"https:\/\/otakustyle08.com\/index.php?rest_route=\/wp\/v2\/media\/5587"}],"wp:attachment":[{"href":"https:\/\/otakustyle08.com\/index.php?rest_route=%2Fwp%2Fv2%2Fmedia&parent=5605"}],"wp:term":[{"taxonomy":"product_brand","embeddable":true,"href":"https:\/\/otakustyle08.com\/index.php?rest_route=%2Fwp%2Fv2%2Fproduct_brand&post=5605"},{"taxonomy":"product_cat","embeddable":true,"href":"https:\/\/otakustyle08.com\/index.php?rest_route=%2Fwp%2Fv2%2Fproduct_cat&post=5605"},{"taxonomy":"product_tag","embeddable":true,"href":"https:\/\/otakustyle08.com\/index.php?rest_route=%2Fwp%2Fv2%2Fproduct_tag&post=5605"}],"curies":[{"name":"wp","href":"https:\/\/api.w.org\/{rel}","templated":true}]}}