{"id":5619,"date":"2024-07-12T15:04:24","date_gmt":"2024-07-12T13:04:24","guid":{"rendered":"https:\/\/otakustyle08.com\/?post_type=product&#038;p=5619"},"modified":"2024-07-12T15:06:44","modified_gmt":"2024-07-12T13:06:44","slug":"attrape-reve-cendrillon","status":"publish","type":"product","link":"https:\/\/otakustyle08.com\/?product=attrape-reve-cendrillon","title":{"rendered":"Attrape r\u00eave Cendrillon"},"content":{"rendered":"<p>Plongez dans un conte de f\u00e9es avec cet attrape-r\u00eaves Cendrillon. Mesurant 25 cm de diam\u00e8tre, cet attrape-r\u00eaves est con\u00e7u avec une attention particuli\u00e8re en laine douce, orn\u00e9 de perles \u00e0 repasser pour des d\u00e9tails enchanteurs et agr\u00e9ment\u00e9 de pompons pour une touche de gr\u00e2ce suppl\u00e9mentaire. Parfait pour les admirateurs de ce classique Disney, cet attrape-r\u00eaves ajoute non seulement une touche de magie \u00e0 votre d\u00e9coration, mais il est aussi fonctionnel en \u00e9loignant les mauvais r\u00eaves. Id\u00e9al pour une chambre d&#8217;enfant ou tout espace o\u00f9 la f\u00e9\u00e9rie est de mise, cet attrape-r\u00eaves Cendrillon est un cadeau id\u00e9al pour ravir les petits r\u00eaveurs et amateurs de contes de f\u00e9es.<\/p>\n","protected":false},"excerpt":{"rendered":"<p>Attrape-r\u00eaves Cendrillon, 25 cm de diam\u00e8tre, fabriqu\u00e9 en laine, perles \u00e0 repasser et pompons.<\/p>\n","protected":false},"featured_media":5581,"comment_status":"open","ping_status":"closed","template":"","meta":{"_EventAllDay":false,"_EventTimezone":"","_EventStartDate":"","_EventEndDate":"","_EventStartDateUTC":"","_EventEndDateUTC":"","_EventShowMap":false,"_EventShowMapLink":false,"_EventURL":"","_EventCost":"","_EventCostDescription":"","_EventCurrencySymbol":"","_EventCurrencyCode":"","_EventCurrencyPosition":"","_EventDateTimeSeparator":"","_EventTimeRangeSeparator":"","_EventOrganizerID":[],"_EventVenueID":[],"_OrganizerEmail":"","_OrganizerPhone":"","_OrganizerWebsite":"","_VenueAddress":"","_VenueCity":"","_VenueCountry":"","_VenueProvince":"","_VenueState":"","_VenueZip":"","_VenuePhone":"","_VenueURL":"","_VenueStateProvince":"","_VenueLat":"","_VenueLng":"","_VenueShowMap":false,"_VenueShowMapLink":false},"product_brand":[],"product_cat":[224],"product_tag":[],"class_list":{"0":"post-5619","1":"product","2":"type-product","3":"status-publish","4":"has-post-thumbnail","6":"product_cat-attrapes-reves","7":"product_shipping_class-0-250-kilo","9":"first","10":"instock","11":"taxable","12":"shipping-taxable","13":"purchasable","14":"product-type-simple"},"yoast_head":"<!-- This site is optimized with the Yoast SEO Premium plugin v22.2 (Yoast SEO v25.9) - https:\/\/yoast.com\/wordpress\/plugins\/seo\/ -->\n<title>Attrape r\u00eave Cendrillon - Otaku&#039;Style<\/title>\n<meta name=\"robots\" content=\"index, follow, max-snippet:-1, max-image-preview:large, max-video-preview:-1\" \/>\n<link rel=\"canonical\" href=\"https:\/\/otakustyle08.com\/produit\/attrape-reve-cendrillon\/\" \/>\n<meta property=\"og:locale\" content=\"fr_FR\" \/>\n<meta property=\"og:type\" content=\"article\" \/>\n<meta property=\"og:title\" content=\"Attrape r\u00eave Cendrillon\" \/>\n<meta property=\"og:description\" content=\"Attrape-r\u00eaves Cendrillon, 25 cm de diam\u00e8tre, fabriqu\u00e9 en laine, perles \u00e0 repasser et pompons.\" \/>\n<meta property=\"og:url\" content=\"https:\/\/otakustyle08.com\/produit\/attrape-reve-cendrillon\/\" \/>\n<meta property=\"og:site_name\" content=\"Otaku&#039;Style\" \/>\n<meta property=\"article:modified_time\" content=\"2024-07-12T13:06:44+00:00\" \/>\n<meta name=\"twitter:card\" content=\"summary_large_image\" \/>\n<meta name=\"twitter:label1\" content=\"Dur\u00e9e de lecture estim\u00e9e\" \/>\n\t<meta name=\"twitter:data1\" content=\"1 minute\" \/>\n<script type=\"application\/ld+json\" class=\"yoast-schema-graph\">{\"@context\":\"https:\/\/schema.org\",\"@graph\":[{\"@type\":\"WebPage\",\"@id\":\"https:\/\/otakustyle08.com\/produit\/attrape-reve-cendrillon\/\",\"url\":\"https:\/\/otakustyle08.com\/produit\/attrape-reve-cendrillon\/\",\"name\":\"Attrape r\u00eave Cendrillon - Otaku&#039;Style\",\"isPartOf\":{\"@id\":\"https:\/\/otakustyle08.com\/#website\"},\"primaryImageOfPage\":{\"@id\":\"https:\/\/otakustyle08.com\/produit\/attrape-reve-cendrillon\/#primaryimage\"},\"image\":{\"@id\":\"https:\/\/otakustyle08.com\/produit\/attrape-reve-cendrillon\/#primaryimage\"},\"thumbnailUrl\":\"https:\/\/otakustyle08.com\/wp-content\/uploads\/2024\/07\/449182413_445690104972527_6962381357896057369_n.jpg\",\"datePublished\":\"2024-07-12T13:04:24+00:00\",\"dateModified\":\"2024-07-12T13:06:44+00:00\",\"breadcrumb\":{\"@id\":\"https:\/\/otakustyle08.com\/produit\/attrape-reve-cendrillon\/#breadcrumb\"},\"inLanguage\":\"fr-FR\",\"potentialAction\":[{\"@type\":\"ReadAction\",\"target\":[\"https:\/\/otakustyle08.com\/produit\/attrape-reve-cendrillon\/\"]}]},{\"@type\":\"ImageObject\",\"inLanguage\":\"fr-FR\",\"@id\":\"https:\/\/otakustyle08.com\/produit\/attrape-reve-cendrillon\/#primaryimage\",\"url\":\"https:\/\/otakustyle08.com\/wp-content\/uploads\/2024\/07\/449182413_445690104972527_6962381357896057369_n.jpg\",\"contentUrl\":\"https:\/\/otakustyle08.com\/wp-content\/uploads\/2024\/07\/449182413_445690104972527_6962381357896057369_n.jpg\",\"width\":845,\"height\":1782},{\"@type\":\"BreadcrumbList\",\"@id\":\"https:\/\/otakustyle08.com\/produit\/attrape-reve-cendrillon\/#breadcrumb\",\"itemListElement\":[{\"@type\":\"ListItem\",\"position\":1,\"name\":\"Accueil\",\"item\":\"https:\/\/otakustyle08.com\/\"},{\"@type\":\"ListItem\",\"position\":2,\"name\":\"Produits\",\"item\":\"https:\/\/otakustyle08.com\/shop\/\"},{\"@type\":\"ListItem\",\"position\":3,\"name\":\"Attrape r\u00eave Cendrillon\"}]},{\"@type\":\"WebSite\",\"@id\":\"https:\/\/otakustyle08.com\/#website\",\"url\":\"https:\/\/otakustyle08.com\/\",\"name\":\"Otaku&#039;Style\",\"description\":\"\",\"potentialAction\":[{\"@type\":\"SearchAction\",\"target\":{\"@type\":\"EntryPoint\",\"urlTemplate\":\"https:\/\/otakustyle08.com\/?s={search_term_string}\"},\"query-input\":{\"@type\":\"PropertyValueSpecification\",\"valueRequired\":true,\"valueName\":\"search_term_string\"}}],\"inLanguage\":\"fr-FR\"}]}<\/script>\n<!-- \/ Yoast SEO Premium plugin. -->","yoast_head_json":{"title":"Attrape r\u00eave Cendrillon - Otaku&#039;Style","robots":{"index":"index","follow":"follow","max-snippet":"max-snippet:-1","max-image-preview":"max-image-preview:large","max-video-preview":"max-video-preview:-1"},"canonical":"https:\/\/otakustyle08.com\/produit\/attrape-reve-cendrillon\/","og_locale":"fr_FR","og_type":"article","og_title":"Attrape r\u00eave Cendrillon","og_description":"Attrape-r\u00eaves Cendrillon, 25 cm de diam\u00e8tre, fabriqu\u00e9 en laine, perles \u00e0 repasser et pompons.","og_url":"https:\/\/otakustyle08.com\/produit\/attrape-reve-cendrillon\/","og_site_name":"Otaku&#039;Style","article_modified_time":"2024-07-12T13:06:44+00:00","twitter_card":"summary_large_image","twitter_misc":{"Dur\u00e9e de lecture estim\u00e9e":"1 minute"},"schema":{"@context":"https:\/\/schema.org","@graph":[{"@type":"WebPage","@id":"https:\/\/otakustyle08.com\/produit\/attrape-reve-cendrillon\/","url":"https:\/\/otakustyle08.com\/produit\/attrape-reve-cendrillon\/","name":"Attrape r\u00eave Cendrillon - Otaku&#039;Style","isPartOf":{"@id":"https:\/\/otakustyle08.com\/#website"},"primaryImageOfPage":{"@id":"https:\/\/otakustyle08.com\/produit\/attrape-reve-cendrillon\/#primaryimage"},"image":{"@id":"https:\/\/otakustyle08.com\/produit\/attrape-reve-cendrillon\/#primaryimage"},"thumbnailUrl":"https:\/\/otakustyle08.com\/wp-content\/uploads\/2024\/07\/449182413_445690104972527_6962381357896057369_n.jpg","datePublished":"2024-07-12T13:04:24+00:00","dateModified":"2024-07-12T13:06:44+00:00","breadcrumb":{"@id":"https:\/\/otakustyle08.com\/produit\/attrape-reve-cendrillon\/#breadcrumb"},"inLanguage":"fr-FR","potentialAction":[{"@type":"ReadAction","target":["https:\/\/otakustyle08.com\/produit\/attrape-reve-cendrillon\/"]}]},{"@type":"ImageObject","inLanguage":"fr-FR","@id":"https:\/\/otakustyle08.com\/produit\/attrape-reve-cendrillon\/#primaryimage","url":"https:\/\/otakustyle08.com\/wp-content\/uploads\/2024\/07\/449182413_445690104972527_6962381357896057369_n.jpg","contentUrl":"https:\/\/otakustyle08.com\/wp-content\/uploads\/2024\/07\/449182413_445690104972527_6962381357896057369_n.jpg","width":845,"height":1782},{"@type":"BreadcrumbList","@id":"https:\/\/otakustyle08.com\/produit\/attrape-reve-cendrillon\/#breadcrumb","itemListElement":[{"@type":"ListItem","position":1,"name":"Accueil","item":"https:\/\/otakustyle08.com\/"},{"@type":"ListItem","position":2,"name":"Produits","item":"https:\/\/otakustyle08.com\/shop\/"},{"@type":"ListItem","position":3,"name":"Attrape r\u00eave Cendrillon"}]},{"@type":"WebSite","@id":"https:\/\/otakustyle08.com\/#website","url":"https:\/\/otakustyle08.com\/","name":"Otaku&#039;Style","description":"","potentialAction":[{"@type":"SearchAction","target":{"@type":"EntryPoint","urlTemplate":"https:\/\/otakustyle08.com\/?s={search_term_string}"},"query-input":{"@type":"PropertyValueSpecification","valueRequired":true,"valueName":"search_term_string"}}],"inLanguage":"fr-FR"}]}},"_links":{"self":[{"href":"https:\/\/otakustyle08.com\/index.php?rest_route=\/wp\/v2\/product\/5619","targetHints":{"allow":["GET"]}}],"collection":[{"href":"https:\/\/otakustyle08.com\/index.php?rest_route=\/wp\/v2\/product"}],"about":[{"href":"https:\/\/otakustyle08.com\/index.php?rest_route=\/wp\/v2\/types\/product"}],"replies":[{"embeddable":true,"href":"https:\/\/otakustyle08.com\/index.php?rest_route=%2Fwp%2Fv2%2Fcomments&post=5619"}],"version-history":[{"count":1,"href":"https:\/\/otakustyle08.com\/index.php?rest_route=\/wp\/v2\/product\/5619\/revisions"}],"predecessor-version":[{"id":5620,"href":"https:\/\/otakustyle08.com\/index.php?rest_route=\/wp\/v2\/product\/5619\/revisions\/5620"}],"wp:featuredmedia":[{"embeddable":true,"href":"https:\/\/otakustyle08.com\/index.php?rest_route=\/wp\/v2\/media\/5581"}],"wp:attachment":[{"href":"https:\/\/otakustyle08.com\/index.php?rest_route=%2Fwp%2Fv2%2Fmedia&parent=5619"}],"wp:term":[{"taxonomy":"product_brand","embeddable":true,"href":"https:\/\/otakustyle08.com\/index.php?rest_route=%2Fwp%2Fv2%2Fproduct_brand&post=5619"},{"taxonomy":"product_cat","embeddable":true,"href":"https:\/\/otakustyle08.com\/index.php?rest_route=%2Fwp%2Fv2%2Fproduct_cat&post=5619"},{"taxonomy":"product_tag","embeddable":true,"href":"https:\/\/otakustyle08.com\/index.php?rest_route=%2Fwp%2Fv2%2Fproduct_tag&post=5619"}],"curies":[{"name":"wp","href":"https:\/\/api.w.org\/{rel}","templated":true}]}}