{"id":706,"date":"2024-01-29T11:19:34","date_gmt":"2024-01-29T10:19:34","guid":{"rendered":"https:\/\/otakustyle08.com\/?post_type=product&#038;p=706"},"modified":"2024-08-11T20:15:11","modified_gmt":"2024-08-11T18:15:11","slug":"pikarale-pikachuarale","status":"publish","type":"product","link":"https:\/\/otakustyle08.com\/?product=pikarale-pikachuarale","title":{"rendered":"Pikaral\u00e9 (Pikachu+Aral\u00e9)"},"content":{"rendered":"<p>Plongez dans l&#8217;univers loufoque d&#8217;Aral\u00e9 avec notre dessin original de Pikachu rev\u00eatu du costume de cette andro\u00efde \u00e9nergique, dans une explosion de couleurs et de com\u00e9die. R\u00e9alis\u00e9e avec cr\u00e9ativit\u00e9 et passion, cette illustration unique apporte une touche de fantaisie et de rire \u00e0 toute collection. Disponible en version originale pour les collectionneurs d&#8217;art ou en impression A4\/A3 pour une d\u00e9coration murale qui \u00e9gayera votre espace. Ajoutez une dose de folie \u00e0 votre quotidien avec ce dessin captivant de Pikachu en cosplay d&#8217;Aral\u00e9 ! \u26a1\ud83c\udfa8<\/p>\n","protected":false},"excerpt":{"rendered":"<p>Dessin original de Pikachu en cosplay d&#8217;Aral\u00e9, une fusion hilarante de deux personnages embl\u00e9matiques ! Choisissez entre la version originale ou en print A4\/A3.<\/p>\n","protected":false},"featured_media":652,"comment_status":"open","ping_status":"closed","template":"","meta":{"_EventAllDay":false,"_EventTimezone":"","_EventStartDate":"","_EventEndDate":"","_EventStartDateUTC":"","_EventEndDateUTC":"","_EventShowMap":false,"_EventShowMapLink":false,"_EventURL":"","_EventCost":"","_EventCostDescription":"","_EventCurrencySymbol":"","_EventCurrencyCode":"","_EventCurrencyPosition":"","_EventDateTimeSeparator":"","_EventTimeRangeSeparator":"","_EventOrganizerID":[],"_EventVenueID":[],"_OrganizerEmail":"","_OrganizerPhone":"","_OrganizerWebsite":"","_VenueAddress":"","_VenueCity":"","_VenueCountry":"","_VenueProvince":"","_VenueState":"","_VenueZip":"","_VenuePhone":"","_VenueURL":"","_VenueStateProvince":"","_VenueLat":"","_VenueLng":"","_VenueShowMap":false,"_VenueShowMapLink":false},"product_brand":[],"product_cat":[62,58,45],"product_tag":[],"class_list":{"0":"post-706","1":"product","2":"type-product","3":"status-publish","4":"has-post-thumbnail","6":"product_cat-dr-slump","7":"product_cat-pikachu-cosplay","8":"product_cat-pokemon","10":"first","11":"instock","12":"taxable","13":"shipping-taxable","14":"purchasable","15":"product-type-variable","16":"has-default-attributes"},"yoast_head":"<!-- This site is optimized with the Yoast SEO Premium plugin v22.2 (Yoast SEO v25.9) - https:\/\/yoast.com\/wordpress\/plugins\/seo\/ -->\n<title>Pikaral\u00e9 (Pikachu+Aral\u00e9) - Otaku&#039;Style<\/title>\n<meta name=\"robots\" content=\"index, follow, max-snippet:-1, max-image-preview:large, max-video-preview:-1\" \/>\n<link rel=\"canonical\" href=\"https:\/\/otakustyle08.com\/produit\/pikarale-pikachuarale\/\" \/>\n<meta property=\"og:locale\" content=\"fr_FR\" \/>\n<meta property=\"og:type\" content=\"article\" \/>\n<meta property=\"og:title\" content=\"Pikaral\u00e9 (Pikachu+Aral\u00e9)\" \/>\n<meta property=\"og:description\" content=\"Dessin original de Pikachu en cosplay d&#039;Aral\u00e9, une fusion hilarante de deux personnages embl\u00e9matiques ! Choisissez entre la version originale ou en print A4\/A3.\" \/>\n<meta property=\"og:url\" content=\"https:\/\/otakustyle08.com\/produit\/pikarale-pikachuarale\/\" \/>\n<meta property=\"og:site_name\" content=\"Otaku&#039;Style\" \/>\n<meta property=\"article:modified_time\" content=\"2024-08-11T18:15:11+00:00\" \/>\n<meta property=\"og:image\" content=\"https:\/\/otakustyle08.com\/wp-content\/uploads\/2024\/01\/pikaralee-scaled.jpg\" \/>\n\t<meta property=\"og:image:width\" content=\"1812\" \/>\n\t<meta property=\"og:image:height\" content=\"2560\" \/>\n\t<meta property=\"og:image:type\" content=\"image\/jpeg\" \/>\n<meta name=\"twitter:card\" content=\"summary_large_image\" \/>\n<script type=\"application\/ld+json\" class=\"yoast-schema-graph\">{\"@context\":\"https:\/\/schema.org\",\"@graph\":[{\"@type\":\"WebPage\",\"@id\":\"https:\/\/otakustyle08.com\/produit\/pikarale-pikachuarale\/\",\"url\":\"https:\/\/otakustyle08.com\/produit\/pikarale-pikachuarale\/\",\"name\":\"Pikaral\u00e9 (Pikachu+Aral\u00e9) - Otaku&#039;Style\",\"isPartOf\":{\"@id\":\"https:\/\/otakustyle08.com\/#website\"},\"primaryImageOfPage\":{\"@id\":\"https:\/\/otakustyle08.com\/produit\/pikarale-pikachuarale\/#primaryimage\"},\"image\":{\"@id\":\"https:\/\/otakustyle08.com\/produit\/pikarale-pikachuarale\/#primaryimage\"},\"thumbnailUrl\":\"https:\/\/otakustyle08.com\/wp-content\/uploads\/2024\/01\/pikaralee-scaled.jpg\",\"datePublished\":\"2024-01-29T10:19:34+00:00\",\"dateModified\":\"2024-08-11T18:15:11+00:00\",\"breadcrumb\":{\"@id\":\"https:\/\/otakustyle08.com\/produit\/pikarale-pikachuarale\/#breadcrumb\"},\"inLanguage\":\"fr-FR\",\"potentialAction\":[{\"@type\":\"ReadAction\",\"target\":[\"https:\/\/otakustyle08.com\/produit\/pikarale-pikachuarale\/\"]}]},{\"@type\":\"ImageObject\",\"inLanguage\":\"fr-FR\",\"@id\":\"https:\/\/otakustyle08.com\/produit\/pikarale-pikachuarale\/#primaryimage\",\"url\":\"https:\/\/otakustyle08.com\/wp-content\/uploads\/2024\/01\/pikaralee-scaled.jpg\",\"contentUrl\":\"https:\/\/otakustyle08.com\/wp-content\/uploads\/2024\/01\/pikaralee-scaled.jpg\",\"width\":1812,\"height\":2560},{\"@type\":\"BreadcrumbList\",\"@id\":\"https:\/\/otakustyle08.com\/produit\/pikarale-pikachuarale\/#breadcrumb\",\"itemListElement\":[{\"@type\":\"ListItem\",\"position\":1,\"name\":\"Accueil\",\"item\":\"https:\/\/otakustyle08.com\/\"},{\"@type\":\"ListItem\",\"position\":2,\"name\":\"Produits\",\"item\":\"https:\/\/otakustyle08.com\/shop\/\"},{\"@type\":\"ListItem\",\"position\":3,\"name\":\"Pikaral\u00e9 (Pikachu+Aral\u00e9)\"}]},{\"@type\":\"WebSite\",\"@id\":\"https:\/\/otakustyle08.com\/#website\",\"url\":\"https:\/\/otakustyle08.com\/\",\"name\":\"Otaku&#039;Style\",\"description\":\"\",\"potentialAction\":[{\"@type\":\"SearchAction\",\"target\":{\"@type\":\"EntryPoint\",\"urlTemplate\":\"https:\/\/otakustyle08.com\/?s={search_term_string}\"},\"query-input\":{\"@type\":\"PropertyValueSpecification\",\"valueRequired\":true,\"valueName\":\"search_term_string\"}}],\"inLanguage\":\"fr-FR\"}]}<\/script>\n<!-- \/ Yoast SEO Premium plugin. -->","yoast_head_json":{"title":"Pikaral\u00e9 (Pikachu+Aral\u00e9) - Otaku&#039;Style","robots":{"index":"index","follow":"follow","max-snippet":"max-snippet:-1","max-image-preview":"max-image-preview:large","max-video-preview":"max-video-preview:-1"},"canonical":"https:\/\/otakustyle08.com\/produit\/pikarale-pikachuarale\/","og_locale":"fr_FR","og_type":"article","og_title":"Pikaral\u00e9 (Pikachu+Aral\u00e9)","og_description":"Dessin original de Pikachu en cosplay d'Aral\u00e9, une fusion hilarante de deux personnages embl\u00e9matiques ! Choisissez entre la version originale ou en print A4\/A3.","og_url":"https:\/\/otakustyle08.com\/produit\/pikarale-pikachuarale\/","og_site_name":"Otaku&#039;Style","article_modified_time":"2024-08-11T18:15:11+00:00","og_image":[{"width":1812,"height":2560,"url":"https:\/\/otakustyle08.com\/wp-content\/uploads\/2024\/01\/pikaralee-scaled.jpg","type":"image\/jpeg"}],"twitter_card":"summary_large_image","schema":{"@context":"https:\/\/schema.org","@graph":[{"@type":"WebPage","@id":"https:\/\/otakustyle08.com\/produit\/pikarale-pikachuarale\/","url":"https:\/\/otakustyle08.com\/produit\/pikarale-pikachuarale\/","name":"Pikaral\u00e9 (Pikachu+Aral\u00e9) - Otaku&#039;Style","isPartOf":{"@id":"https:\/\/otakustyle08.com\/#website"},"primaryImageOfPage":{"@id":"https:\/\/otakustyle08.com\/produit\/pikarale-pikachuarale\/#primaryimage"},"image":{"@id":"https:\/\/otakustyle08.com\/produit\/pikarale-pikachuarale\/#primaryimage"},"thumbnailUrl":"https:\/\/otakustyle08.com\/wp-content\/uploads\/2024\/01\/pikaralee-scaled.jpg","datePublished":"2024-01-29T10:19:34+00:00","dateModified":"2024-08-11T18:15:11+00:00","breadcrumb":{"@id":"https:\/\/otakustyle08.com\/produit\/pikarale-pikachuarale\/#breadcrumb"},"inLanguage":"fr-FR","potentialAction":[{"@type":"ReadAction","target":["https:\/\/otakustyle08.com\/produit\/pikarale-pikachuarale\/"]}]},{"@type":"ImageObject","inLanguage":"fr-FR","@id":"https:\/\/otakustyle08.com\/produit\/pikarale-pikachuarale\/#primaryimage","url":"https:\/\/otakustyle08.com\/wp-content\/uploads\/2024\/01\/pikaralee-scaled.jpg","contentUrl":"https:\/\/otakustyle08.com\/wp-content\/uploads\/2024\/01\/pikaralee-scaled.jpg","width":1812,"height":2560},{"@type":"BreadcrumbList","@id":"https:\/\/otakustyle08.com\/produit\/pikarale-pikachuarale\/#breadcrumb","itemListElement":[{"@type":"ListItem","position":1,"name":"Accueil","item":"https:\/\/otakustyle08.com\/"},{"@type":"ListItem","position":2,"name":"Produits","item":"https:\/\/otakustyle08.com\/shop\/"},{"@type":"ListItem","position":3,"name":"Pikaral\u00e9 (Pikachu+Aral\u00e9)"}]},{"@type":"WebSite","@id":"https:\/\/otakustyle08.com\/#website","url":"https:\/\/otakustyle08.com\/","name":"Otaku&#039;Style","description":"","potentialAction":[{"@type":"SearchAction","target":{"@type":"EntryPoint","urlTemplate":"https:\/\/otakustyle08.com\/?s={search_term_string}"},"query-input":{"@type":"PropertyValueSpecification","valueRequired":true,"valueName":"search_term_string"}}],"inLanguage":"fr-FR"}]}},"_links":{"self":[{"href":"https:\/\/otakustyle08.com\/index.php?rest_route=\/wp\/v2\/product\/706","targetHints":{"allow":["GET"]}}],"collection":[{"href":"https:\/\/otakustyle08.com\/index.php?rest_route=\/wp\/v2\/product"}],"about":[{"href":"https:\/\/otakustyle08.com\/index.php?rest_route=\/wp\/v2\/types\/product"}],"replies":[{"embeddable":true,"href":"https:\/\/otakustyle08.com\/index.php?rest_route=%2Fwp%2Fv2%2Fcomments&post=706"}],"version-history":[{"count":2,"href":"https:\/\/otakustyle08.com\/index.php?rest_route=\/wp\/v2\/product\/706\/revisions"}],"predecessor-version":[{"id":711,"href":"https:\/\/otakustyle08.com\/index.php?rest_route=\/wp\/v2\/product\/706\/revisions\/711"}],"wp:featuredmedia":[{"embeddable":true,"href":"https:\/\/otakustyle08.com\/index.php?rest_route=\/wp\/v2\/media\/652"}],"wp:attachment":[{"href":"https:\/\/otakustyle08.com\/index.php?rest_route=%2Fwp%2Fv2%2Fmedia&parent=706"}],"wp:term":[{"taxonomy":"product_brand","embeddable":true,"href":"https:\/\/otakustyle08.com\/index.php?rest_route=%2Fwp%2Fv2%2Fproduct_brand&post=706"},{"taxonomy":"product_cat","embeddable":true,"href":"https:\/\/otakustyle08.com\/index.php?rest_route=%2Fwp%2Fv2%2Fproduct_cat&post=706"},{"taxonomy":"product_tag","embeddable":true,"href":"https:\/\/otakustyle08.com\/index.php?rest_route=%2Fwp%2Fv2%2Fproduct_tag&post=706"}],"curies":[{"name":"wp","href":"https:\/\/api.w.org\/{rel}","templated":true}]}}