{"id":785,"date":"2024-01-29T12:29:06","date_gmt":"2024-01-29T11:29:06","guid":{"rendered":"https:\/\/otakustyle08.com\/?post_type=product&#038;p=785"},"modified":"2024-08-11T20:28:04","modified_gmt":"2024-08-11T18:28:04","slug":"pikachu","status":"publish","type":"product","link":"https:\/\/otakustyle08.com\/?product=pikachu","title":{"rendered":"Pikachu"},"content":{"rendered":"<p>Plongez dans un oc\u00e9an de couleurs avec notre dessin original de Pikachu, capturant toute la vivacit\u00e9 et le charme de ce c\u00e9l\u00e8bre Pok\u00e9mon. R\u00e9alis\u00e9e avec passion et pr\u00e9cision, cette illustration apporte une touche de joie \u00e0 toute collection. Disponible en version originale pour les collectionneurs d&#8217;art ou en impression A4\/A3 pour une d\u00e9coration murale qui illuminera votre espace. Ajoutez une dose de magie \u00e0 votre int\u00e9rieur avec ce captivant dessin de Pikachu en couleur ! \u26a1\ud83c\udf08\ud83c\udfa8<\/p>\n","protected":false},"excerpt":{"rendered":"<p>Dessin original de Pikachu en couleur, disponible en version originale ou en print A4\/A3.<\/p>\n","protected":false},"featured_media":667,"comment_status":"open","ping_status":"closed","template":"","meta":{"_EventAllDay":false,"_EventTimezone":"","_EventStartDate":"","_EventEndDate":"","_EventStartDateUTC":"","_EventEndDateUTC":"","_EventShowMap":false,"_EventShowMapLink":false,"_EventURL":"","_EventCost":"","_EventCostDescription":"","_EventCurrencySymbol":"","_EventCurrencyCode":"","_EventCurrencyPosition":"","_EventDateTimeSeparator":"","_EventTimeRangeSeparator":"","_EventOrganizerID":[],"_EventVenueID":[],"_OrganizerEmail":"","_OrganizerPhone":"","_OrganizerWebsite":"","_VenueAddress":"","_VenueCity":"","_VenueCountry":"","_VenueProvince":"","_VenueState":"","_VenueZip":"","_VenuePhone":"","_VenueURL":"","_VenueStateProvince":"","_VenueLat":"","_VenueLng":"","_VenueShowMap":false,"_VenueShowMapLink":false},"product_brand":[],"product_cat":[45],"product_tag":[],"class_list":{"0":"post-785","1":"product","2":"type-product","3":"status-publish","4":"has-post-thumbnail","6":"product_cat-pokemon","8":"first","9":"instock","10":"taxable","11":"shipping-taxable","12":"purchasable","13":"product-type-variable","14":"has-default-attributes"},"yoast_head":"<!-- This site is optimized with the Yoast SEO Premium plugin v22.2 (Yoast SEO v25.9) - https:\/\/yoast.com\/wordpress\/plugins\/seo\/ -->\n<title>Pikachu - Otaku&#039;Style<\/title>\n<meta name=\"robots\" content=\"index, follow, max-snippet:-1, max-image-preview:large, max-video-preview:-1\" \/>\n<link rel=\"canonical\" href=\"https:\/\/otakustyle08.com\/produit\/pikachu\/\" \/>\n<meta property=\"og:locale\" content=\"fr_FR\" \/>\n<meta property=\"og:type\" content=\"article\" \/>\n<meta property=\"og:title\" content=\"Pikachu\" \/>\n<meta property=\"og:description\" content=\"Dessin original de Pikachu en couleur, disponible en version originale ou en print A4\/A3.\" \/>\n<meta property=\"og:url\" content=\"https:\/\/otakustyle08.com\/produit\/pikachu\/\" \/>\n<meta property=\"og:site_name\" content=\"Otaku&#039;Style\" \/>\n<meta property=\"article:modified_time\" content=\"2024-08-11T18:28:04+00:00\" \/>\n<meta property=\"og:image\" content=\"https:\/\/otakustyle08.com\/wp-content\/uploads\/2024\/01\/pikachu-scaled.jpg\" \/>\n\t<meta property=\"og:image:width\" content=\"1809\" \/>\n\t<meta property=\"og:image:height\" content=\"2560\" \/>\n\t<meta property=\"og:image:type\" content=\"image\/jpeg\" \/>\n<meta name=\"twitter:card\" content=\"summary_large_image\" \/>\n<script type=\"application\/ld+json\" class=\"yoast-schema-graph\">{\"@context\":\"https:\/\/schema.org\",\"@graph\":[{\"@type\":\"WebPage\",\"@id\":\"https:\/\/otakustyle08.com\/produit\/pikachu\/\",\"url\":\"https:\/\/otakustyle08.com\/produit\/pikachu\/\",\"name\":\"Pikachu - Otaku&#039;Style\",\"isPartOf\":{\"@id\":\"https:\/\/otakustyle08.com\/#website\"},\"primaryImageOfPage\":{\"@id\":\"https:\/\/otakustyle08.com\/produit\/pikachu\/#primaryimage\"},\"image\":{\"@id\":\"https:\/\/otakustyle08.com\/produit\/pikachu\/#primaryimage\"},\"thumbnailUrl\":\"https:\/\/otakustyle08.com\/wp-content\/uploads\/2024\/01\/pikachu-scaled.jpg\",\"datePublished\":\"2024-01-29T11:29:06+00:00\",\"dateModified\":\"2024-08-11T18:28:04+00:00\",\"breadcrumb\":{\"@id\":\"https:\/\/otakustyle08.com\/produit\/pikachu\/#breadcrumb\"},\"inLanguage\":\"fr-FR\",\"potentialAction\":[{\"@type\":\"ReadAction\",\"target\":[\"https:\/\/otakustyle08.com\/produit\/pikachu\/\"]}]},{\"@type\":\"ImageObject\",\"inLanguage\":\"fr-FR\",\"@id\":\"https:\/\/otakustyle08.com\/produit\/pikachu\/#primaryimage\",\"url\":\"https:\/\/otakustyle08.com\/wp-content\/uploads\/2024\/01\/pikachu-scaled.jpg\",\"contentUrl\":\"https:\/\/otakustyle08.com\/wp-content\/uploads\/2024\/01\/pikachu-scaled.jpg\",\"width\":1809,\"height\":2560},{\"@type\":\"BreadcrumbList\",\"@id\":\"https:\/\/otakustyle08.com\/produit\/pikachu\/#breadcrumb\",\"itemListElement\":[{\"@type\":\"ListItem\",\"position\":1,\"name\":\"Accueil\",\"item\":\"https:\/\/otakustyle08.com\/\"},{\"@type\":\"ListItem\",\"position\":2,\"name\":\"Produits\",\"item\":\"https:\/\/otakustyle08.com\/shop\/\"},{\"@type\":\"ListItem\",\"position\":3,\"name\":\"Pikachu\"}]},{\"@type\":\"WebSite\",\"@id\":\"https:\/\/otakustyle08.com\/#website\",\"url\":\"https:\/\/otakustyle08.com\/\",\"name\":\"Otaku&#039;Style\",\"description\":\"\",\"potentialAction\":[{\"@type\":\"SearchAction\",\"target\":{\"@type\":\"EntryPoint\",\"urlTemplate\":\"https:\/\/otakustyle08.com\/?s={search_term_string}\"},\"query-input\":{\"@type\":\"PropertyValueSpecification\",\"valueRequired\":true,\"valueName\":\"search_term_string\"}}],\"inLanguage\":\"fr-FR\"}]}<\/script>\n<!-- \/ Yoast SEO Premium plugin. -->","yoast_head_json":{"title":"Pikachu - Otaku&#039;Style","robots":{"index":"index","follow":"follow","max-snippet":"max-snippet:-1","max-image-preview":"max-image-preview:large","max-video-preview":"max-video-preview:-1"},"canonical":"https:\/\/otakustyle08.com\/produit\/pikachu\/","og_locale":"fr_FR","og_type":"article","og_title":"Pikachu","og_description":"Dessin original de Pikachu en couleur, disponible en version originale ou en print A4\/A3.","og_url":"https:\/\/otakustyle08.com\/produit\/pikachu\/","og_site_name":"Otaku&#039;Style","article_modified_time":"2024-08-11T18:28:04+00:00","og_image":[{"width":1809,"height":2560,"url":"https:\/\/otakustyle08.com\/wp-content\/uploads\/2024\/01\/pikachu-scaled.jpg","type":"image\/jpeg"}],"twitter_card":"summary_large_image","schema":{"@context":"https:\/\/schema.org","@graph":[{"@type":"WebPage","@id":"https:\/\/otakustyle08.com\/produit\/pikachu\/","url":"https:\/\/otakustyle08.com\/produit\/pikachu\/","name":"Pikachu - Otaku&#039;Style","isPartOf":{"@id":"https:\/\/otakustyle08.com\/#website"},"primaryImageOfPage":{"@id":"https:\/\/otakustyle08.com\/produit\/pikachu\/#primaryimage"},"image":{"@id":"https:\/\/otakustyle08.com\/produit\/pikachu\/#primaryimage"},"thumbnailUrl":"https:\/\/otakustyle08.com\/wp-content\/uploads\/2024\/01\/pikachu-scaled.jpg","datePublished":"2024-01-29T11:29:06+00:00","dateModified":"2024-08-11T18:28:04+00:00","breadcrumb":{"@id":"https:\/\/otakustyle08.com\/produit\/pikachu\/#breadcrumb"},"inLanguage":"fr-FR","potentialAction":[{"@type":"ReadAction","target":["https:\/\/otakustyle08.com\/produit\/pikachu\/"]}]},{"@type":"ImageObject","inLanguage":"fr-FR","@id":"https:\/\/otakustyle08.com\/produit\/pikachu\/#primaryimage","url":"https:\/\/otakustyle08.com\/wp-content\/uploads\/2024\/01\/pikachu-scaled.jpg","contentUrl":"https:\/\/otakustyle08.com\/wp-content\/uploads\/2024\/01\/pikachu-scaled.jpg","width":1809,"height":2560},{"@type":"BreadcrumbList","@id":"https:\/\/otakustyle08.com\/produit\/pikachu\/#breadcrumb","itemListElement":[{"@type":"ListItem","position":1,"name":"Accueil","item":"https:\/\/otakustyle08.com\/"},{"@type":"ListItem","position":2,"name":"Produits","item":"https:\/\/otakustyle08.com\/shop\/"},{"@type":"ListItem","position":3,"name":"Pikachu"}]},{"@type":"WebSite","@id":"https:\/\/otakustyle08.com\/#website","url":"https:\/\/otakustyle08.com\/","name":"Otaku&#039;Style","description":"","potentialAction":[{"@type":"SearchAction","target":{"@type":"EntryPoint","urlTemplate":"https:\/\/otakustyle08.com\/?s={search_term_string}"},"query-input":{"@type":"PropertyValueSpecification","valueRequired":true,"valueName":"search_term_string"}}],"inLanguage":"fr-FR"}]}},"_links":{"self":[{"href":"https:\/\/otakustyle08.com\/index.php?rest_route=\/wp\/v2\/product\/785","targetHints":{"allow":["GET"]}}],"collection":[{"href":"https:\/\/otakustyle08.com\/index.php?rest_route=\/wp\/v2\/product"}],"about":[{"href":"https:\/\/otakustyle08.com\/index.php?rest_route=\/wp\/v2\/types\/product"}],"replies":[{"embeddable":true,"href":"https:\/\/otakustyle08.com\/index.php?rest_route=%2Fwp%2Fv2%2Fcomments&post=785"}],"version-history":[{"count":2,"href":"https:\/\/otakustyle08.com\/index.php?rest_route=\/wp\/v2\/product\/785\/revisions"}],"predecessor-version":[{"id":800,"href":"https:\/\/otakustyle08.com\/index.php?rest_route=\/wp\/v2\/product\/785\/revisions\/800"}],"wp:featuredmedia":[{"embeddable":true,"href":"https:\/\/otakustyle08.com\/index.php?rest_route=\/wp\/v2\/media\/667"}],"wp:attachment":[{"href":"https:\/\/otakustyle08.com\/index.php?rest_route=%2Fwp%2Fv2%2Fmedia&parent=785"}],"wp:term":[{"taxonomy":"product_brand","embeddable":true,"href":"https:\/\/otakustyle08.com\/index.php?rest_route=%2Fwp%2Fv2%2Fproduct_brand&post=785"},{"taxonomy":"product_cat","embeddable":true,"href":"https:\/\/otakustyle08.com\/index.php?rest_route=%2Fwp%2Fv2%2Fproduct_cat&post=785"},{"taxonomy":"product_tag","embeddable":true,"href":"https:\/\/otakustyle08.com\/index.php?rest_route=%2Fwp%2Fv2%2Fproduct_tag&post=785"}],"curies":[{"name":"wp","href":"https:\/\/api.w.org\/{rel}","templated":true}]}}